{"id":2853,"date":"2025-02-01T11:14:28","date_gmt":"2025-02-01T11:14:28","guid":{"rendered":"https:\/\/dolcejewellery.com\/product\/glossy-little-flower-earrings\/"},"modified":"2025-11-16T14:29:50","modified_gmt":"2025-11-16T13:29:50","slug":"glossy-little-flower-earrings","status":"publish","type":"product","link":"https:\/\/dolcejewellery.com\/fr\/produit\/glossy-little-flower-earrings\/","title":{"rendered":"Boucles d&#039;oreilles petites fleurs brillantes"},"content":{"rendered":"<h1><strong>Description et d\u00e9tails<\/strong><\/h1>\n<p><strong>Dolce Jewellery, Boucles d&#039;oreilles petites fleurs brillantes.<\/strong><\/p>\n<p>Vous n&#039;\u00eates peut-\u00eatre pas fan des fleurs, mais l\u00e0, c&#039;est diff\u00e9rent. Ces petites boucles d&#039;oreilles \u00e0 fleurs brillantes de Dolce Jewellery ont le pouvoir d&#039;illuminer vos looks. Un bouquet \u00e0 votre image.<\/p>\n<p>Disponible en deux couleurs : Argent et Or.<\/p>\n<p>Ces boucles d&#039;oreilles sont vendues par paire.<\/p>\n<p><strong>Type de produit :<\/strong> Boucles d&#039;oreilles \u00e0 tige<\/p>\n<p><strong>Nom du produit :\u00a0<\/strong>Boucles d&#039;oreilles petites fleurs brillantes<\/p>\n<p><strong>Mat\u00e9riel:\u00a0<\/strong>100% Argent sterling 925<\/p>\n<p><strong>Poids:\u00a0<\/strong>0,26 g<\/p>\n<p><strong>Article:\u00a0<\/strong>BKEJ124<\/p>\n<p><img loading=\"lazy\" decoding=\"async\" class=\"alignnone wp-image-7987 size-full\" src=\"https:\/\/dolcejewellery.com\/wp-content\/uploads\/2025\/02\/\u5c3a\u5bf8\u56fe-5.png\" alt=\"\" width=\"800\" height=\"800\" srcset=\"https:\/\/dolcejewellery.com\/wp-content\/uploads\/2025\/02\/\u5c3a\u5bf8\u56fe-5.png 800w, https:\/\/dolcejewellery.com\/wp-content\/uploads\/2025\/02\/\u5c3a\u5bf8\u56fe-5-300x300.png 300w, https:\/\/dolcejewellery.com\/wp-content\/uploads\/2025\/02\/\u5c3a\u5bf8\u56fe-5-150x150.png 150w, https:\/\/dolcejewellery.com\/wp-content\/uploads\/2025\/02\/\u5c3a\u5bf8\u56fe-5-768x768.png 768w, https:\/\/dolcejewellery.com\/wp-content\/uploads\/2025\/02\/\u5c3a\u5bf8\u56fe-5-600x600.png 600w, https:\/\/dolcejewellery.com\/wp-content\/uploads\/2025\/02\/\u5c3a\u5bf8\u56fe-5-100x100.png 100w\" sizes=\"auto, (max-width: 800px) 100vw, 800px\" \/><\/p>","protected":false},"excerpt":{"rendered":"<p>Description &amp; Details Dolce Jewellery, Glossy Little Flower Earrings. Maybe you&#8217;re not crazy about flowers but this is different. These glossy little flower stud earrings from Dolce Jewellery have the power to make your looks bloom. Your kind of bouquet. Available in two colors: Silver &amp; Gold. These earrings come as a pair. Product Type: [&#8230;]\n","protected":false},"featured_media":7984,"comment_status":"open","ping_status":"closed","template":"","meta":[],"product_brand":[],"product_cat":[34,29,38],"product_tag":[25],"class_list":{"0":"post-2853","1":"product","2":"type-product","3":"status-publish","4":"has-post-thumbnail","6":"product_cat-earrings","7":"product_cat-shop-all","8":"product_cat-stud-earrings","9":"product_tag-stud-earrings","11":"first","12":"instock","13":"shipping-taxable","14":"purchasable","15":"product-type-variable"},"_links":{"self":[{"href":"https:\/\/dolcejewellery.com\/fr\/wp-json\/wp\/v2\/product\/2853","targetHints":{"allow":["GET"]}}],"collection":[{"href":"https:\/\/dolcejewellery.com\/fr\/wp-json\/wp\/v2\/product"}],"about":[{"href":"https:\/\/dolcejewellery.com\/fr\/wp-json\/wp\/v2\/types\/product"}],"replies":[{"embeddable":true,"href":"https:\/\/dolcejewellery.com\/fr\/wp-json\/wp\/v2\/comments?post=2853"}],"wp:featuredmedia":[{"embeddable":true,"href":"https:\/\/dolcejewellery.com\/fr\/wp-json\/wp\/v2\/media\/7984"}],"wp:attachment":[{"href":"https:\/\/dolcejewellery.com\/fr\/wp-json\/wp\/v2\/media?parent=2853"}],"wp:term":[{"taxonomy":"product_brand","embeddable":true,"href":"https:\/\/dolcejewellery.com\/fr\/wp-json\/wp\/v2\/product_brand?post=2853"},{"taxonomy":"product_cat","embeddable":true,"href":"https:\/\/dolcejewellery.com\/fr\/wp-json\/wp\/v2\/product_cat?post=2853"},{"taxonomy":"product_tag","embeddable":true,"href":"https:\/\/dolcejewellery.com\/fr\/wp-json\/wp\/v2\/product_tag?post=2853"}],"curies":[{"name":"wp","href":"https:\/\/api.w.org\/{rel}","templated":true}]}}