{"id":2850,"date":"2025-02-01T11:14:28","date_gmt":"2025-02-01T11:14:28","guid":{"rendered":"https:\/\/dolcejewellery.com\/product\/glossy-charms-necklace\/"},"modified":"2025-11-16T14:24:50","modified_gmt":"2025-11-16T13:24:50","slug":"glossy-charms-necklace","status":"publish","type":"product","link":"https:\/\/dolcejewellery.com\/fr\/produit\/glossy-charms-necklace\/","title":{"rendered":"Collier \u00e0 breloques brillantes"},"content":{"rendered":"<h1><strong>Description et d\u00e9tails<\/strong><\/h1>\n<p><strong>Dolce Jewellery, Collier \u00e0 breloques brillantes.<\/strong><\/p>\n<p>Adoptez le charme de la simplicit\u00e9 avec le collier Glossy Charms, un accessoire tendance et \u00e9l\u00e9gant con\u00e7u pour les femmes et les adolescentes \u00e0 la pointe de la mode. Confectionn\u00e9 en argent sterling 925 de haute qualit\u00e9, ce collier est dot\u00e9 d&#039;une cha\u00eene d\u00e9licate orn\u00e9e de breloques disques brillantes, simples mais captivantes.<\/p>\n<p>Le design \u00e9pur\u00e9 et minimaliste de ce collier apporte une touche de sophistication chic \u00e0 toutes vos tenues. Les disques brillants cr\u00e9ent un scintillement subtil et captent la lumi\u00e8re, ajoutant une touche d&#039;\u00e9l\u00e9gance et de charme \u00e0 votre d\u00e9collet\u00e9.<\/p>\n<p>Le collier Glossy Charms est polyvalent et convient \u00e0 de nombreuses occasions, d&#039;une sortie d\u00e9contract\u00e9e \u00e0 une soir\u00e9e chic. Son charme intemporel en fait un accessoire indispensable pour sublimer votre style en toute simplicit\u00e9.<\/p>\n<p>Sublimez votre collection de bijoux avec le collier Glossy Charms de Dolce Jewellery. Con\u00e7u avec le plus grand soin, il allie simplicit\u00e9 et \u00e9l\u00e9gance. Affichez votre go\u00fbt raffin\u00e9 et apportez une touche de glamour \u00e0 vos tenues pour briller en toute occasion.<\/p>\n<p><strong>Type de produit : <\/strong>Colliers<\/p>\n<p><strong>Nom du produit :\u00a0<\/strong>Collier \u00e0 breloques brillantes<\/p>\n<p><strong>Mat\u00e9riel: <\/strong>100% Argent sterling 925<\/p>\n<p><strong>Longueur: <\/strong>44,5 cm (17,5 pouces), la longueur de la cha\u00eene peut \u00eatre allong\u00e9e d&#039;environ 5 cm (2 pouces)<\/p>\n<p><strong>Article:\u00a0<\/strong>BKXL149<\/p>\n<p><img decoding=\"async\" src=\"https:\/\/cdn.shopify.com\/s\/files\/1\/0559\/8819\/1417\/files\/e2722199-ace3-4f77-8151-ce6f8f59a4bd_480x480.png?v=1686939419\" alt=\"\" \/><\/p>","protected":false},"excerpt":{"rendered":"<p>Description &amp; Details Dolce Jewellery,\u00a0Glossy Charms Necklace. Embrace the allure of simplicity with the Glossy Charms Necklace, a fashionable and elegant accessory designed for women and fashion-forward teens. Crafted from high-quality 925 sterling silver, this necklace features a delicate chain adorned with simple, yet captivating, glossy disc charms. The sleek and minimalist design of the [&#8230;]\n","protected":false},"featured_media":6490,"comment_status":"open","ping_status":"closed","template":"","meta":[],"product_brand":[],"product_cat":[36,29],"product_tag":[],"class_list":{"0":"post-2850","1":"product","2":"type-product","3":"status-publish","4":"has-post-thumbnail","6":"product_cat-necklaces","7":"product_cat-shop-all","9":"first","10":"instock","11":"shipping-taxable","12":"purchasable","13":"product-type-variable"},"_links":{"self":[{"href":"https:\/\/dolcejewellery.com\/fr\/wp-json\/wp\/v2\/product\/2850","targetHints":{"allow":["GET"]}}],"collection":[{"href":"https:\/\/dolcejewellery.com\/fr\/wp-json\/wp\/v2\/product"}],"about":[{"href":"https:\/\/dolcejewellery.com\/fr\/wp-json\/wp\/v2\/types\/product"}],"replies":[{"embeddable":true,"href":"https:\/\/dolcejewellery.com\/fr\/wp-json\/wp\/v2\/comments?post=2850"}],"wp:featuredmedia":[{"embeddable":true,"href":"https:\/\/dolcejewellery.com\/fr\/wp-json\/wp\/v2\/media\/6490"}],"wp:attachment":[{"href":"https:\/\/dolcejewellery.com\/fr\/wp-json\/wp\/v2\/media?parent=2850"}],"wp:term":[{"taxonomy":"product_brand","embeddable":true,"href":"https:\/\/dolcejewellery.com\/fr\/wp-json\/wp\/v2\/product_brand?post=2850"},{"taxonomy":"product_cat","embeddable":true,"href":"https:\/\/dolcejewellery.com\/fr\/wp-json\/wp\/v2\/product_cat?post=2850"},{"taxonomy":"product_tag","embeddable":true,"href":"https:\/\/dolcejewellery.com\/fr\/wp-json\/wp\/v2\/product_tag?post=2850"}],"curies":[{"name":"wp","href":"https:\/\/api.w.org\/{rel}","templated":true}]}}