{"id":2840,"date":"2025-02-01T11:14:27","date_gmt":"2025-02-01T11:14:27","guid":{"rendered":"https:\/\/dolcejewellery.com\/product\/geometric-zircon-hoop-earrings\/"},"modified":"2025-11-16T15:24:58","modified_gmt":"2025-11-16T14:24:58","slug":"geometric-zircon-hoop-earrings","status":"publish","type":"product","link":"https:\/\/dolcejewellery.com\/fr\/produit\/geometric-zircon-hoop-earrings\/","title":{"rendered":"Boucles d&#039;oreilles cr\u00e9oles g\u00e9om\u00e9triques en zircon"},"content":{"rendered":"<h1><strong>Description et d\u00e9tails<\/strong><\/h1>\n<p><strong>Dolce Jewellery, Boucles d&#039;oreilles cr\u00e9oles g\u00e9om\u00e9triques en zircon.<\/strong><\/p>\n<p>Ces cr\u00e9oles ajouteront instantan\u00e9ment une touche d&#039;\u00e9clat \u00e0 votre tenue, que vous portiez un jean ou une petite robe noire. L\u00e9g\u00e8res, elles sont incrust\u00e9es de cristaux scintillants. Impossible de se tromper.<\/p>\n<p>Disponible en deux couleurs : Argent et Or.<\/p>\n<p>Ces boucles d&#039;oreilles sont vendues par paire.<\/p>\n<p><strong>Type de produit :<\/strong> Boucles d&#039;oreilles cr\u00e9oles<strong>\u00a0<\/strong><\/p>\n<p><strong>Nom du produit :\u00a0<\/strong>Boucles d&#039;oreilles cr\u00e9oles g\u00e9om\u00e9triques en zircon<\/p>\n<p><strong>Mat\u00e9riel:\u00a0<\/strong>100% Argent sterling 925<\/p>\n<p><strong>Poids: <\/strong>1,5 g<\/p>\n<p><strong>Article:\u00a0<\/strong>BKEJ231<\/p>\n<p><img loading=\"lazy\" decoding=\"async\" class=\"alignnone wp-image-8008 size-full\" src=\"https:\/\/dolcejewellery.com\/wp-content\/uploads\/2025\/02\/BKEJ231.png\" alt=\"\" width=\"780\" height=\"620\" srcset=\"https:\/\/dolcejewellery.com\/wp-content\/uploads\/2025\/02\/BKEJ231.png 780w, https:\/\/dolcejewellery.com\/wp-content\/uploads\/2025\/02\/BKEJ231-300x238.png 300w, https:\/\/dolcejewellery.com\/wp-content\/uploads\/2025\/02\/BKEJ231-768x610.png 768w\" sizes=\"auto, (max-width: 780px) 100vw, 780px\" \/><\/p>","protected":false},"excerpt":{"rendered":"<p>Description &amp; Details Dolce Jewellery, Geometric Zircon Hoop Earrings. These hoops will instantly add a little sparkle to your outfit, whether you&#8217;re wearing a pair of jeans or an LBD. Lightweight in feel, they&#8217;re encrusted with shimmering crystals. You simply can&#8217;t go wrong. Available in two colors: Silver &amp; Gold. These earrings come as a [&#8230;]\n","protected":false},"featured_media":8003,"comment_status":"open","ping_status":"closed","template":"","meta":[],"product_brand":[],"product_cat":[34,35,29],"product_tag":[27],"class_list":{"0":"post-2840","1":"product","2":"type-product","3":"status-publish","4":"has-post-thumbnail","6":"product_cat-earrings","7":"product_cat-hoop-earrings","8":"product_cat-shop-all","9":"product_tag-hoop-earrings","11":"first","12":"instock","13":"shipping-taxable","14":"purchasable","15":"product-type-variable"},"_links":{"self":[{"href":"https:\/\/dolcejewellery.com\/fr\/wp-json\/wp\/v2\/product\/2840","targetHints":{"allow":["GET"]}}],"collection":[{"href":"https:\/\/dolcejewellery.com\/fr\/wp-json\/wp\/v2\/product"}],"about":[{"href":"https:\/\/dolcejewellery.com\/fr\/wp-json\/wp\/v2\/types\/product"}],"replies":[{"embeddable":true,"href":"https:\/\/dolcejewellery.com\/fr\/wp-json\/wp\/v2\/comments?post=2840"}],"wp:featuredmedia":[{"embeddable":true,"href":"https:\/\/dolcejewellery.com\/fr\/wp-json\/wp\/v2\/media\/8003"}],"wp:attachment":[{"href":"https:\/\/dolcejewellery.com\/fr\/wp-json\/wp\/v2\/media?parent=2840"}],"wp:term":[{"taxonomy":"product_brand","embeddable":true,"href":"https:\/\/dolcejewellery.com\/fr\/wp-json\/wp\/v2\/product_brand?post=2840"},{"taxonomy":"product_cat","embeddable":true,"href":"https:\/\/dolcejewellery.com\/fr\/wp-json\/wp\/v2\/product_cat?post=2840"},{"taxonomy":"product_tag","embeddable":true,"href":"https:\/\/dolcejewellery.com\/fr\/wp-json\/wp\/v2\/product_tag?post=2840"}],"curies":[{"name":"wp","href":"https:\/\/api.w.org\/{rel}","templated":true}]}}