{"id":2838,"date":"2025-02-01T11:14:27","date_gmt":"2025-02-01T11:14:27","guid":{"rendered":"https:\/\/dolcejewellery.com\/product\/geometric-oval-pearl-necklace\/"},"modified":"2025-11-16T15:21:21","modified_gmt":"2025-11-16T14:21:21","slug":"geometric-oval-pearl-necklace","status":"publish","type":"product","link":"https:\/\/dolcejewellery.com\/fr\/produit\/geometric-oval-pearl-necklace\/","title":{"rendered":"Collier de perles ovales g\u00e9om\u00e9triques"},"content":{"rendered":"<h1><strong>Description et d\u00e9tails<\/strong><\/h1>\n<p><strong>Dolce Jewellery, Collier de perles ovales g\u00e9om\u00e9triques.<\/strong><\/p>\n<p>Les perles sont toujours de mise. Confectionn\u00e9 en argent sterling, ce collier dor\u00e9 orn\u00e9 de perles sign\u00e9 Dolce Jewellery s&#039;accordera parfaitement avec toutes vos tenues. Faites-nous confiance.<\/p>\n<p><strong>Type de produit : <\/strong>Colliers<\/p>\n<p><strong>Nom du produit : <\/strong>Collier de perles ovales g\u00e9om\u00e9triques<\/p>\n<p><strong>Type de perle :\u00a0<\/strong>Perle d&#039;eau douce baroque<\/p>\n<p><strong>Mat\u00e9riel: <\/strong>100% Argent sterling 925<\/p>\n<p><strong>Longueur: <\/strong>42 cm (16,5 pouces)<\/p>\n<p><strong>Article:\u00a0<\/strong>BKXL082<\/p>\n<p><img decoding=\"async\" src=\"https:\/\/cdn.shopify.com\/s\/files\/1\/0559\/8819\/1417\/files\/2fb6083e-c977-4ad5-9d4e-3f047e16fe9d_480x480.png?v=1628872817\" alt=\"\" \/><\/p>","protected":false},"excerpt":{"rendered":"<p>Description et d\u00e9tails Dolce Jewellery, Collier de perles ovales g\u00e9om\u00e9triques. Les perles sont toujours de mise. Fabriqu\u00e9 en argent sterling, ce collier dor\u00e9 orn\u00e9 de perles Dolce Jewellery s&#039;accordera parfaitement avec toutes vos tenues. Faites-nous confiance. Type de produit\u00a0: Colliers Nom du produit\u00a0: Collier de perles ovales g\u00e9om\u00e9triques Type de perle\u00a0: Perle d&#039;eau douce baroque Mat\u00e9riau\u00a0: Argent sterling 925 100% Longueur\u00a0: 42\u00a0cm (16,5\u00a0pouces) Article\u00a0: BKXL082<\/p>","protected":false},"featured_media":6495,"comment_status":"open","ping_status":"closed","template":"","meta":[],"product_brand":[],"product_cat":[36,29],"product_tag":[],"class_list":{"0":"post-2838","1":"product","2":"type-product","3":"status-publish","4":"has-post-thumbnail","6":"product_cat-necklaces","7":"product_cat-shop-all","9":"first","10":"instock","11":"shipping-taxable","12":"purchasable","13":"product-type-simple"},"_links":{"self":[{"href":"https:\/\/dolcejewellery.com\/fr\/wp-json\/wp\/v2\/product\/2838","targetHints":{"allow":["GET"]}}],"collection":[{"href":"https:\/\/dolcejewellery.com\/fr\/wp-json\/wp\/v2\/product"}],"about":[{"href":"https:\/\/dolcejewellery.com\/fr\/wp-json\/wp\/v2\/types\/product"}],"replies":[{"embeddable":true,"href":"https:\/\/dolcejewellery.com\/fr\/wp-json\/wp\/v2\/comments?post=2838"}],"wp:featuredmedia":[{"embeddable":true,"href":"https:\/\/dolcejewellery.com\/fr\/wp-json\/wp\/v2\/media\/6495"}],"wp:attachment":[{"href":"https:\/\/dolcejewellery.com\/fr\/wp-json\/wp\/v2\/media?parent=2838"}],"wp:term":[{"taxonomy":"product_brand","embeddable":true,"href":"https:\/\/dolcejewellery.com\/fr\/wp-json\/wp\/v2\/product_brand?post=2838"},{"taxonomy":"product_cat","embeddable":true,"href":"https:\/\/dolcejewellery.com\/fr\/wp-json\/wp\/v2\/product_cat?post=2838"},{"taxonomy":"product_tag","embeddable":true,"href":"https:\/\/dolcejewellery.com\/fr\/wp-json\/wp\/v2\/product_tag?post=2838"}],"curies":[{"name":"wp","href":"https:\/\/api.w.org\/{rel}","templated":true}]}}