{"id":2835,"date":"2025-02-01T11:14:27","date_gmt":"2025-02-01T11:14:27","guid":{"rendered":"https:\/\/dolcejewellery.com\/product\/geometric-oval-hoop-earrings\/"},"modified":"2025-11-16T15:18:14","modified_gmt":"2025-11-16T14:18:14","slug":"geometric-oval-hoop-earrings","status":"publish","type":"product","link":"https:\/\/dolcejewellery.com\/fr\/produit\/geometric-oval-hoop-earrings\/","title":{"rendered":"Boucles d&#039;oreilles cr\u00e9oles ovales g\u00e9om\u00e9triques"},"content":{"rendered":"<h1><strong>Description et d\u00e9tails<\/strong><\/h1>\n<p><strong>Dolce Jewellery, Boucles d&#039;oreilles cr\u00e9oles ovales g\u00e9om\u00e9triques.<\/strong><\/p>\n<p>\u00c0 quand remonte la derni\u00e8re fois o\u00f9 vous vous \u00eates offert un pr\u00e9cieux tr\u00e9sor\u00a0? Ornez vos oreilles de ces cr\u00e9oles ovales g\u00e9om\u00e9triques au fini poli sign\u00e9es Dolce Jewellery, qui apporteront une touche d&#039;\u00e9clat \u00e0 votre look. Vous ch\u00e9rirez cet accessoire pendant des ann\u00e9es.<\/p>\n<p>Disponible en deux couleurs : Argent et Or.<\/p>\n<p>Ces boucles d&#039;oreilles sont vendues par paire.<\/p>\n<p><strong>Type de produit :<\/strong> Boucles d&#039;oreilles cr\u00e9oles<\/p>\n<p><strong>Nom du produit :\u00a0<\/strong>Boucles d&#039;oreilles cr\u00e9oles ovales g\u00e9om\u00e9triques<\/p>\n<p><strong>Mat\u00e9riel:\u00a0<\/strong>100% Argent sterling 925<\/p>\n<p><strong>Poids:\u00a0<\/strong>2,13 g<\/p>\n<p><strong>Article:\u00a0<\/strong>MEJ044<\/p>\n<p><img loading=\"lazy\" decoding=\"async\" class=\"alignnone wp-image-8000 size-full\" src=\"https:\/\/dolcejewellery.com\/wp-content\/uploads\/2025\/02\/MEJ044.png\" alt=\"\" width=\"780\" height=\"620\" srcset=\"https:\/\/dolcejewellery.com\/wp-content\/uploads\/2025\/02\/MEJ044.png 780w, https:\/\/dolcejewellery.com\/wp-content\/uploads\/2025\/02\/MEJ044-300x238.png 300w, https:\/\/dolcejewellery.com\/wp-content\/uploads\/2025\/02\/MEJ044-768x610.png 768w\" sizes=\"auto, (max-width: 780px) 100vw, 780px\" \/><\/p>","protected":false},"excerpt":{"rendered":"<p>Description &amp; Details Dolce Jewellery, Geometric Oval Hoop Earrings. When was the last time that you treated yourself to a precious treasure? Adorn your ears with these polished finish geometric oval hoop earrings from Dolce Jewellery, that adds a pleasant shine to your look. You&#8217;ll cherish this accessory for years to come. Available in two [&#8230;]\n","protected":false},"featured_media":7988,"comment_status":"open","ping_status":"closed","template":"","meta":[],"product_brand":[],"product_cat":[34,35,29],"product_tag":[27],"class_list":{"0":"post-2835","1":"product","2":"type-product","3":"status-publish","4":"has-post-thumbnail","6":"product_cat-earrings","7":"product_cat-hoop-earrings","8":"product_cat-shop-all","9":"product_tag-hoop-earrings","11":"first","12":"instock","13":"shipping-taxable","14":"purchasable","15":"product-type-variable"},"_links":{"self":[{"href":"https:\/\/dolcejewellery.com\/fr\/wp-json\/wp\/v2\/product\/2835","targetHints":{"allow":["GET"]}}],"collection":[{"href":"https:\/\/dolcejewellery.com\/fr\/wp-json\/wp\/v2\/product"}],"about":[{"href":"https:\/\/dolcejewellery.com\/fr\/wp-json\/wp\/v2\/types\/product"}],"replies":[{"embeddable":true,"href":"https:\/\/dolcejewellery.com\/fr\/wp-json\/wp\/v2\/comments?post=2835"}],"wp:featuredmedia":[{"embeddable":true,"href":"https:\/\/dolcejewellery.com\/fr\/wp-json\/wp\/v2\/media\/7988"}],"wp:attachment":[{"href":"https:\/\/dolcejewellery.com\/fr\/wp-json\/wp\/v2\/media?parent=2835"}],"wp:term":[{"taxonomy":"product_brand","embeddable":true,"href":"https:\/\/dolcejewellery.com\/fr\/wp-json\/wp\/v2\/product_brand?post=2835"},{"taxonomy":"product_cat","embeddable":true,"href":"https:\/\/dolcejewellery.com\/fr\/wp-json\/wp\/v2\/product_cat?post=2835"},{"taxonomy":"product_tag","embeddable":true,"href":"https:\/\/dolcejewellery.com\/fr\/wp-json\/wp\/v2\/product_tag?post=2835"}],"curies":[{"name":"wp","href":"https:\/\/api.w.org\/{rel}","templated":true}]}}