{"id":2822,"date":"2025-02-01T11:14:26","date_gmt":"2025-02-01T11:14:26","guid":{"rendered":"https:\/\/dolcejewellery.com\/product\/garnet-glow-bracelet\/"},"modified":"2025-11-16T15:36:02","modified_gmt":"2025-11-16T14:36:02","slug":"garnet-glow-bracelet","status":"publish","type":"product","link":"https:\/\/dolcejewellery.com\/fr\/produit\/garnet-glow-bracelet\/","title":{"rendered":"Bracelet Grenat Glow"},"content":{"rendered":"<h1><strong>Description et d\u00e9tails<\/strong><\/h1>\n<p><strong>Dolce Jewellery, Bracelet Grenat Glow.<\/strong><\/p>\n<p>Sublimez votre style avec le superbe bracelet Garnet Glow de Dolce Jewellery. Fabriqu\u00e9 en argent sterling 925 v\u00e9ritable, ce bracelet pr\u00e9sente une superbe combinaison de perles de grenat de haute qualit\u00e9 et de maillons d\u00e9licats.<\/p>\n<p>Le point central du bracelet est constitu\u00e9 de magnifiques perles de grenat, d&#039;un rouge riche et vibrant. Soigneusement dispos\u00e9es le long de la cha\u00eene, elles apportent une touche d&#039;\u00e9l\u00e9gance et de sophistication au design. Des perles plus petites et chatoyantes viennent compl\u00e9ter les perles de grenat et orner gracieusement la cha\u00eene, cr\u00e9ant un m\u00e9lange harmonieux de textures.<\/p>\n<p>La longueur r\u00e9glable du bracelet assure un ajustement confortable et personnalis\u00e9, tandis que le fermoir s\u00e9curis\u00e9 garantit son maintien tout au long de la journ\u00e9e. Que vous participiez \u00e0 une f\u00eate, \u00e0 une occasion sp\u00e9ciale ou que vous ajoutiez simplement une touche de glamour \u00e0 votre look quotidien, le bracelet Garnet Glow est une pi\u00e8ce polyvalente qui sublimera n&#039;importe quelle tenue sans effort.<\/p>\n<p>Con\u00e7u avec une attention m\u00e9ticuleuse aux d\u00e9tails, le bracelet Garnet Glow de Dolce Jewellery t\u00e9moigne d&#039;un savoir-faire de qualit\u00e9. Son design intemporel et ses perles de grenat captivantes en font une pi\u00e8ce remarquable pour toute collection de bijoux.<\/p>\n<p>Faites-vous plaisir ou surprenez l&#039;\u00eatre aim\u00e9 avec le bracelet Garnet Glow de Dolce Jewellery. Adoptez son charme, laissez-le orner votre poignet et affirmez votre style par sa beaut\u00e9 exquise.<\/p>\n<p><strong>Type de produit : <\/strong>Bracelets<\/p>\n<p><strong>Nom du produit :\u00a0<\/strong>Bracelet Grenat Glow<\/p>\n<p><strong>Pierre:\u00a0<\/strong>Grenat<\/p>\n<p><strong>Mat\u00e9riel: <\/strong>100% Argent sterling 925<\/p>\n<p><strong>Longueur: <\/strong>La longueur du bracelet est de 16,5 cm (6,5 pouces), la longueur de la cha\u00eene d&#039;extension est de 3,5 cm (1,4 pouces)<\/p>\n<p><strong>Article:\u00a0<\/strong>BKSL021<\/p>\n<p><img decoding=\"async\" src=\"https:\/\/cdn.shopify.com\/s\/files\/1\/0559\/8819\/1417\/files\/aa23d7a9-8c72-4f9c-b6e8-985051d67e55_480x480.jpg?v=1690051848\" alt=\"\" \/><\/p>","protected":false},"excerpt":{"rendered":"<p>Description &amp; Details Dolce Jewellery,\u00a0Garnet Glow Bracelet. Elevate your style with the exquisite Garnet Glow Bracelet by Dolce Jewellery. Crafted from genuine 925 sterling silver, this bracelet showcases a stunning combination of high-quality garnet beads and delicate chain links. The focal point of the bracelet is the beautiful garnet beads, radiating a rich and vibrant [&#8230;]\n","protected":false},"featured_media":6918,"comment_status":"open","ping_status":"closed","template":"","meta":[],"product_brand":[],"product_cat":[31,29],"product_tag":[],"class_list":{"0":"post-2822","1":"product","2":"type-product","3":"status-publish","4":"has-post-thumbnail","6":"product_cat-bracelets","7":"product_cat-shop-all","9":"first","10":"instock","11":"shipping-taxable","12":"purchasable","13":"product-type-variable"},"_links":{"self":[{"href":"https:\/\/dolcejewellery.com\/fr\/wp-json\/wp\/v2\/product\/2822","targetHints":{"allow":["GET"]}}],"collection":[{"href":"https:\/\/dolcejewellery.com\/fr\/wp-json\/wp\/v2\/product"}],"about":[{"href":"https:\/\/dolcejewellery.com\/fr\/wp-json\/wp\/v2\/types\/product"}],"replies":[{"embeddable":true,"href":"https:\/\/dolcejewellery.com\/fr\/wp-json\/wp\/v2\/comments?post=2822"}],"wp:featuredmedia":[{"embeddable":true,"href":"https:\/\/dolcejewellery.com\/fr\/wp-json\/wp\/v2\/media\/6918"}],"wp:attachment":[{"href":"https:\/\/dolcejewellery.com\/fr\/wp-json\/wp\/v2\/media?parent=2822"}],"wp:term":[{"taxonomy":"product_brand","embeddable":true,"href":"https:\/\/dolcejewellery.com\/fr\/wp-json\/wp\/v2\/product_brand?post=2822"},{"taxonomy":"product_cat","embeddable":true,"href":"https:\/\/dolcejewellery.com\/fr\/wp-json\/wp\/v2\/product_cat?post=2822"},{"taxonomy":"product_tag","embeddable":true,"href":"https:\/\/dolcejewellery.com\/fr\/wp-json\/wp\/v2\/product_tag?post=2822"}],"curies":[{"name":"wp","href":"https:\/\/api.w.org\/{rel}","templated":true}]}}