{"id":2808,"date":"2025-02-01T11:14:25","date_gmt":"2025-02-01T11:14:25","guid":{"rendered":"https:\/\/dolcejewellery.com\/product\/floral-radiance-ring\/"},"modified":"2025-11-17T08:18:00","modified_gmt":"2025-11-17T07:18:00","slug":"floral-radiance-ring","status":"publish","type":"product","link":"https:\/\/dolcejewellery.com\/fr\/produit\/floral-radiance-ring\/","title":{"rendered":"Bague \u00c9clat Floral"},"content":{"rendered":"<h1><strong>Description et d\u00e9tails<\/strong><\/h1>\n<p><strong>Dolce Jewellery, Bague \u00c9clat Floral.<\/strong><\/p>\n<p>Rayonnez d&#039;\u00e9l\u00e9gance et de gr\u00e2ce avec notre bague Floral Radiance. Cette magnifique bague arbore trois fleurs d\u00e9licates, chacune orn\u00e9e de quatre p\u00e9tales en cristal de zircone scintillant. Son savoir-faire artisanal et son design raffin\u00e9 en font un bijou captivant.<\/p>\n<p>Les fleurs de la bague sont minutieusement travaill\u00e9es pour mettre en valeur la beaut\u00e9 et l&#039;\u00e9clat du cristal de zircone. Les p\u00e9tales facett\u00e9s captent la lumi\u00e8re, cr\u00e9ant un \u00e9clat envo\u00fbtant qui ne manquera pas de faire tourner les t\u00eates. Le motif floral incarne la beaut\u00e9, la f\u00e9minit\u00e9 et la gr\u00e2ce naturelle, faisant de cette bague un choix id\u00e9al pour celles qui appr\u00e9cient la d\u00e9licatesse des fleurs.<\/p>\n<p>Fabriqu\u00e9e \u00e0 partir de mat\u00e9riaux de haute qualit\u00e9, dont de l&#039;argent sterling 925 v\u00e9ritable, cette bague allie durabilit\u00e9 et \u00e9clat luxueux. Son anneau r\u00e9glable assure un ajustement confortable et vous permet de la porter facilement. Que ce soit pour une occasion sp\u00e9ciale ou au quotidien, la bague Floral Radiance ajoute une touche de sophistication et de glamour \u00e0 toutes vos tenues.<\/p>\n<p>Sublimez votre style avec la bague Floral Radiance de Dolce Jewellery. Son design raffin\u00e9 et l&#039;\u00e9clat \u00e9blouissant de ses cristaux de zircone en font une pi\u00e8ce exceptionnelle qui sublimera votre sens unique de la mode. Impr\u00e9gnez-vous de la beaut\u00e9 de la nature et laissez cette bague symboliser votre \u00e9l\u00e9gance et votre gr\u00e2ce.<\/p>\n<p><strong>Type de produit :\u00a0<\/strong>Bagues<\/p>\n<p><strong>Nom du produit :\u00a0<\/strong>Bague \u00c9clat Floral<\/p>\n<p><strong>Pierre:\u00a0<\/strong>Cristal de zircone<\/p>\n<p><strong>Mat\u00e9riel:\u00a0<\/strong>100% Argent sterling 925<\/p>\n<p><strong>Article:\u00a0<\/strong>BKJZ212<\/p>\n<p><img loading=\"lazy\" decoding=\"async\" class=\"alignnone\" src=\"https:\/\/cdn.shopify.com\/s\/files\/1\/0559\/8819\/1417\/files\/f7308e19-6323-470b-9475-653902d0d4f0_480x480.png?v=1690570935\" alt=\"\" width=\"480\" height=\"382\" \/><\/p>","protected":false},"excerpt":{"rendered":"<p>Description &amp; Details Dolce Jewellery,\u00a0Floral Radiance Ring. Radiate elegance and grace with our Floral Radiance Ring. This stunning ring features three delicate flowers, each adorned with four petals made of sparkling crystal zirconia. The intricate craftsmanship and exquisite design make it a captivating piece of jewellery. The flowers on the ring are meticulously crafted to [&#8230;]\n","protected":false},"featured_media":7303,"comment_status":"open","ping_status":"closed","template":"","meta":[],"product_brand":[],"product_cat":[37,29],"product_tag":[],"class_list":{"0":"post-2808","1":"product","2":"type-product","3":"status-publish","4":"has-post-thumbnail","6":"product_cat-rings","7":"product_cat-shop-all","9":"first","10":"instock","11":"shipping-taxable","12":"purchasable","13":"product-type-variable"},"_links":{"self":[{"href":"https:\/\/dolcejewellery.com\/fr\/wp-json\/wp\/v2\/product\/2808","targetHints":{"allow":["GET"]}}],"collection":[{"href":"https:\/\/dolcejewellery.com\/fr\/wp-json\/wp\/v2\/product"}],"about":[{"href":"https:\/\/dolcejewellery.com\/fr\/wp-json\/wp\/v2\/types\/product"}],"replies":[{"embeddable":true,"href":"https:\/\/dolcejewellery.com\/fr\/wp-json\/wp\/v2\/comments?post=2808"}],"wp:featuredmedia":[{"embeddable":true,"href":"https:\/\/dolcejewellery.com\/fr\/wp-json\/wp\/v2\/media\/7303"}],"wp:attachment":[{"href":"https:\/\/dolcejewellery.com\/fr\/wp-json\/wp\/v2\/media?parent=2808"}],"wp:term":[{"taxonomy":"product_brand","embeddable":true,"href":"https:\/\/dolcejewellery.com\/fr\/wp-json\/wp\/v2\/product_brand?post=2808"},{"taxonomy":"product_cat","embeddable":true,"href":"https:\/\/dolcejewellery.com\/fr\/wp-json\/wp\/v2\/product_cat?post=2808"},{"taxonomy":"product_tag","embeddable":true,"href":"https:\/\/dolcejewellery.com\/fr\/wp-json\/wp\/v2\/product_tag?post=2808"}],"curies":[{"name":"wp","href":"https:\/\/api.w.org\/{rel}","templated":true}]}}