{"id":2805,"date":"2025-02-01T11:14:25","date_gmt":"2025-02-01T11:14:25","guid":{"rendered":"https:\/\/dolcejewellery.com\/product\/flight-of-elegance-bracelet\/"},"modified":"2025-11-17T08:15:06","modified_gmt":"2025-11-17T07:15:06","slug":"flight-of-elegance-bracelet","status":"publish","type":"product","link":"https:\/\/dolcejewellery.com\/fr\/produit\/flight-of-elegance-bracelet\/","title":{"rendered":"Bracelet Vol d&#039;\u00c9l\u00e9gance"},"content":{"rendered":"<h1><strong>Description et d\u00e9tails<\/strong><\/h1>\n<p><strong>Dolce Jewellery, Bracelet Vol d&#039;\u00c9l\u00e9gance.<\/strong><\/p>\n<p>Sublimez votre style avec le bracelet Flight of Elegance. Confectionn\u00e9 en argent sterling 925 v\u00e9ritable, ce bracelet d\u00e9gage une impression de luxe et de sophistication.<\/p>\n<p>La pi\u00e8ce ma\u00eetresse de ce bracelet est un charm avion au design complexe, orn\u00e9 de zircons scintillants. Il apporte une touche de glamour et refl\u00e8te votre passion pour les voyages et l&#039;aventure. Le charm est gracieusement suspendu \u00e0 une cha\u00eene \u00e0 maillons d\u00e9licats, ce qui renforce son \u00e9l\u00e9gance.<\/p>\n<p>Con\u00e7u pour les femmes qui appr\u00e9cient les accessoires uniques, ce bracelet est id\u00e9al \u00e0 offrir ou \u00e0 s&#039;offrir. Son design intemporel le rend id\u00e9al pour de nombreuses occasions, des sorties d\u00e9contract\u00e9es aux \u00e9v\u00e9nements plus formels.<\/p>\n<p>La longueur r\u00e9glable permet un ajustement confortable et personnalis\u00e9, tandis que le fermoir s\u00e9curis\u00e9 assure un maintien parfait du bracelet. Cet accessoire tendance apportera une touche d&#039;\u00e9l\u00e9gance \u00e0 votre poignet sans effort.<\/p>\n<p>D\u00e9couvrez la beaut\u00e9 et le style du bracelet Flight of Elegance. Exprimez votre amour du voyage et de l&#039;artisanat raffin\u00e9 avec ce magnifique bijou sign\u00e9 Dolce Jewellery.<\/p>\n<p><strong>Type de produit : <\/strong>Bracelets<\/p>\n<p><strong>Nom du produit :\u00a0<\/strong>Bracelet Vol d&#039;\u00c9l\u00e9gance<\/p>\n<p><strong>Pierre: <\/strong>Zircon<\/p>\n<p><strong>Mat\u00e9riel: <\/strong>100% Argent sterling 925<\/p>\n<p><strong>Longueur: <\/strong>La longueur du bracelet est de 15,5 cm (6,1 pouces), la longueur de la cha\u00eene d&#039;extension est de 2,5 cm (1 pouce)<\/p>\n<p><strong>Article:\u00a0<\/strong>BKSL002<\/p>\n<p><img loading=\"lazy\" decoding=\"async\" class=\"alignnone wp-image-6928 size-full\" src=\"https:\/\/dolcejewellery.com\/wp-content\/uploads\/2025\/02\/BKSL002.png\" alt=\"\" width=\"800\" height=\"800\" srcset=\"https:\/\/dolcejewellery.com\/wp-content\/uploads\/2025\/02\/BKSL002.png 800w, https:\/\/dolcejewellery.com\/wp-content\/uploads\/2025\/02\/BKSL002-300x300.png 300w, https:\/\/dolcejewellery.com\/wp-content\/uploads\/2025\/02\/BKSL002-150x150.png 150w, https:\/\/dolcejewellery.com\/wp-content\/uploads\/2025\/02\/BKSL002-768x768.png 768w, https:\/\/dolcejewellery.com\/wp-content\/uploads\/2025\/02\/BKSL002-600x600.png 600w, https:\/\/dolcejewellery.com\/wp-content\/uploads\/2025\/02\/BKSL002-100x100.png 100w\" sizes=\"auto, (max-width: 800px) 100vw, 800px\" \/><\/p>","protected":false},"excerpt":{"rendered":"<p>Description &amp; Details Dolce Jewellery,\u00a0Flight of Elegance Bracelet. Elevate your style with the Flight of Elegance Bracelet. Crafted from genuine 925 sterling silver, this bracelet exudes a sense of luxury and sophistication. The centerpiece of this bracelet is the intricately designed airplane charm, adorned with sparkling zircon stones. It adds a touch of glamour and [&#8230;]\n","protected":false},"featured_media":6923,"comment_status":"open","ping_status":"closed","template":"","meta":[],"product_brand":[],"product_cat":[31,29],"product_tag":[],"class_list":{"0":"post-2805","1":"product","2":"type-product","3":"status-publish","4":"has-post-thumbnail","6":"product_cat-bracelets","7":"product_cat-shop-all","9":"first","10":"instock","11":"shipping-taxable","12":"purchasable","13":"product-type-simple"},"_links":{"self":[{"href":"https:\/\/dolcejewellery.com\/fr\/wp-json\/wp\/v2\/product\/2805","targetHints":{"allow":["GET"]}}],"collection":[{"href":"https:\/\/dolcejewellery.com\/fr\/wp-json\/wp\/v2\/product"}],"about":[{"href":"https:\/\/dolcejewellery.com\/fr\/wp-json\/wp\/v2\/types\/product"}],"replies":[{"embeddable":true,"href":"https:\/\/dolcejewellery.com\/fr\/wp-json\/wp\/v2\/comments?post=2805"}],"wp:featuredmedia":[{"embeddable":true,"href":"https:\/\/dolcejewellery.com\/fr\/wp-json\/wp\/v2\/media\/6923"}],"wp:attachment":[{"href":"https:\/\/dolcejewellery.com\/fr\/wp-json\/wp\/v2\/media?parent=2805"}],"wp:term":[{"taxonomy":"product_brand","embeddable":true,"href":"https:\/\/dolcejewellery.com\/fr\/wp-json\/wp\/v2\/product_brand?post=2805"},{"taxonomy":"product_cat","embeddable":true,"href":"https:\/\/dolcejewellery.com\/fr\/wp-json\/wp\/v2\/product_cat?post=2805"},{"taxonomy":"product_tag","embeddable":true,"href":"https:\/\/dolcejewellery.com\/fr\/wp-json\/wp\/v2\/product_tag?post=2805"}],"curies":[{"name":"wp","href":"https:\/\/api.w.org\/{rel}","templated":true}]}}