{"id":2800,"date":"2025-02-01T11:14:24","date_gmt":"2025-02-01T11:14:24","guid":{"rendered":"https:\/\/dolcejewellery.com\/product\/fine-u-shaped-ear-bone-clips\/"},"modified":"2025-11-17T08:24:54","modified_gmt":"2025-11-17T07:24:54","slug":"fine-u-shaped-ear-bone-clips","status":"publish","type":"product","link":"https:\/\/dolcejewellery.com\/fr\/produit\/fine-u-shaped-ear-bone-clips\/","title":{"rendered":"Clips d&#039;oreille fins en forme de U"},"content":{"rendered":"<h1><strong>Description et d\u00e9tails<\/strong><\/h1>\n<p><strong>Dolce Jewellery, Clips d&#039;oreille fins en forme de U.<\/strong><\/p>\n<p>Les premi\u00e8res impressions sont les plus marquantes. Fabriqu\u00e9es en argent sterling et orn\u00e9es de cristaux, ces boucles d&#039;oreilles \u00e0 clip sign\u00e9es Dolce Jewellery feront assur\u00e9ment sensation. Faites-en une r\u00e9alit\u00e9.<\/p>\n<p>Disponible en deux couleurs : Argent et Or.<\/p>\n<p>Ces boucles d&#039;oreilles sont vendues par paire.<\/p>\n<p><strong>Type de produit :<\/strong> Boucles d&#039;oreilles \u00e0 clip<\/p>\n<p><strong>Nom du produit :\u00a0<\/strong>Clips d&#039;oreille fins en forme de U<\/p>\n<p><strong>Pierre: <\/strong>Zircon<\/p>\n<p><strong>Mat\u00e9riel:\u00a0<\/strong>100% Argent sterling 925<\/p>\n<p><strong>Poids : <\/strong>1,32 g (uniquement C), 1,04 g (C avec A)<\/p>\n<p><strong>Article:\u00a0<\/strong>MEJ066<\/p>\n<p><img loading=\"lazy\" decoding=\"async\" class=\"alignnone wp-image-8023 size-full\" src=\"https:\/\/dolcejewellery.com\/wp-content\/uploads\/2025\/02\/\u00a6\u00af\u00a6th-1.jpg\" alt=\"\" width=\"800\" height=\"800\" srcset=\"https:\/\/dolcejewellery.com\/wp-content\/uploads\/2025\/02\/\u00a6\u00af\u00a6th-1.jpg 800w, https:\/\/dolcejewellery.com\/wp-content\/uploads\/2025\/02\/\u00a6\u00af\u00a6th-1-300x300.jpg 300w, https:\/\/dolcejewellery.com\/wp-content\/uploads\/2025\/02\/\u00a6\u00af\u00a6th-1-150x150.jpg 150w, https:\/\/dolcejewellery.com\/wp-content\/uploads\/2025\/02\/\u00a6\u00af\u00a6th-1-768x768.jpg 768w, https:\/\/dolcejewellery.com\/wp-content\/uploads\/2025\/02\/\u00a6\u00af\u00a6th-1-600x600.jpg 600w, https:\/\/dolcejewellery.com\/wp-content\/uploads\/2025\/02\/\u00a6\u00af\u00a6th-1-100x100.jpg 100w\" sizes=\"auto, (max-width: 800px) 100vw, 800px\" \/><\/p>\n<p><img loading=\"lazy\" decoding=\"async\" class=\"alignnone wp-image-8024 size-full\" src=\"https:\/\/dolcejewellery.com\/wp-content\/uploads\/2025\/02\/\u00a6\u00af\u00a6th-2.jpg\" alt=\"\" width=\"800\" height=\"800\" srcset=\"https:\/\/dolcejewellery.com\/wp-content\/uploads\/2025\/02\/\u00a6\u00af\u00a6th-2.jpg 800w, https:\/\/dolcejewellery.com\/wp-content\/uploads\/2025\/02\/\u00a6\u00af\u00a6th-2-300x300.jpg 300w, https:\/\/dolcejewellery.com\/wp-content\/uploads\/2025\/02\/\u00a6\u00af\u00a6th-2-150x150.jpg 150w, https:\/\/dolcejewellery.com\/wp-content\/uploads\/2025\/02\/\u00a6\u00af\u00a6th-2-768x768.jpg 768w, https:\/\/dolcejewellery.com\/wp-content\/uploads\/2025\/02\/\u00a6\u00af\u00a6th-2-600x600.jpg 600w, https:\/\/dolcejewellery.com\/wp-content\/uploads\/2025\/02\/\u00a6\u00af\u00a6th-2-100x100.jpg 100w\" sizes=\"auto, (max-width: 800px) 100vw, 800px\" \/><\/p>","protected":false},"excerpt":{"rendered":"<p>Description &amp; Details Dolce Jewellery, Fine U-shaped Ear Bone Clips. First impressions are the most lasting. Constructed from sterling silver and crystal-embellished, these clip on earrings from Dolce Jewellery can for sure cause a cool one. Make it happen. Available in two colors: Silver &amp; Gold. These earrings come as a pair. Product Type: Clip [&#8230;]\n","protected":false},"featured_media":8011,"comment_status":"open","ping_status":"closed","template":"","meta":[],"product_brand":[],"product_cat":[32,34,29],"product_tag":[26],"class_list":{"0":"post-2800","1":"product","2":"type-product","3":"status-publish","4":"has-post-thumbnail","6":"product_cat-clip-on-earrings","7":"product_cat-earrings","8":"product_cat-shop-all","9":"product_tag-clip-on-earrings","11":"first","12":"instock","13":"shipping-taxable","14":"purchasable","15":"product-type-variable"},"_links":{"self":[{"href":"https:\/\/dolcejewellery.com\/fr\/wp-json\/wp\/v2\/product\/2800","targetHints":{"allow":["GET"]}}],"collection":[{"href":"https:\/\/dolcejewellery.com\/fr\/wp-json\/wp\/v2\/product"}],"about":[{"href":"https:\/\/dolcejewellery.com\/fr\/wp-json\/wp\/v2\/types\/product"}],"replies":[{"embeddable":true,"href":"https:\/\/dolcejewellery.com\/fr\/wp-json\/wp\/v2\/comments?post=2800"}],"wp:featuredmedia":[{"embeddable":true,"href":"https:\/\/dolcejewellery.com\/fr\/wp-json\/wp\/v2\/media\/8011"}],"wp:attachment":[{"href":"https:\/\/dolcejewellery.com\/fr\/wp-json\/wp\/v2\/media?parent=2800"}],"wp:term":[{"taxonomy":"product_brand","embeddable":true,"href":"https:\/\/dolcejewellery.com\/fr\/wp-json\/wp\/v2\/product_brand?post=2800"},{"taxonomy":"product_cat","embeddable":true,"href":"https:\/\/dolcejewellery.com\/fr\/wp-json\/wp\/v2\/product_cat?post=2800"},{"taxonomy":"product_tag","embeddable":true,"href":"https:\/\/dolcejewellery.com\/fr\/wp-json\/wp\/v2\/product_tag?post=2800"}],"curies":[{"name":"wp","href":"https:\/\/api.w.org\/{rel}","templated":true}]}}