{"id":2782,"date":"2025-02-01T11:14:22","date_gmt":"2025-02-01T11:14:22","guid":{"rendered":"https:\/\/dolcejewellery.com\/product\/enchanting-dragonfly-ring\/"},"modified":"2025-11-17T08:34:59","modified_gmt":"2025-11-17T07:34:59","slug":"enchanting-dragonfly-ring","status":"publish","type":"product","link":"https:\/\/dolcejewellery.com\/fr\/produit\/enchanting-dragonfly-ring\/","title":{"rendered":"Bague libellule enchanteresse"},"content":{"rendered":"<h1><strong>Description et d\u00e9tails<\/strong><\/h1>\n<p><strong>Dolce Jewellery, Bague Libellule Enchanteresse.<\/strong><\/p>\n<p>Entrez dans un monde enchanteur avec notre bague Libellule Enchant\u00e9e. Cette bague exquise arbore un motif de libellule captivant, empreint de beaut\u00e9 et de gr\u00e2ce.<\/p>\n<p>La libellule, orn\u00e9e de zircons scintillants, apporte une touche d&#039;\u00e9clat et d&#039;\u00e9l\u00e9gance \u00e0 la bague. Chaque pierre est soigneusement s\u00e9lectionn\u00e9e pour sublimer les d\u00e9tails complexes du corps de la libellule, cr\u00e9ant un effet visuel fascinant.<\/p>\n<p>L&#039;opale ronde sertie sur l&#039;anneau ajoute \u00e0 l&#039;attrait de la bague. Avec son jeu de couleurs captivant, l&#039;opale conf\u00e8re au design une touche d&#039;enchantement et de myst\u00e8re. Sa beaut\u00e9 iris\u00e9e s&#039;harmonise parfaitement avec la libellule, cr\u00e9ant ainsi une combinaison harmonieuse et captivante.<\/p>\n<p>Fabriqu\u00e9e \u00e0 partir de mat\u00e9riaux de haute qualit\u00e9, dont de l&#039;argent sterling 925 v\u00e9ritable, la bague Libellule Enchanteresse allie durabilit\u00e9 et beaut\u00e9. Son anneau est con\u00e7u pour un confort optimal et un ajustement parfait, vous permettant de la porter facilement tout au long de la journ\u00e9e.<\/p>\n<p>Que vous participiez \u00e0 un \u00e9v\u00e9nement sp\u00e9cial ou souhaitiez simplement ajouter une touche de fantaisie et d&#039;\u00e9l\u00e9gance \u00e0 votre look quotidien, la bague Libellule Enchant\u00e9e est l&#039;accessoire id\u00e9al. Elle capture l&#039;essence de la beaut\u00e9 de la nature et symbolise la transformation et l&#039;adaptabilit\u00e9.<\/p>\n<p>Laissez-vous s\u00e9duire par la magie de la libellule et le charme captivant de l&#039;opale avec la bague Libellule Enchant\u00e9e de Dolce Jewellery. Son design complexe et son savoir-faire exquis refl\u00e8tent votre style unique et votre amour des merveilles de la nature.<\/p>\n<p><strong>Type de produit :\u00a0<\/strong>Bagues<\/p>\n<p><strong>Nom du produit :\u00a0<\/strong>Bague libellule enchanteresse<\/p>\n<p><strong>Pierre: <\/strong>Zircon, Opale<\/p>\n<p><strong>Mat\u00e9riel:\u00a0<\/strong>100% Argent sterling 925<\/p>\n<p><strong>Article:\u00a0<\/strong>BKJZ050<\/p>\n<p><img loading=\"lazy\" decoding=\"async\" class=\"alignnone\" src=\"https:\/\/cdn.shopify.com\/s\/files\/1\/0559\/8819\/1417\/files\/7e651bcd-e5a7-4b61-a241-3b71bdc175da_480x480.png?v=1690384778\" alt=\"\" width=\"480\" height=\"382\" \/><\/p>","protected":false},"excerpt":{"rendered":"<p>Description &amp; Details Dolce Jewellery,\u00a0Enchanting Dragonfly Ring. Step into a world of enchantment with our Enchanting Dragonfly Ring. This exquisite ring features a captivating dragonfly design that exudes beauty and grace. The dragonfly, adorned with sparkling zircon stones, adds a touch of shimmer and elegance to the ring. Each stone is carefully selected to enhance [&#8230;]\n","protected":false},"featured_media":7317,"comment_status":"open","ping_status":"closed","template":"","meta":[],"product_brand":[],"product_cat":[37,29],"product_tag":[],"class_list":{"0":"post-2782","1":"product","2":"type-product","3":"status-publish","4":"has-post-thumbnail","6":"product_cat-rings","7":"product_cat-shop-all","9":"first","10":"instock","11":"shipping-taxable","12":"purchasable","13":"product-type-variable"},"_links":{"self":[{"href":"https:\/\/dolcejewellery.com\/fr\/wp-json\/wp\/v2\/product\/2782","targetHints":{"allow":["GET"]}}],"collection":[{"href":"https:\/\/dolcejewellery.com\/fr\/wp-json\/wp\/v2\/product"}],"about":[{"href":"https:\/\/dolcejewellery.com\/fr\/wp-json\/wp\/v2\/types\/product"}],"replies":[{"embeddable":true,"href":"https:\/\/dolcejewellery.com\/fr\/wp-json\/wp\/v2\/comments?post=2782"}],"wp:featuredmedia":[{"embeddable":true,"href":"https:\/\/dolcejewellery.com\/fr\/wp-json\/wp\/v2\/media\/7317"}],"wp:attachment":[{"href":"https:\/\/dolcejewellery.com\/fr\/wp-json\/wp\/v2\/media?parent=2782"}],"wp:term":[{"taxonomy":"product_brand","embeddable":true,"href":"https:\/\/dolcejewellery.com\/fr\/wp-json\/wp\/v2\/product_brand?post=2782"},{"taxonomy":"product_cat","embeddable":true,"href":"https:\/\/dolcejewellery.com\/fr\/wp-json\/wp\/v2\/product_cat?post=2782"},{"taxonomy":"product_tag","embeddable":true,"href":"https:\/\/dolcejewellery.com\/fr\/wp-json\/wp\/v2\/product_tag?post=2782"}],"curies":[{"name":"wp","href":"https:\/\/api.w.org\/{rel}","templated":true}]}}