{"id":2779,"date":"2025-02-01T11:14:22","date_gmt":"2025-02-01T11:14:22","guid":{"rendered":"https:\/\/dolcejewellery.com\/product\/enchanted-rose-flower-ring\/"},"modified":"2025-11-17T08:31:53","modified_gmt":"2025-11-17T07:31:53","slug":"enchanted-rose-flower-ring","status":"publish","type":"product","link":"https:\/\/dolcejewellery.com\/fr\/produit\/enchanted-rose-flower-ring\/","title":{"rendered":"Bague Fleur de Rose Enchant\u00e9e"},"content":{"rendered":"<h1><strong>Description et d\u00e9tails<\/strong><\/h1>\n<p><strong>Dolce Jewellery, Bague Fleur de Rose Enchant\u00e9e.<\/strong><\/p>\n<p>D\u00e9couvrez la beaut\u00e9 intemporelle de la nature avec notre bague Fleur de Rose Enchant\u00e9e. R\u00e9alis\u00e9e avec un souci du d\u00e9tail m\u00e9ticuleux, cette bague arbore un design unique inspir\u00e9 de l&#039;\u00e9l\u00e9gance d&#039;une rose en fleur.<\/p>\n<p>La pi\u00e8ce ma\u00eetresse de la bague est une d\u00e9licate rose, finement con\u00e7ue avec des p\u00e9tales r\u00e9alistes et une tige gracieuse. Ce savoir-faire exquis capture l&#039;essence d&#039;une v\u00e9ritable rose, ajoutant une touche de romantisme et de f\u00e9minit\u00e9 \u00e0 votre style.<\/p>\n<p>La rose est un symbole d&#039;amour, de passion et de beaut\u00e9, ce qui fait de cette bague un cadeau parfait pour quelqu&#039;un de sp\u00e9cial ou un plaisir personnel significatif.<\/p>\n<p>Fabriqu\u00e9e en argent sterling 925 v\u00e9ritable, cette bague garantit durabilit\u00e9 et brillance longue dur\u00e9e. Son anneau r\u00e9glable offre un ajustement confortable, s&#039;adaptant \u00e0 toutes les tailles de doigts.<\/p>\n<p>Qu&#039;elle soit port\u00e9e comme pi\u00e8ce ma\u00eetresse ou comme accessoire du quotidien, la bague Fleur Rose Enchant\u00e9e ajoute une touche d&#039;\u00e9l\u00e9gance et de charme \u00e0 toutes vos tenues. Elle est parfaite pour les mariages, les f\u00eates ou tout simplement pour sublimer votre style au quotidien.<\/p>\n<p>Impr\u00e9gnez-vous de la beaut\u00e9 de la nature et ornez votre doigt de la bague Fleur de Rose Enchant\u00e9e de Dolce Jewellery. Laissez les p\u00e9tales d\u00e9licats et les d\u00e9tails complexes vous captiver et insuffler \u00e0 votre look une touche de romantisme et de gr\u00e2ce.<\/p>\n<p><strong>Type de produit :\u00a0<\/strong>Bagues<\/p>\n<p><strong>Nom du produit :\u00a0<\/strong>Bague Fleur de Rose Enchant\u00e9e<\/p>\n<p><strong>Mat\u00e9riel:\u00a0<\/strong>100% Argent sterling 925<\/p>\n<p><strong>Article:\u00a0<\/strong>BKJZ001<\/p>\n<p><img loading=\"lazy\" decoding=\"async\" class=\"alignnone\" src=\"https:\/\/cdn.shopify.com\/s\/files\/1\/0559\/8819\/1417\/files\/99540f05-6f64-41d2-bd54-b54ed2239c66_480x480.png?v=1690483665\" alt=\"\" width=\"480\" height=\"381\" \/><\/p>","protected":false},"excerpt":{"rendered":"<p>Description &amp; Details Dolce Jewellery,\u00a0Enchanted Rose Flower Ring. Experience the timeless beauty of nature with our Enchanted Rose Flower Ring. Crafted with meticulous attention to detail, this ring showcases a unique design inspired by the elegance of a blooming rose. The centerpiece of the ring features a delicate rose flower, intricately designed with lifelike petals [&#8230;]\n","protected":false},"featured_media":7313,"comment_status":"open","ping_status":"closed","template":"","meta":[],"product_brand":[],"product_cat":[37,29],"product_tag":[],"class_list":{"0":"post-2779","1":"product","2":"type-product","3":"status-publish","4":"has-post-thumbnail","6":"product_cat-rings","7":"product_cat-shop-all","9":"first","10":"instock","11":"shipping-taxable","12":"purchasable","13":"product-type-variable"},"_links":{"self":[{"href":"https:\/\/dolcejewellery.com\/fr\/wp-json\/wp\/v2\/product\/2779","targetHints":{"allow":["GET"]}}],"collection":[{"href":"https:\/\/dolcejewellery.com\/fr\/wp-json\/wp\/v2\/product"}],"about":[{"href":"https:\/\/dolcejewellery.com\/fr\/wp-json\/wp\/v2\/types\/product"}],"replies":[{"embeddable":true,"href":"https:\/\/dolcejewellery.com\/fr\/wp-json\/wp\/v2\/comments?post=2779"}],"wp:featuredmedia":[{"embeddable":true,"href":"https:\/\/dolcejewellery.com\/fr\/wp-json\/wp\/v2\/media\/7313"}],"wp:attachment":[{"href":"https:\/\/dolcejewellery.com\/fr\/wp-json\/wp\/v2\/media?parent=2779"}],"wp:term":[{"taxonomy":"product_brand","embeddable":true,"href":"https:\/\/dolcejewellery.com\/fr\/wp-json\/wp\/v2\/product_brand?post=2779"},{"taxonomy":"product_cat","embeddable":true,"href":"https:\/\/dolcejewellery.com\/fr\/wp-json\/wp\/v2\/product_cat?post=2779"},{"taxonomy":"product_tag","embeddable":true,"href":"https:\/\/dolcejewellery.com\/fr\/wp-json\/wp\/v2\/product_tag?post=2779"}],"curies":[{"name":"wp","href":"https:\/\/api.w.org\/{rel}","templated":true}]}}