{"id":2776,"date":"2025-02-01T11:14:22","date_gmt":"2025-02-01T11:14:22","guid":{"rendered":"https:\/\/dolcejewellery.com\/product\/enchanted-branch-necklace\/"},"modified":"2025-11-17T08:29:14","modified_gmt":"2025-11-17T07:29:14","slug":"enchanted-branch-necklace","status":"publish","type":"product","link":"https:\/\/dolcejewellery.com\/fr\/produit\/enchanted-branch-necklace\/","title":{"rendered":"Collier de branches enchant\u00e9es"},"content":{"rendered":"<h1><strong>Description et d\u00e9tails<\/strong><\/h1>\n<p><strong>Dolce Jewellery, Collier Branche Enchant\u00e9e.<\/strong><\/p>\n<p>Impr\u00e9gnez-vous de la beaut\u00e9 exquise de la nature avec le collier Branche Enchant\u00e9e. Soigneusement confectionn\u00e9 en argent sterling 925 v\u00e9ritable, ce collier arbore un magnifique pendentif en forme de branche, o\u00f9 chaque feuille est d\u00e9licatement orn\u00e9e d&#039;un zircon qui \u00e9pouse parfaitement sa forme. Il capture l&#039;\u00e9l\u00e9gance gracieuse d&#039;une branche aux feuilles incrust\u00e9es de zircons dans un design tendance et captivant.<\/p>\n<p>Le collier Branche Enchant\u00e9e est l&#039;accessoire id\u00e9al pour les passionn\u00e9s de bijoux inspir\u00e9s de la nature. Les zircons judicieusement plac\u00e9s, chacun de forme unique en harmonie avec sa feuille, ajoutent une touche d&#039;\u00e9clat et de sophistication, transformant ce collier en une pi\u00e8ce \u00e9l\u00e9gante et accrocheuse.<\/p>\n<p>Con\u00e7u pour sublimer votre look avant-gardiste, ce collier est gracieusement suspendu \u00e0 une cha\u00eene de clavicule, reposant d\u00e9licatement sur votre d\u00e9collet\u00e9. Que vous assistiez \u00e0 une soir\u00e9e glamour ou souhaitiez simplement insuffler une touche de naturel \u00e0 votre tenue quotidienne, le collier Branche Enchant\u00e9e est un choix polyvalent et captivant.<\/p>\n<p>Avec son savoir-faire exceptionnel et son allure intemporelle, le collier Branche Enchant\u00e9e de Dolce Jewellery symbolise \u00e0 la fois l&#039;\u00e9l\u00e9gance et la beaut\u00e9 naturelle. Portez-le avec assurance, il vous rappellera votre lien profond avec la nature et votre sens du style unique, et laissez rayonner votre \u00e9clat int\u00e9rieur.<\/p>\n<p><strong>Type de produit : <\/strong>Colliers<\/p>\n<p><strong>Nom du produit :\u00a0<\/strong>Collier de branches enchant\u00e9es<\/p>\n<p><strong>Pierre: <\/strong>Zircon<\/p>\n<p><strong>Mat\u00e9riel: <\/strong>100% Argent sterling 925<\/p>\n<p><strong>Longueur: <\/strong>45,5 cm (18 pouces), la longueur de la cha\u00eene peut \u00eatre allong\u00e9e d&#039;environ 3,5 cm (1,4 pouces)<\/p>\n<p><strong>Article:\u00a0<\/strong>BKXL034<\/p>\n<p><img decoding=\"async\" src=\"https:\/\/cdn.shopify.com\/s\/files\/1\/0559\/8819\/1417\/files\/05ddb415-6f04-4938-9516-8069363c4552_480x480.png?v=1687081477\" alt=\"\" \/><\/p>","protected":false},"excerpt":{"rendered":"<p>Description &amp; Details Dolce Jewellery,\u00a0Enchanted Branch Necklace. Embrace the exquisite beauty of nature with the Enchanted Branch Necklace. Meticulously crafted from genuine 925 sterling silver, this necklace features a stunning branch-shaped pendant, where each leaf is delicately adorned with a zircon accent that perfectly mirrors its shape. It captures the graceful elegance of a branch [&#8230;]\n","protected":false},"featured_media":6510,"comment_status":"open","ping_status":"closed","template":"","meta":[],"product_brand":[],"product_cat":[36,29],"product_tag":[],"class_list":{"0":"post-2776","1":"product","2":"type-product","3":"status-publish","4":"has-post-thumbnail","6":"product_cat-necklaces","7":"product_cat-shop-all","9":"first","10":"instock","11":"shipping-taxable","12":"purchasable","13":"product-type-variable"},"_links":{"self":[{"href":"https:\/\/dolcejewellery.com\/fr\/wp-json\/wp\/v2\/product\/2776","targetHints":{"allow":["GET"]}}],"collection":[{"href":"https:\/\/dolcejewellery.com\/fr\/wp-json\/wp\/v2\/product"}],"about":[{"href":"https:\/\/dolcejewellery.com\/fr\/wp-json\/wp\/v2\/types\/product"}],"replies":[{"embeddable":true,"href":"https:\/\/dolcejewellery.com\/fr\/wp-json\/wp\/v2\/comments?post=2776"}],"wp:featuredmedia":[{"embeddable":true,"href":"https:\/\/dolcejewellery.com\/fr\/wp-json\/wp\/v2\/media\/6510"}],"wp:attachment":[{"href":"https:\/\/dolcejewellery.com\/fr\/wp-json\/wp\/v2\/media?parent=2776"}],"wp:term":[{"taxonomy":"product_brand","embeddable":true,"href":"https:\/\/dolcejewellery.com\/fr\/wp-json\/wp\/v2\/product_brand?post=2776"},{"taxonomy":"product_cat","embeddable":true,"href":"https:\/\/dolcejewellery.com\/fr\/wp-json\/wp\/v2\/product_cat?post=2776"},{"taxonomy":"product_tag","embeddable":true,"href":"https:\/\/dolcejewellery.com\/fr\/wp-json\/wp\/v2\/product_tag?post=2776"}],"curies":[{"name":"wp","href":"https:\/\/api.w.org\/{rel}","templated":true}]}}