{"id":2772,"date":"2025-02-01T11:14:21","date_gmt":"2025-02-01T11:14:21","guid":{"rendered":"https:\/\/dolcejewellery.com\/product\/emerald-enchantment-ring\/"},"modified":"2025-11-17T08:57:29","modified_gmt":"2025-11-17T07:57:29","slug":"emerald-enchantment-ring","status":"publish","type":"product","link":"https:\/\/dolcejewellery.com\/fr\/produit\/emerald-enchantment-ring\/","title":{"rendered":"Bague d&#039;enchantement d&#039;\u00e9meraude"},"content":{"rendered":"<h1><strong>Description et d\u00e9tails<\/strong><\/h1>\n<p><strong>Dolce Jewellery, Bague d&#039;enchantement \u00e9meraude.<\/strong><\/p>\n<p>Sublimez votre style gr\u00e2ce \u00e0 la beaut\u00e9 captivante de notre bague \u00c9meraude Enchant\u00e9e. R\u00e9alis\u00e9e avec un souci du d\u00e9tail m\u00e9ticuleux, cette bague met en valeur un zircon vert rectangulaire envo\u00fbtant, empreint d&#039;\u00e9l\u00e9gance et de sophistication.<\/p>\n<p>Cette bague est orn\u00e9e d&#039;un anneau en argent sterling qui encadre magnifiquement un zircon vert rectangulaire. La teinte verte vibrante de la pierre \u00e9voque la beaut\u00e9 naturelle et ajoute une touche de couleur \u00e0 votre tenue. La taille facett\u00e9e du zircon rehausse son \u00e9clat et cr\u00e9e un jeu de lumi\u00e8re \u00e9blouissant, ce qui en fait une pi\u00e8ce v\u00e9ritablement exceptionnelle.<\/p>\n<p>Avec son design \u00e9pur\u00e9 et minimaliste, la bague \u00c9meraude Enchantement est polyvalente et s&#039;accorde facilement avec des tenues d\u00e9contract\u00e9es comme habill\u00e9es. Que vous participiez \u00e0 une occasion sp\u00e9ciale ou souhaitiez simplement ajouter une touche de glamour \u00e0 votre look quotidien, cette bague est le choix id\u00e9al.<\/p>\n<p>Laissez-vous s\u00e9duire par le charme envo\u00fbtant de la bague \u00c9meraude Enchantment de Dolce Jewellery. Son zircon vert \u00e9clatant symbolisera votre style unique et votre \u00e9l\u00e9gance.<\/p>\n<p><strong>Type de produit :\u00a0<\/strong>Bagues<\/p>\n<p><strong>Nom du produit :\u00a0<\/strong>Bague d&#039;enchantement d&#039;\u00e9meraude<\/p>\n<p><strong>Pierre: <\/strong>Zircon<\/p>\n<p><strong>Mat\u00e9riel:\u00a0<\/strong>100% Argent sterling 925<\/p>\n<p><strong>Article:\u00a0<\/strong>BKJZ043<\/p>\n<p><img loading=\"lazy\" decoding=\"async\" class=\"alignnone\" src=\"https:\/\/cdn.shopify.com\/s\/files\/1\/0559\/8819\/1417\/files\/34e549c7-bcb6-45ad-a587-1b4f346c48d5_480x480.png?v=1690281841\" alt=\"\" width=\"480\" height=\"381\" \/><\/p>","protected":false},"excerpt":{"rendered":"<p>Description &amp; Details Dolce Jewellery,\u00a0Emerald Enchantment Ring. Elevate your style with the captivating beauty of our Emerald Enchantment Ring. Crafted with meticulous attention to detail, this ring showcases a mesmerizing rectangular green zircon stone that exudes a sense of elegance and sophistication. The ring features a sterling silver band that beautifully frames the rectangular green [&#8230;]\n","protected":false},"featured_media":7323,"comment_status":"open","ping_status":"closed","template":"","meta":[],"product_brand":[],"product_cat":[37,29],"product_tag":[],"class_list":{"0":"post-2772","1":"product","2":"type-product","3":"status-publish","4":"has-post-thumbnail","6":"product_cat-rings","7":"product_cat-shop-all","9":"first","10":"instock","11":"shipping-taxable","12":"purchasable","13":"product-type-variable"},"_links":{"self":[{"href":"https:\/\/dolcejewellery.com\/fr\/wp-json\/wp\/v2\/product\/2772","targetHints":{"allow":["GET"]}}],"collection":[{"href":"https:\/\/dolcejewellery.com\/fr\/wp-json\/wp\/v2\/product"}],"about":[{"href":"https:\/\/dolcejewellery.com\/fr\/wp-json\/wp\/v2\/types\/product"}],"replies":[{"embeddable":true,"href":"https:\/\/dolcejewellery.com\/fr\/wp-json\/wp\/v2\/comments?post=2772"}],"wp:featuredmedia":[{"embeddable":true,"href":"https:\/\/dolcejewellery.com\/fr\/wp-json\/wp\/v2\/media\/7323"}],"wp:attachment":[{"href":"https:\/\/dolcejewellery.com\/fr\/wp-json\/wp\/v2\/media?parent=2772"}],"wp:term":[{"taxonomy":"product_brand","embeddable":true,"href":"https:\/\/dolcejewellery.com\/fr\/wp-json\/wp\/v2\/product_brand?post=2772"},{"taxonomy":"product_cat","embeddable":true,"href":"https:\/\/dolcejewellery.com\/fr\/wp-json\/wp\/v2\/product_cat?post=2772"},{"taxonomy":"product_tag","embeddable":true,"href":"https:\/\/dolcejewellery.com\/fr\/wp-json\/wp\/v2\/product_tag?post=2772"}],"curies":[{"name":"wp","href":"https:\/\/api.w.org\/{rel}","templated":true}]}}