{"id":2769,"date":"2025-02-01T11:14:21","date_gmt":"2025-02-01T11:14:21","guid":{"rendered":"https:\/\/dolcejewellery.com\/product\/emerald-elegance-necklace\/"},"modified":"2025-11-17T08:53:25","modified_gmt":"2025-11-17T07:53:25","slug":"emerald-elegance-necklace","status":"publish","type":"product","link":"https:\/\/dolcejewellery.com\/fr\/produit\/emerald-elegance-necklace\/","title":{"rendered":"Collier \u00c9l\u00e9gance \u00c9meraude"},"content":{"rendered":"<h1><strong>Description et d\u00e9tails<\/strong><\/h1>\n<p><strong>Dolce Jewellery, Collier \u00c9l\u00e9gance \u00c9meraude.<\/strong><\/p>\n<p>Entrez dans un univers de luxe et de sophistication avec le collier \u00c9l\u00e9gance \u00c9meraude, un bijou \u00e9poustouflant con\u00e7u pour captiver et enchanter. Confectionn\u00e9 en argent sterling 925 v\u00e9ritable, ce collier cha\u00eene clavicule met en valeur un magnifique agencement de pierres pr\u00e9cieuses \u00e9tincelantes.<\/p>\n<p>Au c\u0153ur du collier se trouve un zircon vert \u00e9meraude \u00e9clatant, d&#039;une brillance et d&#039;une \u00e9l\u00e9gance incomparables. Autour de la pi\u00e8ce ma\u00eetresse, quatre zircons verts plus petits cr\u00e9ent un \u00e9quilibre harmonieux et intensifient l&#039;allure g\u00e9n\u00e9rale du mod\u00e8le. De plus, la cha\u00eene est orn\u00e9e de minuscules perles, sublimant la composition complexe du collier. Quatre d\u00e9licats zircons blancs, strat\u00e9giquement plac\u00e9s, compl\u00e8tent cet ensemble fascinant pour une touche d&#039;\u00e9clat exquise. Ce collier t\u00e9moigne d&#039;un savoir-faire artisanal exceptionnel, alliant la richesse des zircons verts \u00e0 la beaut\u00e9 d\u00e9licate des zircons blancs et \u00e0 l&#039;\u00e9l\u00e9gance subtile des d\u00e9tails en perles.<\/p>\n<p>Le collier \u00c9l\u00e9gance \u00c9meraude t\u00e9moigne d&#039;un style raffin\u00e9 et d&#039;une beaut\u00e9 intemporelle. Sa longueur sublime gracieusement votre d\u00e9collet\u00e9, cr\u00e9ant une allure sophistiqu\u00e9e, parfaite pour toute occasion sp\u00e9ciale ou \u00e9v\u00e9nement glamour.<\/p>\n<p>Laissez-vous s\u00e9duire par le charme du collier \u00c9l\u00e9gance \u00c9meraude de Dolce Jewellery. Soigneusement confectionn\u00e9 avec le plus grand soin, il incarne l&#039;essence m\u00eame du luxe et symbolise \u00e0 la fois \u00e9l\u00e9gance et gr\u00e2ce. Laissez ce collier captivant vous d\u00e9marquer et ajouter une touche de glamour \u00e0 chacune de vos tenues.<\/p>\n<p><strong>Type de produit : <\/strong>Colliers<\/p>\n<p><strong>Nom du produit :\u00a0<\/strong>Collier \u00c9l\u00e9gance \u00c9meraude<\/p>\n<p><strong>Pierre: <\/strong>Zircon<\/p>\n<p><strong>Mat\u00e9riel: <\/strong>100% Argent sterling 925<\/p>\n<p><strong>Longueur: <\/strong>39,5 cm (15,5 pouces), la longueur de la cha\u00eene peut \u00eatre allong\u00e9e d&#039;environ 5,5 cm (2,2 pouces)<\/p>\n<p><strong>Article:\u00a0<\/strong>BKXL074<\/p>\n<p><img loading=\"lazy\" decoding=\"async\" class=\"alignnone wp-image-6537 size-full\" src=\"https:\/\/dolcejewellery.com\/wp-content\/uploads\/2025\/02\/7a32ab7b-5073-4c25-955c-1777a3176b2d.png\" alt=\"\" width=\"778\" height=\"618\" srcset=\"https:\/\/dolcejewellery.com\/wp-content\/uploads\/2025\/02\/7a32ab7b-5073-4c25-955c-1777a3176b2d.png 778w, https:\/\/dolcejewellery.com\/wp-content\/uploads\/2025\/02\/7a32ab7b-5073-4c25-955c-1777a3176b2d-300x238.png 300w, https:\/\/dolcejewellery.com\/wp-content\/uploads\/2025\/02\/7a32ab7b-5073-4c25-955c-1777a3176b2d-768x610.png 768w\" sizes=\"auto, (max-width: 778px) 100vw, 778px\" \/><\/p>\n<p>&nbsp;<\/p>","protected":false},"excerpt":{"rendered":"<p>Description &amp; Details Dolce Jewellery,\u00a0Emerald Elegance Necklace. Step into a world of luxury and sophistication with the Emerald Elegance Necklace, a stunning piece of jewellery designed to captivate and enchant. Crafted from real 925 sterling silver, this clavicle chain necklace showcases a magnificent arrangement of gleaming gemstones. At the heart of the necklace, you&#8217;ll find [&#8230;]\n","protected":false},"featured_media":6529,"comment_status":"open","ping_status":"closed","template":"","meta":[],"product_brand":[],"product_cat":[36,29],"product_tag":[],"class_list":{"0":"post-2769","1":"product","2":"type-product","3":"status-publish","4":"has-post-thumbnail","6":"product_cat-necklaces","7":"product_cat-shop-all","9":"first","10":"instock","11":"shipping-taxable","12":"purchasable","13":"product-type-variable"},"_links":{"self":[{"href":"https:\/\/dolcejewellery.com\/fr\/wp-json\/wp\/v2\/product\/2769","targetHints":{"allow":["GET"]}}],"collection":[{"href":"https:\/\/dolcejewellery.com\/fr\/wp-json\/wp\/v2\/product"}],"about":[{"href":"https:\/\/dolcejewellery.com\/fr\/wp-json\/wp\/v2\/types\/product"}],"replies":[{"embeddable":true,"href":"https:\/\/dolcejewellery.com\/fr\/wp-json\/wp\/v2\/comments?post=2769"}],"wp:featuredmedia":[{"embeddable":true,"href":"https:\/\/dolcejewellery.com\/fr\/wp-json\/wp\/v2\/media\/6529"}],"wp:attachment":[{"href":"https:\/\/dolcejewellery.com\/fr\/wp-json\/wp\/v2\/media?parent=2769"}],"wp:term":[{"taxonomy":"product_brand","embeddable":true,"href":"https:\/\/dolcejewellery.com\/fr\/wp-json\/wp\/v2\/product_brand?post=2769"},{"taxonomy":"product_cat","embeddable":true,"href":"https:\/\/dolcejewellery.com\/fr\/wp-json\/wp\/v2\/product_cat?post=2769"},{"taxonomy":"product_tag","embeddable":true,"href":"https:\/\/dolcejewellery.com\/fr\/wp-json\/wp\/v2\/product_tag?post=2769"}],"curies":[{"name":"wp","href":"https:\/\/api.w.org\/{rel}","templated":true}]}}