{"id":2762,"date":"2025-02-01T11:14:21","date_gmt":"2025-02-01T11:14:21","guid":{"rendered":"https:\/\/dolcejewellery.com\/product\/elegant-moon-star-chain-anklet\/"},"modified":"2025-11-17T08:47:25","modified_gmt":"2025-11-17T07:47:25","slug":"elegant-moon-star-chain-anklet","status":"publish","type":"product","link":"https:\/\/dolcejewellery.com\/fr\/produit\/elegant-moon-star-chain-anklet\/","title":{"rendered":"\u00c9l\u00e9gant bracelet de cheville en cha\u00eene avec \u00e9toile et lune"},"content":{"rendered":"<h1><strong>Description et d\u00e9tails<\/strong><\/h1>\n<p><strong>Dolce Jewellery, \u00e9l\u00e9gante cha\u00eene de cheville en forme d&#039;\u00e9toile et de lune.<\/strong><\/p>\n<p>Contempler la lune et les \u00e9toiles n&#039;a jamais \u00e9t\u00e9 aussi beau. Confectionn\u00e9 en argent sterling 925 argent\u00e9, cet \u00e9l\u00e9gant bracelet de cheville lune et \u00e9toiles de Dolce Jewellery est orn\u00e9 de minuscules lunes et \u00e9toiles suspendues, orn\u00e9es de cristaux de zircon scintillants. Tout simplement exquis, on pourrait contempler ce bracelet de cheville brillant pendant des heures.<\/p>\n<p><strong>Type de produit :<\/strong> Bracelets de cheville<\/p>\n<p><strong>Nom du produit :\u00a0<\/strong>\u00c9l\u00e9gant bracelet de cheville en cha\u00eene avec \u00e9toile et lune<\/p>\n<p><strong>Pierre: <\/strong>Zircon<\/p>\n<p><strong>Mat\u00e9riel:\u00a0<\/strong>100% Argent sterling 925<\/p>\n<p><strong>Longueurs : <\/strong>la longueur du bracelet de cheville est de 25 cm (9,84 pouces), la longueur de la cha\u00eene d&#039;extension est de 4,5 cm (1,77 pouces)<\/p>\n<p><strong>Article:\u00a0<\/strong>BKSL116<\/p>\n<p><img loading=\"lazy\" decoding=\"async\" class=\"alignnone wp-image-7472 size-full\" src=\"https:\/\/dolcejewellery.com\/wp-content\/uploads\/2025\/02\/BKSL116.png\" alt=\"\" width=\"780\" height=\"620\" srcset=\"https:\/\/dolcejewellery.com\/wp-content\/uploads\/2025\/02\/BKSL116.png 780w, https:\/\/dolcejewellery.com\/wp-content\/uploads\/2025\/02\/BKSL116-300x238.png 300w, https:\/\/dolcejewellery.com\/wp-content\/uploads\/2025\/02\/BKSL116-768x610.png 768w\" sizes=\"auto, (max-width: 780px) 100vw, 780px\" \/><\/p>","protected":false},"excerpt":{"rendered":"<p>Description &amp; Details Dolce Jewellery, Elegant Moon Star Chain Anklet. Moon and Star gazing has never looked more beautiful. Crafted from silver-tone 925 sterling silver, this elegant moon star chain anklet from Dolce Jewellery is characterised by dangling tiny pretty moons and stars, also featuring some dazzling zircon crystals. Simply exquisite, we could stare at [&#8230;]\n","protected":false},"featured_media":7466,"comment_status":"open","ping_status":"closed","template":"","meta":[],"product_brand":[],"product_cat":[30,29],"product_tag":[],"class_list":{"0":"post-2762","1":"product","2":"type-product","3":"status-publish","4":"has-post-thumbnail","6":"product_cat-anklets","7":"product_cat-shop-all","9":"first","10":"instock","11":"shipping-taxable","12":"purchasable","13":"product-type-simple"},"_links":{"self":[{"href":"https:\/\/dolcejewellery.com\/fr\/wp-json\/wp\/v2\/product\/2762","targetHints":{"allow":["GET"]}}],"collection":[{"href":"https:\/\/dolcejewellery.com\/fr\/wp-json\/wp\/v2\/product"}],"about":[{"href":"https:\/\/dolcejewellery.com\/fr\/wp-json\/wp\/v2\/types\/product"}],"replies":[{"embeddable":true,"href":"https:\/\/dolcejewellery.com\/fr\/wp-json\/wp\/v2\/comments?post=2762"}],"wp:featuredmedia":[{"embeddable":true,"href":"https:\/\/dolcejewellery.com\/fr\/wp-json\/wp\/v2\/media\/7466"}],"wp:attachment":[{"href":"https:\/\/dolcejewellery.com\/fr\/wp-json\/wp\/v2\/media?parent=2762"}],"wp:term":[{"taxonomy":"product_brand","embeddable":true,"href":"https:\/\/dolcejewellery.com\/fr\/wp-json\/wp\/v2\/product_brand?post=2762"},{"taxonomy":"product_cat","embeddable":true,"href":"https:\/\/dolcejewellery.com\/fr\/wp-json\/wp\/v2\/product_cat?post=2762"},{"taxonomy":"product_tag","embeddable":true,"href":"https:\/\/dolcejewellery.com\/fr\/wp-json\/wp\/v2\/product_tag?post=2762"}],"curies":[{"name":"wp","href":"https:\/\/api.w.org\/{rel}","templated":true}]}}