{"id":2756,"date":"2025-02-01T11:14:20","date_gmt":"2025-02-01T11:14:20","guid":{"rendered":"https:\/\/dolcejewellery.com\/product\/ear-pearl-clip-on-earrings\/"},"modified":"2025-11-17T09:00:32","modified_gmt":"2025-11-17T08:00:32","slug":"ear-pearl-clip-on-earrings","status":"publish","type":"product","link":"https:\/\/dolcejewellery.com\/fr\/produit\/ear-pearl-clip-on-earrings\/","title":{"rendered":"Boucles d&#039;oreilles \u00e0 clip en perles"},"content":{"rendered":"<h1><strong>Description et d\u00e9tails<\/strong><\/h1>\n<p><strong>Dolce Jewellery, Boucles d&#039;oreilles \u00e0 clip en perles.<\/strong><\/p>\n<p>V\u00e9ritablement accrocheuses, ces boucles d&#039;oreilles clip dor\u00e9es orn\u00e9es de perles sign\u00e9es Dolce Jewellery attireront tous les regards et ne vous g\u00eaneront pas. Brillez de mille feux.<\/p>\n<p>Ces boucles d&#039;oreilles sont vendues par paire.<\/p>\n<p><strong>Type de produit : <\/strong>Boucles d&#039;oreilles \u00e0 clip<\/p>\n<p><strong>Nom du produit :\u00a0<\/strong>Boucles d&#039;oreilles \u00e0 clip en perles<\/p>\n<p><strong>Type de perle : <\/strong>Perles d&#039;eau douce\u00a0<strong>\u00a0\u00a0\u00a0\u00a0<\/strong><\/p>\n<p><strong>Mat\u00e9riel: <\/strong>100% Argent sterling 925<\/p>\n<p><strong>Poids:\u00a0<\/strong>1,29 g<\/p>\n<p><strong>Article:\u00a0<\/strong>BKEJ249<\/p>\n<p><img loading=\"lazy\" decoding=\"async\" class=\"alignnone\" src=\"https:\/\/cdn.shopify.com\/s\/files\/1\/0559\/8819\/1417\/files\/25e1e16f-478b-496f-b795-3ca03a0de979_480x480.png?v=1629740941\" alt=\"\" width=\"480\" height=\"382\" \/><\/p>","protected":false},"excerpt":{"rendered":"<p>Description &amp; Details Dolce Jewellery, Ear Pearl Clip On Earrings. Truly eye-catching. These pearl-embellished golden clip on earrings from Dolce Jewellery will put all eyes on you and you won&#8217;t mind at all. Shine on. These earrings come as a pair. Product Type: Clip On Earrings Product Name:\u00a0Ear Pearl Clip On Earrings Pearl Type: Freshwater [&#8230;]\n","protected":false},"featured_media":8029,"comment_status":"open","ping_status":"closed","template":"","meta":[],"product_brand":[],"product_cat":[32,34,29],"product_tag":[26],"class_list":{"0":"post-2756","1":"product","2":"type-product","3":"status-publish","4":"has-post-thumbnail","6":"product_cat-clip-on-earrings","7":"product_cat-earrings","8":"product_cat-shop-all","9":"product_tag-clip-on-earrings","11":"first","12":"instock","13":"shipping-taxable","14":"purchasable","15":"product-type-simple"},"_links":{"self":[{"href":"https:\/\/dolcejewellery.com\/fr\/wp-json\/wp\/v2\/product\/2756","targetHints":{"allow":["GET"]}}],"collection":[{"href":"https:\/\/dolcejewellery.com\/fr\/wp-json\/wp\/v2\/product"}],"about":[{"href":"https:\/\/dolcejewellery.com\/fr\/wp-json\/wp\/v2\/types\/product"}],"replies":[{"embeddable":true,"href":"https:\/\/dolcejewellery.com\/fr\/wp-json\/wp\/v2\/comments?post=2756"}],"wp:featuredmedia":[{"embeddable":true,"href":"https:\/\/dolcejewellery.com\/fr\/wp-json\/wp\/v2\/media\/8029"}],"wp:attachment":[{"href":"https:\/\/dolcejewellery.com\/fr\/wp-json\/wp\/v2\/media?parent=2756"}],"wp:term":[{"taxonomy":"product_brand","embeddable":true,"href":"https:\/\/dolcejewellery.com\/fr\/wp-json\/wp\/v2\/product_brand?post=2756"},{"taxonomy":"product_cat","embeddable":true,"href":"https:\/\/dolcejewellery.com\/fr\/wp-json\/wp\/v2\/product_cat?post=2756"},{"taxonomy":"product_tag","embeddable":true,"href":"https:\/\/dolcejewellery.com\/fr\/wp-json\/wp\/v2\/product_tag?post=2756"}],"curies":[{"name":"wp","href":"https:\/\/api.w.org\/{rel}","templated":true}]}}