{"id":2750,"date":"2025-02-01T11:14:19","date_gmt":"2025-02-01T11:14:19","guid":{"rendered":"https:\/\/dolcejewellery.com\/product\/double-unique-chains-anklet\/"},"modified":"2025-11-17T09:43:35","modified_gmt":"2025-11-17T08:43:35","slug":"double-unique-chains-anklet","status":"publish","type":"product","link":"https:\/\/dolcejewellery.com\/fr\/produit\/double-unique-chains-anklet\/","title":{"rendered":"Bracelet de cheville \u00e0 double cha\u00eene unique"},"content":{"rendered":"<h1><strong>Description et d\u00e9tails<\/strong><\/h1>\n<p><strong>Dolce Jewellery, Bracelet de cheville \u00e0 double cha\u00eene unique.<\/strong><\/p>\n<p>Votre corps, votre temple. Sublimez-le avec ce bracelet de cheville unique \u00e0 double cha\u00eene sign\u00e9 Dolce Jewellery. D&#039;une beaut\u00e9 intemporelle.<\/p>\n<p>Offert en deux couleurs : Argent et Or.<\/p>\n<p><strong>Type de produit :<\/strong> Bracelets de cheville<\/p>\n<p><strong>Nom du produit : <\/strong>Bracelet de cheville \u00e0 double cha\u00eene unique<\/p>\n<p><strong>Mat\u00e9riel:\u00a0<\/strong>100% Argent sterling 925<\/p>\n<p><strong>Longueurs : <\/strong>la longueur du bracelet de cheville est de 26,5 cm (10,43 pouces), la longueur de la cha\u00eene d&#039;extension est de 5 cm (1,97 pouces)<\/p>\n<p><strong>Article:\u00a0<\/strong>BKSL118<\/p>\n<p><img loading=\"lazy\" decoding=\"async\" class=\"alignnone wp-image-7481 size-full\" src=\"https:\/\/dolcejewellery.com\/wp-content\/uploads\/2025\/02\/BKSL118.png\" alt=\"\" width=\"780\" height=\"620\" srcset=\"https:\/\/dolcejewellery.com\/wp-content\/uploads\/2025\/02\/BKSL118.png 780w, https:\/\/dolcejewellery.com\/wp-content\/uploads\/2025\/02\/BKSL118-300x238.png 300w, https:\/\/dolcejewellery.com\/wp-content\/uploads\/2025\/02\/BKSL118-768x610.png 768w\" sizes=\"auto, (max-width: 780px) 100vw, 780px\" \/><\/p>","protected":false},"excerpt":{"rendered":"<p>Description &amp; Details Dolce Jewellery, Double Unique Chains Anklet. Your body, your temple. So embellish it with this double unique chains anklet from Dolce Jewellery. Timelessly beautiful. Offered in two colors: Silver &amp; Gold. Product Type: Anklets Product Name: Double Unique Chains Anklet Material:\u00a0100% 925 Sterling Silver Lengths: anklet length is 26.5cm (10.43 inches), extension [&#8230;]\n","protected":false},"featured_media":7478,"comment_status":"open","ping_status":"closed","template":"","meta":[],"product_brand":[],"product_cat":[30,29],"product_tag":[],"class_list":{"0":"post-2750","1":"product","2":"type-product","3":"status-publish","4":"has-post-thumbnail","6":"product_cat-anklets","7":"product_cat-shop-all","9":"first","10":"instock","11":"shipping-taxable","12":"purchasable","13":"product-type-variable"},"_links":{"self":[{"href":"https:\/\/dolcejewellery.com\/fr\/wp-json\/wp\/v2\/product\/2750","targetHints":{"allow":["GET"]}}],"collection":[{"href":"https:\/\/dolcejewellery.com\/fr\/wp-json\/wp\/v2\/product"}],"about":[{"href":"https:\/\/dolcejewellery.com\/fr\/wp-json\/wp\/v2\/types\/product"}],"replies":[{"embeddable":true,"href":"https:\/\/dolcejewellery.com\/fr\/wp-json\/wp\/v2\/comments?post=2750"}],"wp:featuredmedia":[{"embeddable":true,"href":"https:\/\/dolcejewellery.com\/fr\/wp-json\/wp\/v2\/media\/7478"}],"wp:attachment":[{"href":"https:\/\/dolcejewellery.com\/fr\/wp-json\/wp\/v2\/media?parent=2750"}],"wp:term":[{"taxonomy":"product_brand","embeddable":true,"href":"https:\/\/dolcejewellery.com\/fr\/wp-json\/wp\/v2\/product_brand?post=2750"},{"taxonomy":"product_cat","embeddable":true,"href":"https:\/\/dolcejewellery.com\/fr\/wp-json\/wp\/v2\/product_cat?post=2750"},{"taxonomy":"product_tag","embeddable":true,"href":"https:\/\/dolcejewellery.com\/fr\/wp-json\/wp\/v2\/product_tag?post=2750"}],"curies":[{"name":"wp","href":"https:\/\/api.w.org\/{rel}","templated":true}]}}