{"id":2747,"date":"2025-02-01T11:14:19","date_gmt":"2025-02-01T11:14:19","guid":{"rendered":"https:\/\/dolcejewellery.com\/product\/double-snake-bone-chain-necklace\/"},"modified":"2025-11-17T09:41:08","modified_gmt":"2025-11-17T08:41:08","slug":"double-snake-bone-chain-necklace","status":"publish","type":"product","link":"https:\/\/dolcejewellery.com\/fr\/produit\/double-snake-bone-chain-necklace\/","title":{"rendered":"Collier \u00e0 double cha\u00eene en os de serpent"},"content":{"rendered":"<h1><strong>Description et d\u00e9tails<\/strong><\/h1>\n<p><strong>Dolce Jewellery, Collier \u00e0 cha\u00eene double en os de serpent.<\/strong><\/p>\n<p>Besoin d&#039;un peu d&#039;\u00e9clat pour \u00e9gayer une tenue terne ? Offrez-vous ce collier double cha\u00eene serpent Dolce Jewellery, un bijou tout simplement magnifique \u00e0 porter au cou. Il scintillera avec \u00e9l\u00e9gance sur votre peau gr\u00e2ce \u00e0 sa finition soign\u00e9e.<\/p>\n<p>Fabriqu\u00e9 en argent sterling 925, ce collier Dolce Jewellery sublimera votre tenue. Parfois, les plus petits accessoires peuvent faire toute la diff\u00e9rence.<\/p>\n<p>Le collier est plaqu\u00e9 en deux couleurs : Argent et Or.<\/p>\n<p><strong>Type de produit : <\/strong>Colliers<\/p>\n<p><strong>Nom du produit :\u00a0<\/strong>Collier \u00e0 double cha\u00eene en os de serpent<\/p>\n<p><strong>Mat\u00e9riel:\u00a0<\/strong>100% Argent sterling 925<\/p>\n<p><strong>Longueur: <\/strong>41 cm (16 pouces), la longueur de la cha\u00eene peut \u00eatre allong\u00e9e d&#039;environ 5,5 cm (2 pouces)<\/p>\n<p><strong>Article:\u00a0<\/strong>BKXL021<\/p>","protected":false},"excerpt":{"rendered":"<p>Description &amp; Details Dolce Jewellery, Double Snake Bone Chain Necklace. Need a little shine to liven up an otherwise dull outfit? Treat yourself with this double snake bone chain necklace from Dolce Jewellery that is a simply beautiful adornment for the neck. It will shimmer elegantly on your skin with a polished finish. It is [&#8230;]\n","protected":false},"featured_media":6541,"comment_status":"open","ping_status":"closed","template":"","meta":[],"product_brand":[],"product_cat":[36,29],"product_tag":[],"class_list":{"0":"post-2747","1":"product","2":"type-product","3":"status-publish","4":"has-post-thumbnail","6":"product_cat-necklaces","7":"product_cat-shop-all","9":"first","10":"instock","11":"shipping-taxable","12":"purchasable","13":"product-type-variable"},"_links":{"self":[{"href":"https:\/\/dolcejewellery.com\/fr\/wp-json\/wp\/v2\/product\/2747","targetHints":{"allow":["GET"]}}],"collection":[{"href":"https:\/\/dolcejewellery.com\/fr\/wp-json\/wp\/v2\/product"}],"about":[{"href":"https:\/\/dolcejewellery.com\/fr\/wp-json\/wp\/v2\/types\/product"}],"replies":[{"embeddable":true,"href":"https:\/\/dolcejewellery.com\/fr\/wp-json\/wp\/v2\/comments?post=2747"}],"wp:featuredmedia":[{"embeddable":true,"href":"https:\/\/dolcejewellery.com\/fr\/wp-json\/wp\/v2\/media\/6541"}],"wp:attachment":[{"href":"https:\/\/dolcejewellery.com\/fr\/wp-json\/wp\/v2\/media?parent=2747"}],"wp:term":[{"taxonomy":"product_brand","embeddable":true,"href":"https:\/\/dolcejewellery.com\/fr\/wp-json\/wp\/v2\/product_brand?post=2747"},{"taxonomy":"product_cat","embeddable":true,"href":"https:\/\/dolcejewellery.com\/fr\/wp-json\/wp\/v2\/product_cat?post=2747"},{"taxonomy":"product_tag","embeddable":true,"href":"https:\/\/dolcejewellery.com\/fr\/wp-json\/wp\/v2\/product_tag?post=2747"}],"curies":[{"name":"wp","href":"https:\/\/api.w.org\/{rel}","templated":true}]}}