{"id":2742,"date":"2025-02-01T11:14:19","date_gmt":"2025-02-01T11:14:19","guid":{"rendered":"https:\/\/dolcejewellery.com\/product\/double-lace-ring\/"},"modified":"2025-11-17T09:37:57","modified_gmt":"2025-11-17T08:37:57","slug":"double-lace-ring","status":"publish","type":"product","link":"https:\/\/dolcejewellery.com\/fr\/produit\/double-lace-ring\/","title":{"rendered":"Bague Double Dentelle"},"content":{"rendered":"<h1 data-mce-fragment=\"1\"><strong data-mce-fragment=\"1\">Description et d\u00e9tails<\/strong><\/h1>\n<p data-mce-fragment=\"1\"><strong data-mce-fragment=\"1\">Dolce Jewellery, Anneau \u00e0 double dentelle.<\/strong><\/p>\n<p>Si tu l&#039;aimes, tu aurais d\u00fb lui passer la bague au doigt. Bon, ce ne sont peut-\u00eatre pas les paroles exactes de ta chanson pr\u00e9f\u00e9r\u00e9e de Beyonc\u00e9, mais elles s&#039;appliquent \u00e0 ton nouvel accessoire pr\u00e9f\u00e9r\u00e9.<\/p>\n<p>Cette bague Double Lace de Dolce Jewellery est une douce m\u00e9lodie \u00e0 vos oreilles. Cette bague ajustable raffin\u00e9e au design unique illuminera votre look. Orn\u00e9e d&#039;un superbe diamant zircon, elle lui conf\u00e8re un \u00e9clat saisissant.<\/p>\n<p>Habillez-vous pour impressionner avec \u00e7a.<\/p>\n<p>Offert en une seule couleur : Argent.<\/p>\n<p><strong data-mce-fragment=\"1\">Type de produit :\u00a0<\/strong>Bagues<\/p>\n<p data-mce-fragment=\"1\"><strong data-mce-fragment=\"1\">Nom du produit :\u00a0<\/strong>Bague Double Dentelle<\/p>\n<p><strong>Pierre: <\/strong>Zircon<\/p>\n<p data-mce-fragment=\"1\"><span data-mce-fragment=\"1\"><strong data-mce-fragment=\"1\">Mat\u00e9riel:\u00a0<\/strong>100% Argent sterling 925<\/span><\/p>\n<p data-mce-fragment=\"1\"><strong data-mce-fragment=\"1\">Article:\u00a0<\/strong>BKJZ023<\/p>","protected":false},"excerpt":{"rendered":"<p>Description &amp; Details Dolce Jewellery,\u00a0Double Lace Ring. If you like it then you should&#8217;ve put a ring on it. Ok, those might not be the exact lyrics to your fave Beyonc\u00e9 song, but they apply to your new fave accessory. This Double Lace ring from Dolce Jewellery is music to your ears. This\u00a0exquisite adjustable ring [&#8230;]\n","protected":false},"featured_media":7334,"comment_status":"open","ping_status":"closed","template":"","meta":[],"product_brand":[],"product_cat":[37,29],"product_tag":[],"class_list":{"0":"post-2742","1":"product","2":"type-product","3":"status-publish","4":"has-post-thumbnail","6":"product_cat-rings","7":"product_cat-shop-all","9":"first","10":"instock","11":"shipping-taxable","12":"purchasable","13":"product-type-variable"},"_links":{"self":[{"href":"https:\/\/dolcejewellery.com\/fr\/wp-json\/wp\/v2\/product\/2742","targetHints":{"allow":["GET"]}}],"collection":[{"href":"https:\/\/dolcejewellery.com\/fr\/wp-json\/wp\/v2\/product"}],"about":[{"href":"https:\/\/dolcejewellery.com\/fr\/wp-json\/wp\/v2\/types\/product"}],"replies":[{"embeddable":true,"href":"https:\/\/dolcejewellery.com\/fr\/wp-json\/wp\/v2\/comments?post=2742"}],"wp:featuredmedia":[{"embeddable":true,"href":"https:\/\/dolcejewellery.com\/fr\/wp-json\/wp\/v2\/media\/7334"}],"wp:attachment":[{"href":"https:\/\/dolcejewellery.com\/fr\/wp-json\/wp\/v2\/media?parent=2742"}],"wp:term":[{"taxonomy":"product_brand","embeddable":true,"href":"https:\/\/dolcejewellery.com\/fr\/wp-json\/wp\/v2\/product_brand?post=2742"},{"taxonomy":"product_cat","embeddable":true,"href":"https:\/\/dolcejewellery.com\/fr\/wp-json\/wp\/v2\/product_cat?post=2742"},{"taxonomy":"product_tag","embeddable":true,"href":"https:\/\/dolcejewellery.com\/fr\/wp-json\/wp\/v2\/product_tag?post=2742"}],"curies":[{"name":"wp","href":"https:\/\/api.w.org\/{rel}","templated":true}]}}