{"id":2741,"date":"2025-02-01T11:14:19","date_gmt":"2025-02-01T11:14:19","guid":{"rendered":"https:\/\/dolcejewellery.com\/product\/double-gold-snake-bone-chain-bracelet\/"},"modified":"2025-11-17T09:35:34","modified_gmt":"2025-11-17T08:35:34","slug":"double-gold-snake-bone-chain-bracelet","status":"publish","type":"product","link":"https:\/\/dolcejewellery.com\/fr\/produit\/double-gold-snake-bone-chain-bracelet\/","title":{"rendered":"Bracelet double cha\u00eene et os de serpent en or"},"content":{"rendered":"<h1><strong>Description et d\u00e9tails<\/strong><\/h1>\n<p><strong>Dolce Jewellery, Bracelet double os de serpent et cha\u00eene en or.<\/strong><\/p>\n<p>Parfois, il manque une touche finale \u00e9clatante \u00e0 votre look. \u00c9l\u00e9gant et embl\u00e9matique. Confectionn\u00e9 en argent sterling, ce bracelet double cha\u00eene et os de serpent en or sign\u00e9 Dolce Jewellery est tout ce que vous recherchiez. Compl\u00e9tez votre look avec lui.<\/p>\n<p><strong>Type de produit :\u00a0<\/strong>Bracelets<\/p>\n<p><strong>Nom du produit :\u00a0<\/strong>Bracelet double cha\u00eene et os de serpent en or<\/p>\n<p><strong>Mat\u00e9riel: <\/strong>100% Argent sterling 925<\/p>\n<p><strong>Longueurs : <\/strong>la longueur du bracelet est de 16,4 cm (6,5 pouces), la longueur de la cha\u00eene d&#039;extension est de 4 cm (1,6 pouces)<\/p>\n<p><strong>Article:\u00a0<\/strong>BKSL032<\/p>\n<p><img loading=\"lazy\" decoding=\"async\" class=\"alignnone wp-image-6937 size-full\" src=\"https:\/\/dolcejewellery.com\/wp-content\/uploads\/2025\/02\/BKSL032.png\" alt=\"\" width=\"800\" height=\"800\" srcset=\"https:\/\/dolcejewellery.com\/wp-content\/uploads\/2025\/02\/BKSL032.png 800w, https:\/\/dolcejewellery.com\/wp-content\/uploads\/2025\/02\/BKSL032-300x300.png 300w, https:\/\/dolcejewellery.com\/wp-content\/uploads\/2025\/02\/BKSL032-150x150.png 150w, https:\/\/dolcejewellery.com\/wp-content\/uploads\/2025\/02\/BKSL032-768x768.png 768w, https:\/\/dolcejewellery.com\/wp-content\/uploads\/2025\/02\/BKSL032-600x600.png 600w, https:\/\/dolcejewellery.com\/wp-content\/uploads\/2025\/02\/BKSL032-100x100.png 100w\" sizes=\"auto, (max-width: 800px) 100vw, 800px\" \/><\/p>","protected":false},"excerpt":{"rendered":"<p>Description &amp; Details Dolce Jewellery, Double Gold Snake Bone &amp; Chain Bracelet. Sometimes all your look is missing a sparkling finishing touch.\u00a0Stylish, and iconic. Crafted from sterling silver, this double gold snake bone &amp; chain bracelet from Dolce Jewellery is all you&#8217;ve been looking for. Simply finish off your look with this. Product Type:\u00a0Bracelets Product [&#8230;]\n","protected":false},"featured_media":6929,"comment_status":"open","ping_status":"closed","template":"","meta":[],"product_brand":[],"product_cat":[31,29],"product_tag":[],"class_list":{"0":"post-2741","1":"product","2":"type-product","3":"status-publish","4":"has-post-thumbnail","6":"product_cat-bracelets","7":"product_cat-shop-all","9":"first","10":"instock","11":"shipping-taxable","12":"purchasable","13":"product-type-simple"},"_links":{"self":[{"href":"https:\/\/dolcejewellery.com\/fr\/wp-json\/wp\/v2\/product\/2741","targetHints":{"allow":["GET"]}}],"collection":[{"href":"https:\/\/dolcejewellery.com\/fr\/wp-json\/wp\/v2\/product"}],"about":[{"href":"https:\/\/dolcejewellery.com\/fr\/wp-json\/wp\/v2\/types\/product"}],"replies":[{"embeddable":true,"href":"https:\/\/dolcejewellery.com\/fr\/wp-json\/wp\/v2\/comments?post=2741"}],"wp:featuredmedia":[{"embeddable":true,"href":"https:\/\/dolcejewellery.com\/fr\/wp-json\/wp\/v2\/media\/6929"}],"wp:attachment":[{"href":"https:\/\/dolcejewellery.com\/fr\/wp-json\/wp\/v2\/media?parent=2741"}],"wp:term":[{"taxonomy":"product_brand","embeddable":true,"href":"https:\/\/dolcejewellery.com\/fr\/wp-json\/wp\/v2\/product_brand?post=2741"},{"taxonomy":"product_cat","embeddable":true,"href":"https:\/\/dolcejewellery.com\/fr\/wp-json\/wp\/v2\/product_cat?post=2741"},{"taxonomy":"product_tag","embeddable":true,"href":"https:\/\/dolcejewellery.com\/fr\/wp-json\/wp\/v2\/product_tag?post=2741"}],"curies":[{"name":"wp","href":"https:\/\/api.w.org\/{rel}","templated":true}]}}