{"id":2726,"date":"2025-02-01T11:14:17","date_gmt":"2025-02-01T11:14:17","guid":{"rendered":"https:\/\/dolcejewellery.com\/product\/double-chain-link-bracelet\/"},"modified":"2025-11-17T09:51:36","modified_gmt":"2025-11-17T08:51:36","slug":"double-chain-link-bracelet","status":"publish","type":"product","link":"https:\/\/dolcejewellery.com\/fr\/produit\/double-chain-link-bracelet\/","title":{"rendered":"Bracelet \u00e0 double maillons"},"content":{"rendered":"<h1><strong>Description et d\u00e9tails<\/strong><\/h1>\n<p><strong>Dolce Jewellery, Bracelet \u00e0 maillons double cha\u00eene.<\/strong><\/p>\n<p>Parfois, on a besoin de moins. Fabriqu\u00e9 en argent sterling 925, ce bracelet minimaliste \u00e0 double cha\u00eene sign\u00e9 Dolce Jewellery sublimera n&#039;importe quelle tenue sans effort. Personnalisez-le.<\/p>\n<p>Offert en deux couleurs : Argent et Or.<\/p>\n<p><strong>Type de produit :\u00a0<\/strong>Bracelets<\/p>\n<p><strong>Nom du produit :\u00a0<\/strong>Bracelet \u00e0 double maillons<\/p>\n<p><strong>Mat\u00e9riel:\u00a0<\/strong>100% Argent sterling 925<\/p>\n<p><strong>Longueurs : <\/strong>la longueur du bracelet est de 14 cm (5,5 pouces), la longueur de la cha\u00eene d&#039;extension est de 4 cm (1,6 pouces)<\/p>\n<p><strong>Article:\u00a0<\/strong>BKSL094<\/p>\n<p><img loading=\"lazy\" decoding=\"async\" class=\"alignnone wp-image-6950 size-full\" src=\"https:\/\/dolcejewellery.com\/wp-content\/uploads\/2025\/02\/BKSL094.png\" alt=\"\" width=\"696\" height=\"696\" srcset=\"https:\/\/dolcejewellery.com\/wp-content\/uploads\/2025\/02\/BKSL094.png 696w, https:\/\/dolcejewellery.com\/wp-content\/uploads\/2025\/02\/BKSL094-300x300.png 300w, https:\/\/dolcejewellery.com\/wp-content\/uploads\/2025\/02\/BKSL094-150x150.png 150w, https:\/\/dolcejewellery.com\/wp-content\/uploads\/2025\/02\/BKSL094-600x600.png 600w, https:\/\/dolcejewellery.com\/wp-content\/uploads\/2025\/02\/BKSL094-100x100.png 100w\" sizes=\"auto, (max-width: 696px) 100vw, 696px\" \/><\/p>","protected":false},"excerpt":{"rendered":"<p>Description &amp; Details Dolce Jewellery, Double Chain Link Bracelet. Sometimes all you need is less. Constructed from\u00a0925 Sterling Silver, this double chain minimalist bracelet from Dolce Jewellery can elevate any of your looks with so little effort. Make it yours. Offered in two colors: Silver &amp; Gold. Product Type:\u00a0Bracelets Product Name:\u00a0Double Chain Link Bracelet Material:\u00a0100% [&#8230;]\n","protected":false},"featured_media":6939,"comment_status":"open","ping_status":"closed","template":"","meta":[],"product_brand":[],"product_cat":[28,31,29],"product_tag":[],"class_list":{"0":"post-2726","1":"product","2":"type-product","3":"status-publish","4":"has-post-thumbnail","6":"product_cat-best-sellers","7":"product_cat-bracelets","8":"product_cat-shop-all","10":"first","11":"instock","12":"shipping-taxable","13":"purchasable","14":"product-type-variable"},"_links":{"self":[{"href":"https:\/\/dolcejewellery.com\/fr\/wp-json\/wp\/v2\/product\/2726","targetHints":{"allow":["GET"]}}],"collection":[{"href":"https:\/\/dolcejewellery.com\/fr\/wp-json\/wp\/v2\/product"}],"about":[{"href":"https:\/\/dolcejewellery.com\/fr\/wp-json\/wp\/v2\/types\/product"}],"replies":[{"embeddable":true,"href":"https:\/\/dolcejewellery.com\/fr\/wp-json\/wp\/v2\/comments?post=2726"}],"wp:featuredmedia":[{"embeddable":true,"href":"https:\/\/dolcejewellery.com\/fr\/wp-json\/wp\/v2\/media\/6939"}],"wp:attachment":[{"href":"https:\/\/dolcejewellery.com\/fr\/wp-json\/wp\/v2\/media?parent=2726"}],"wp:term":[{"taxonomy":"product_brand","embeddable":true,"href":"https:\/\/dolcejewellery.com\/fr\/wp-json\/wp\/v2\/product_brand?post=2726"},{"taxonomy":"product_cat","embeddable":true,"href":"https:\/\/dolcejewellery.com\/fr\/wp-json\/wp\/v2\/product_cat?post=2726"},{"taxonomy":"product_tag","embeddable":true,"href":"https:\/\/dolcejewellery.com\/fr\/wp-json\/wp\/v2\/product_tag?post=2726"}],"curies":[{"name":"wp","href":"https:\/\/api.w.org\/{rel}","templated":true}]}}