{"id":2722,"date":"2025-02-01T11:14:17","date_gmt":"2025-02-01T11:14:17","guid":{"rendered":"https:\/\/dolcejewellery.com\/product\/double-chain-anklet-in-the-form-of-a-snake-bone-and-beans\/"},"modified":"2025-11-25T14:50:36","modified_gmt":"2025-11-25T13:50:36","slug":"double-chain-anklet-in-the-form-of-a-snake-bone-and-beans","status":"publish","type":"product","link":"https:\/\/dolcejewellery.com\/fr\/produit\/double-chain-anklet-in-the-form-of-a-snake-bone-and-beans\/","title":{"rendered":"Bracelet de cheville double cha\u00eene en forme d&#039;os de serpent et de haricots"},"content":{"rendered":"<h1><strong>Description et d\u00e9tails<\/strong><\/h1>\n<p><strong>Dolce Jewellery, Bracelet de cheville double cha\u00eene en forme d&#039;os de serpent et de haricots.<\/strong><\/p>\n<p>N&#039;\u00e9coutez pas les autres, plus c&#039;est toujours mieux. Et votre cheville est pr\u00eate \u00e0 briller avec ce bracelet de cheville Dolce Jewellery, \u00e0 la finition polie et \u00e9l\u00e9gante. Le glamour est sans limite.<\/p>\n<p>Offert en une seule couleur : Argent.<\/p>\n<p><strong>Type de produit :<\/strong> Bracelets de cheville<\/p>\n<p><strong>Nom du produit : <\/strong>Bracelet de cheville double cha\u00eene en forme d&#039;os de serpent et de haricots<\/p>\n<p><strong>Mat\u00e9riel:\u00a0<\/strong>100% Argent sterling 925<\/p>\n<p><strong>Longueurs : <\/strong>la longueur du bracelet de cheville est de 24,5 cm (9,65 pouces), la longueur de la cha\u00eene d&#039;extension est de 5 cm (1,97 pouces)<\/p>\n<p><strong>Article:\u00a0<\/strong>BKSL128<\/p>\n<p><img loading=\"lazy\" decoding=\"async\" class=\"alignnone wp-image-7491 size-full\" src=\"https:\/\/dolcejewellery.com\/wp-content\/uploads\/2025\/02\/BKSL128.png\" alt=\"\" width=\"780\" height=\"620\" srcset=\"https:\/\/dolcejewellery.com\/wp-content\/uploads\/2025\/02\/BKSL128.png 780w, https:\/\/dolcejewellery.com\/wp-content\/uploads\/2025\/02\/BKSL128-300x238.png 300w, https:\/\/dolcejewellery.com\/wp-content\/uploads\/2025\/02\/BKSL128-768x610.png 768w\" sizes=\"auto, (max-width: 780px) 100vw, 780px\" \/><\/p>","protected":false},"excerpt":{"rendered":"<p>Description &amp; Details Dolce Jewellery, Double Chain Anklet In The Form Of A Snake Bone And Beans. Don&#8217;t listen to what the others might say, more is always more. And your ankle is ready to shine with this Dolce Jewellery anklet that shines elegantly with a polished finish. Looking glamorous knows no bounds. Offered only [&#8230;]\n","protected":false},"featured_media":7485,"comment_status":"open","ping_status":"closed","template":"","meta":[],"product_brand":[],"product_cat":[30,29],"product_tag":[],"class_list":{"0":"post-2722","1":"product","2":"type-product","3":"status-publish","4":"has-post-thumbnail","6":"product_cat-anklets","7":"product_cat-shop-all","9":"first","10":"instock","11":"shipping-taxable","12":"purchasable","13":"product-type-simple"},"_links":{"self":[{"href":"https:\/\/dolcejewellery.com\/fr\/wp-json\/wp\/v2\/product\/2722","targetHints":{"allow":["GET"]}}],"collection":[{"href":"https:\/\/dolcejewellery.com\/fr\/wp-json\/wp\/v2\/product"}],"about":[{"href":"https:\/\/dolcejewellery.com\/fr\/wp-json\/wp\/v2\/types\/product"}],"replies":[{"embeddable":true,"href":"https:\/\/dolcejewellery.com\/fr\/wp-json\/wp\/v2\/comments?post=2722"}],"wp:featuredmedia":[{"embeddable":true,"href":"https:\/\/dolcejewellery.com\/fr\/wp-json\/wp\/v2\/media\/7485"}],"wp:attachment":[{"href":"https:\/\/dolcejewellery.com\/fr\/wp-json\/wp\/v2\/media?parent=2722"}],"wp:term":[{"taxonomy":"product_brand","embeddable":true,"href":"https:\/\/dolcejewellery.com\/fr\/wp-json\/wp\/v2\/product_brand?post=2722"},{"taxonomy":"product_cat","embeddable":true,"href":"https:\/\/dolcejewellery.com\/fr\/wp-json\/wp\/v2\/product_cat?post=2722"},{"taxonomy":"product_tag","embeddable":true,"href":"https:\/\/dolcejewellery.com\/fr\/wp-json\/wp\/v2\/product_tag?post=2722"}],"curies":[{"name":"wp","href":"https:\/\/api.w.org\/{rel}","templated":true}]}}