{"id":2715,"date":"2025-02-01T11:14:16","date_gmt":"2025-02-01T11:14:16","guid":{"rendered":"https:\/\/dolcejewellery.com\/product\/dewdrop-delight-necklace\/"},"modified":"2025-11-19T14:33:01","modified_gmt":"2025-11-19T13:33:01","slug":"dewdrop-delight-necklace","status":"publish","type":"product","link":"https:\/\/dolcejewellery.com\/fr\/produit\/dewdrop-delight-necklace\/","title":{"rendered":"Collier D\u00e9lice Goutte de Ros\u00e9e"},"content":{"rendered":"<h1><strong>Description et d\u00e9tails<\/strong><\/h1>\n<p><strong>Dolce Jewellery, Collier D\u00e9lice Goutte de Ros\u00e9e.<\/strong><\/p>\n<p>Sublimez votre style avec le charme envo\u00fbtant et chic du collier Dewdrop Delight. Ce bijou fantaisie raffin\u00e9 est confectionn\u00e9 en argent sterling 925 v\u00e9ritable, gage de qualit\u00e9 et d&#039;\u00e9l\u00e9gance.<\/p>\n<p>Dot\u00e9 d&#039;une cha\u00eene d\u00e9licate orn\u00e9e de multiples breloques en forme de goutte d&#039;eau, ce collier capture la beaut\u00e9 scintillante des gouttes de ros\u00e9e. Les d\u00e9licates gouttes d&#039;eau pendent gracieusement, cr\u00e9ant un mouvement subtil et s\u00e9duisant qui ajoute une touche de fantaisie \u00e0 votre tenue.<\/p>\n<p>Le collier Dewdrop Delight de Dolce Jewellery est un accessoire polyvalent qui sublimera sans effort votre look avant-gardiste. Sa structure en argent sterling v\u00e9ritable lui conf\u00e8re un \u00e9clat intemporel, tandis que ses d\u00e9licates gouttes d&#039;eau lui conf\u00e8rent une touche de beaut\u00e9 naturelle et d&#039;\u00e9l\u00e9gance.<\/p>\n<p>Sublimez votre collection de bijoux avec le collier Dewdrop Delight. Son design chic et envo\u00fbtant, alli\u00e9 au savoir-faire artisanal de Dolce Jewellery, en fait un accessoire incontournable pour celles qui recherchent un look sophistiqu\u00e9 et tendance. Il refl\u00e8te avec \u00e9l\u00e9gance votre personnalit\u00e9 unique, apportant une touche de charme naturel \u00e0 chacun de vos pas.<\/p>\n<p><strong>Type de produit : <\/strong>Colliers<\/p>\n<p><strong>Nom du produit :\u00a0<\/strong>Collier D\u00e9lice Goutte de Ros\u00e9e<\/p>\n<p><strong>Mat\u00e9riel: <\/strong>100% Argent sterling 925<\/p>\n<p><strong>Article:\u00a0<\/strong>MXL024<\/p>\n<p><img loading=\"lazy\" decoding=\"async\" class=\"alignnone wp-image-6581 size-full\" src=\"https:\/\/dolcejewellery.com\/wp-content\/uploads\/2025\/02\/MXL024.png\" alt=\"\" width=\"800\" height=\"800\" srcset=\"https:\/\/dolcejewellery.com\/wp-content\/uploads\/2025\/02\/MXL024.png 800w, https:\/\/dolcejewellery.com\/wp-content\/uploads\/2025\/02\/MXL024-300x300.png 300w, https:\/\/dolcejewellery.com\/wp-content\/uploads\/2025\/02\/MXL024-150x150.png 150w, https:\/\/dolcejewellery.com\/wp-content\/uploads\/2025\/02\/MXL024-768x768.png 768w, https:\/\/dolcejewellery.com\/wp-content\/uploads\/2025\/02\/MXL024-600x600.png 600w, https:\/\/dolcejewellery.com\/wp-content\/uploads\/2025\/02\/MXL024-100x100.png 100w\" sizes=\"auto, (max-width: 800px) 100vw, 800px\" \/><\/p>","protected":false},"excerpt":{"rendered":"<p>Description &amp; Details Dolce Jewellery, Dewdrop Delight Necklace. Elevate your style with the enchanting and chic appeal of the Dewdrop Delight Necklace. This exquisite piece of fashion jewellery is crafted from genuine 925 sterling silver, ensuring both quality and elegance. Featuring a delicate chain adorned with multiple small water droplet charms, this necklace captures the [&#8230;]\n","protected":false},"featured_media":6579,"comment_status":"open","ping_status":"closed","template":"","meta":[],"product_brand":[],"product_cat":[36,29],"product_tag":[],"class_list":{"0":"post-2715","1":"product","2":"type-product","3":"status-publish","4":"has-post-thumbnail","6":"product_cat-necklaces","7":"product_cat-shop-all","9":"first","10":"instock","11":"shipping-taxable","12":"purchasable","13":"product-type-simple"},"_links":{"self":[{"href":"https:\/\/dolcejewellery.com\/fr\/wp-json\/wp\/v2\/product\/2715","targetHints":{"allow":["GET"]}}],"collection":[{"href":"https:\/\/dolcejewellery.com\/fr\/wp-json\/wp\/v2\/product"}],"about":[{"href":"https:\/\/dolcejewellery.com\/fr\/wp-json\/wp\/v2\/types\/product"}],"replies":[{"embeddable":true,"href":"https:\/\/dolcejewellery.com\/fr\/wp-json\/wp\/v2\/comments?post=2715"}],"wp:featuredmedia":[{"embeddable":true,"href":"https:\/\/dolcejewellery.com\/fr\/wp-json\/wp\/v2\/media\/6579"}],"wp:attachment":[{"href":"https:\/\/dolcejewellery.com\/fr\/wp-json\/wp\/v2\/media?parent=2715"}],"wp:term":[{"taxonomy":"product_brand","embeddable":true,"href":"https:\/\/dolcejewellery.com\/fr\/wp-json\/wp\/v2\/product_brand?post=2715"},{"taxonomy":"product_cat","embeddable":true,"href":"https:\/\/dolcejewellery.com\/fr\/wp-json\/wp\/v2\/product_cat?post=2715"},{"taxonomy":"product_tag","embeddable":true,"href":"https:\/\/dolcejewellery.com\/fr\/wp-json\/wp\/v2\/product_tag?post=2715"}],"curies":[{"name":"wp","href":"https:\/\/api.w.org\/{rel}","templated":true}]}}