{"id":2712,"date":"2025-02-01T11:14:16","date_gmt":"2025-02-01T11:14:16","guid":{"rendered":"https:\/\/dolcejewellery.com\/product\/dazzling-dangles-necklace\/"},"modified":"2025-11-19T14:30:55","modified_gmt":"2025-11-19T13:30:55","slug":"dazzling-dangles-necklace","status":"publish","type":"product","link":"https:\/\/dolcejewellery.com\/fr\/produit\/dazzling-dangles-necklace\/","title":{"rendered":"Collier \u00e0 pendentifs \u00e9blouissants"},"content":{"rendered":"<h1><strong>Description et d\u00e9tails<\/strong><\/h1>\n<p><strong>Dolce Jewellery, Collier pendentif \u00e9blouissant.<\/strong><\/p>\n<p>Pr\u00e9parez-vous \u00e0 affirmer votre glamour avec le collier Dazzling Dangles, un luxueux accessoire ras-de-cou con\u00e7u pour les femmes qui aiment briller. Confectionn\u00e9 en argent sterling 925 de haute qualit\u00e9, ce collier est dot\u00e9 d&#039;une cha\u00eene simple orn\u00e9e de magnifiques zircons suspendus.<\/p>\n<p>La simplicit\u00e9 de la cha\u00eene met en valeur les zircons, cr\u00e9ant un spectacle fascinant d&#039;\u00e9clat et de brillance. Chaque zircon est d\u00e9licatement suspendu \u00e0 la cha\u00eene, capturant la lumi\u00e8re \u00e0 chaque mouvement, ajoutant une touche d&#039;opulence et de luxe \u00e0 votre tenue de soir\u00e9e.<\/p>\n<p>Le collier Dazzling Dangles est le bijou id\u00e9al pour sublimer votre style lors d&#039;occasions sp\u00e9ciales et de f\u00eates. Sa longueur ras du cou met magnifiquement en valeur votre clavicule, cr\u00e9ant un look sophistiqu\u00e9 et s\u00e9duisant qui ne manquera pas de faire tourner les t\u00eates.<\/p>\n<p>Adoptez l&#039;\u00e9l\u00e9gance et l&#039;\u00e9clat avec le collier Dazzling Dangles de Dolce Jewellery. Fabriqu\u00e9 avec un savoir-faire exquis, il incarne l&#039;essence m\u00eame du luxe et du glamour. Faites-en votre accessoire incontournable pour ajouter une touche d&#039;\u00e9clat \u00e0 vos tenues de soir\u00e9e et attirer tous les regards.<\/p>\n<p><strong>Type de produit : <\/strong>Colliers<\/p>\n<p><strong>Nom du produit :\u00a0<\/strong>Collier \u00e0 pendentifs \u00e9blouissants<\/p>\n<p><strong>Pierre: <\/strong>Zircon<\/p>\n<p><strong>Mat\u00e9riel: <\/strong>100% Argent sterling 925<\/p>\n<p><strong>Longueur: <\/strong>40 cm (15,7 pouces), la longueur de la cha\u00eene peut \u00eatre allong\u00e9e d&#039;environ 5 cm (2 pouces)<\/p>\n<p><strong>Article:\u00a0<\/strong>MXL017<\/p>\n<p><img loading=\"lazy\" decoding=\"async\" class=\"alignnone wp-image-6573 size-full\" src=\"https:\/\/dolcejewellery.com\/wp-content\/uploads\/2025\/02\/3.8mm.png\" alt=\"\" width=\"800\" height=\"800\" srcset=\"https:\/\/dolcejewellery.com\/wp-content\/uploads\/2025\/02\/3.8mm.png 800w, https:\/\/dolcejewellery.com\/wp-content\/uploads\/2025\/02\/3.8mm-300x300.png 300w, https:\/\/dolcejewellery.com\/wp-content\/uploads\/2025\/02\/3.8mm-150x150.png 150w, https:\/\/dolcejewellery.com\/wp-content\/uploads\/2025\/02\/3.8mm-768x768.png 768w, https:\/\/dolcejewellery.com\/wp-content\/uploads\/2025\/02\/3.8mm-600x600.png 600w, https:\/\/dolcejewellery.com\/wp-content\/uploads\/2025\/02\/3.8mm-100x100.png 100w\" sizes=\"auto, (max-width: 800px) 100vw, 800px\" \/><\/p>","protected":false},"excerpt":{"rendered":"<p>Description &amp; Details Dolce Jewellery, Dazzling Dangles Necklace. Get ready to make a glamorous statement with the Dazzling Dangles Necklace, a luxurious choker-style accessory designed for women who love to shine. Crafted from high-quality 925 sterling silver, this necklace features a simple chain adorned with stunning dangling zircons. The simplicity of the chain allows the [&#8230;]\n","protected":false},"featured_media":6571,"comment_status":"open","ping_status":"closed","template":"","meta":[],"product_brand":[],"product_cat":[36,29],"product_tag":[],"class_list":{"0":"post-2712","1":"product","2":"type-product","3":"status-publish","4":"has-post-thumbnail","6":"product_cat-necklaces","7":"product_cat-shop-all","9":"first","10":"instock","11":"shipping-taxable","12":"purchasable","13":"product-type-variable"},"_links":{"self":[{"href":"https:\/\/dolcejewellery.com\/fr\/wp-json\/wp\/v2\/product\/2712","targetHints":{"allow":["GET"]}}],"collection":[{"href":"https:\/\/dolcejewellery.com\/fr\/wp-json\/wp\/v2\/product"}],"about":[{"href":"https:\/\/dolcejewellery.com\/fr\/wp-json\/wp\/v2\/types\/product"}],"replies":[{"embeddable":true,"href":"https:\/\/dolcejewellery.com\/fr\/wp-json\/wp\/v2\/comments?post=2712"}],"wp:featuredmedia":[{"embeddable":true,"href":"https:\/\/dolcejewellery.com\/fr\/wp-json\/wp\/v2\/media\/6571"}],"wp:attachment":[{"href":"https:\/\/dolcejewellery.com\/fr\/wp-json\/wp\/v2\/media?parent=2712"}],"wp:term":[{"taxonomy":"product_brand","embeddable":true,"href":"https:\/\/dolcejewellery.com\/fr\/wp-json\/wp\/v2\/product_brand?post=2712"},{"taxonomy":"product_cat","embeddable":true,"href":"https:\/\/dolcejewellery.com\/fr\/wp-json\/wp\/v2\/product_cat?post=2712"},{"taxonomy":"product_tag","embeddable":true,"href":"https:\/\/dolcejewellery.com\/fr\/wp-json\/wp\/v2\/product_tag?post=2712"}],"curies":[{"name":"wp","href":"https:\/\/api.w.org\/{rel}","templated":true}]}}