{"id":2709,"date":"2025-02-01T11:14:16","date_gmt":"2025-02-01T11:14:16","guid":{"rendered":"https:\/\/dolcejewellery.com\/product\/dazzling-cascade-necklace\/"},"modified":"2025-11-19T14:26:10","modified_gmt":"2025-11-19T13:26:10","slug":"dazzling-cascade-necklace","status":"publish","type":"product","link":"https:\/\/dolcejewellery.com\/fr\/produit\/dazzling-cascade-necklace\/","title":{"rendered":"Collier Cascade \u00c9blouissante"},"content":{"rendered":"<h1><strong>Description et d\u00e9tails<\/strong><\/h1>\n<p><strong>Dolce Jewellery, Collier Cascade \u00c9blouissante.<\/strong><\/p>\n<p>Sublimez votre style avec la beaut\u00e9 envo\u00fbtante du collier Cascade \u00c9blouissante, un collier en argent sterling 925 alliant simplicit\u00e9 et d\u00e9tails \u00e9clatants. Ce collier raffin\u00e9 est orn\u00e9 d&#039;un pendentif goutte d&#039;eau, dont la moiti\u00e9 est d\u00e9licatement creuse et l&#039;autre orn\u00e9e de zircons scintillants, le tout suspendu \u00e0 une cha\u00eene d\u00e9licate.<\/p>\n<p>Le collier Cascade \u00c9blouissante incarne l&#039;\u00e9l\u00e9gance et la sophistication. La moiti\u00e9 creuse du pendentif goutte d&#039;eau lui conf\u00e8re un charme a\u00e9rien, tandis que la moiti\u00e9 orn\u00e9e de zircons lui conf\u00e8re un \u00e9clat captivant. Ce collier est l&#039;accessoire id\u00e9al pour affirmer votre style, que ce soit pour une occasion sp\u00e9ciale ou pour ajouter une touche de glamour \u00e0 votre tenue quotidienne.<\/p>\n<p>Confectionn\u00e9 avec pr\u00e9cision et souci du d\u00e9tail, le collier Cascade \u00c9blouissante offre un confort optimal et un style naturel. Sa cha\u00eene d\u00e9licate s&#039;harmonise avec le pendentif goutte d&#039;eau, cr\u00e9ant un design harmonieux et \u00e9quilibr\u00e9 qui sublime votre d\u00e9collet\u00e9 avec gr\u00e2ce.<\/p>\n<p>Laissez le collier Cascade \u00c9blouissante de Dolce Jewellery refl\u00e9ter votre go\u00fbt raffin\u00e9. Admirez la beaut\u00e9 de son pendentif goutte d&#039;eau creux orn\u00e9 de zircons, qui apportera une touche d&#039;\u00e9l\u00e9gance \u00e0 votre look. Polyvalent, ce collier s&#039;adapte \u00e0 toutes les occasions et vous permet d&#039;afficher votre style unique et de rayonner d&#039;\u00e9l\u00e9gance o\u00f9 que vous alliez.<\/p>\n<p><strong>Type de produit : <\/strong>Colliers<\/p>\n<p><strong>Nom du produit :\u00a0<\/strong>Collier Cascade \u00c9blouissante<\/p>\n<p><strong>Pierre: <\/strong>Zircon<\/p>\n<p><strong>Mat\u00e9riel: <\/strong>100% Argent sterling 925<\/p>\n<p><strong>Longueur: <\/strong>44,5 cm (17,5 pouces), la longueur de la cha\u00eene peut \u00eatre allong\u00e9e d&#039;environ 5 cm (2 pouces)<\/p>\n<p><strong>Article:\u00a0<\/strong>BKXL126<\/p>\n<p><img decoding=\"async\" src=\"https:\/\/cdn.shopify.com\/s\/files\/1\/0559\/8819\/1417\/files\/9ea49a7c-524b-4c17-989f-008b7ba427b8_480x480.png?v=1687021547\" alt=\"\" \/><\/p>","protected":false},"excerpt":{"rendered":"<p>Description &amp; Details Dolce Jewellery,\u00a0Dazzling Cascade Necklace. Elevate your style with the enchanting beauty of the Dazzling Cascade Necklace, a 925 sterling silver necklace that combines simplicity with dazzling details. This exquisite necklace features a water drop pendant, where half of it is delicately hollow and the other half is adorned with shimmering zircon stones, [&#8230;]\n","protected":false},"featured_media":6559,"comment_status":"open","ping_status":"closed","template":"","meta":[],"product_brand":[],"product_cat":[36,29],"product_tag":[],"class_list":{"0":"post-2709","1":"product","2":"type-product","3":"status-publish","4":"has-post-thumbnail","6":"product_cat-necklaces","7":"product_cat-shop-all","9":"first","10":"instock","11":"shipping-taxable","12":"purchasable","13":"product-type-variable"},"_links":{"self":[{"href":"https:\/\/dolcejewellery.com\/fr\/wp-json\/wp\/v2\/product\/2709","targetHints":{"allow":["GET"]}}],"collection":[{"href":"https:\/\/dolcejewellery.com\/fr\/wp-json\/wp\/v2\/product"}],"about":[{"href":"https:\/\/dolcejewellery.com\/fr\/wp-json\/wp\/v2\/types\/product"}],"replies":[{"embeddable":true,"href":"https:\/\/dolcejewellery.com\/fr\/wp-json\/wp\/v2\/comments?post=2709"}],"wp:featuredmedia":[{"embeddable":true,"href":"https:\/\/dolcejewellery.com\/fr\/wp-json\/wp\/v2\/media\/6559"}],"wp:attachment":[{"href":"https:\/\/dolcejewellery.com\/fr\/wp-json\/wp\/v2\/media?parent=2709"}],"wp:term":[{"taxonomy":"product_brand","embeddable":true,"href":"https:\/\/dolcejewellery.com\/fr\/wp-json\/wp\/v2\/product_brand?post=2709"},{"taxonomy":"product_cat","embeddable":true,"href":"https:\/\/dolcejewellery.com\/fr\/wp-json\/wp\/v2\/product_cat?post=2709"},{"taxonomy":"product_tag","embeddable":true,"href":"https:\/\/dolcejewellery.com\/fr\/wp-json\/wp\/v2\/product_tag?post=2709"}],"curies":[{"name":"wp","href":"https:\/\/api.w.org\/{rel}","templated":true}]}}