{"id":2704,"date":"2025-02-01T11:14:15","date_gmt":"2025-02-01T11:14:15","guid":{"rendered":"https:\/\/dolcejewellery.com\/product\/daisy-choker-necklace\/"},"modified":"2025-11-19T14:43:36","modified_gmt":"2025-11-19T13:43:36","slug":"daisy-choker-necklace","status":"publish","type":"product","link":"https:\/\/dolcejewellery.com\/fr\/produit\/daisy-choker-necklace\/","title":{"rendered":"Collier ras du cou Daisy"},"content":{"rendered":"<h1><strong>Description et d\u00e9tails<\/strong><\/h1>\n<p><strong>Dolce Jewellery, Collier ras du cou Daisy.\u00a0<\/strong><\/p>\n<p>Laissez vos accessoires sublimer votre tenue. \u00c9tincelant et \u00e9l\u00e9gant, ce collier Dolce Jewellery scintille d\u00e9licatement gr\u00e2ce \u00e0 sa finition polie et sublimera n&#039;importe quelle tenue. Il est compos\u00e9 d&#039;une cha\u00eene argent\u00e9e orn\u00e9e d&#039;une magnifique marguerite et d&#039;un cristal blanc \u00e9tincelant. Un accessoire que vous ch\u00e9rirez pendant des ann\u00e9es. Une d\u00e9claration parfaite.<\/p>\n<p><strong>Type de produit : <\/strong>Colliers<\/p>\n<p><strong>Nom du produit :\u00a0<\/strong>Collier ras du cou Daisy<\/p>\n<p><strong>Pierre: <\/strong>Zircon<\/p>\n<p><strong>Mat\u00e9riel: <\/strong>100% Argent sterling 925<\/p>\n<p><strong>Longueur: <\/strong>43 cm (16,9 pouces), la longueur de la cha\u00eene peut \u00eatre allong\u00e9e d&#039;environ 5 cm (2 pouces)<\/p>\n<p><strong>Article:\u00a0<\/strong>BKXL064<\/p>\n<p>La partie pendentif peut \u00eatre ajust\u00e9e librement.<\/p>\n<p><img loading=\"lazy\" decoding=\"async\" class=\"alignnone\" src=\"https:\/\/cdn.shopify.com\/s\/files\/1\/0559\/8819\/1417\/files\/7636566f-1a35-40aa-afb4-1d86fb089281_480x480.png?v=1628515061\" alt=\"\" width=\"480\" height=\"480\" \/><\/p>\n<p>&nbsp;<\/p>","protected":false},"excerpt":{"rendered":"<p>Description &amp; Details Dolce Jewellery, Daisy Choker Necklace.\u00a0 Let your accessories carry your outfit. Sparkling and elegant, this necklace from Dolce Jewellery shimmers gently with a polished finish and will elevate any look. It consists of a silver-tone chain, adorned with a beautiful daisy flower and a sparkling white crystal. This is bound to be [&#8230;]\n","protected":false},"featured_media":6590,"comment_status":"open","ping_status":"closed","template":"","meta":[],"product_brand":[],"product_cat":[36,29],"product_tag":[],"class_list":{"0":"post-2704","1":"product","2":"type-product","3":"status-publish","4":"has-post-thumbnail","6":"product_cat-necklaces","7":"product_cat-shop-all","9":"first","10":"instock","11":"shipping-taxable","12":"purchasable","13":"product-type-simple"},"_links":{"self":[{"href":"https:\/\/dolcejewellery.com\/fr\/wp-json\/wp\/v2\/product\/2704","targetHints":{"allow":["GET"]}}],"collection":[{"href":"https:\/\/dolcejewellery.com\/fr\/wp-json\/wp\/v2\/product"}],"about":[{"href":"https:\/\/dolcejewellery.com\/fr\/wp-json\/wp\/v2\/types\/product"}],"replies":[{"embeddable":true,"href":"https:\/\/dolcejewellery.com\/fr\/wp-json\/wp\/v2\/comments?post=2704"}],"wp:featuredmedia":[{"embeddable":true,"href":"https:\/\/dolcejewellery.com\/fr\/wp-json\/wp\/v2\/media\/6590"}],"wp:attachment":[{"href":"https:\/\/dolcejewellery.com\/fr\/wp-json\/wp\/v2\/media?parent=2704"}],"wp:term":[{"taxonomy":"product_brand","embeddable":true,"href":"https:\/\/dolcejewellery.com\/fr\/wp-json\/wp\/v2\/product_brand?post=2704"},{"taxonomy":"product_cat","embeddable":true,"href":"https:\/\/dolcejewellery.com\/fr\/wp-json\/wp\/v2\/product_cat?post=2704"},{"taxonomy":"product_tag","embeddable":true,"href":"https:\/\/dolcejewellery.com\/fr\/wp-json\/wp\/v2\/product_tag?post=2704"}],"curies":[{"name":"wp","href":"https:\/\/api.w.org\/{rel}","templated":true}]}}