{"id":2701,"date":"2025-02-01T11:14:15","date_gmt":"2025-02-01T11:14:15","guid":{"rendered":"https:\/\/dolcejewellery.com\/product\/dainty-droplet-necklace\/"},"modified":"2025-11-19T14:41:02","modified_gmt":"2025-11-19T13:41:02","slug":"dainty-droplet-necklace","status":"publish","type":"product","link":"https:\/\/dolcejewellery.com\/fr\/produit\/dainty-droplet-necklace\/","title":{"rendered":"Collier d\u00e9licat avec gouttelettes"},"content":{"rendered":"<h1><strong>Description et d\u00e9tails<\/strong><\/h1>\n<p><strong>Dolce Jewellery, Collier Gouttelette D\u00e9licate.<\/strong><\/p>\n<p>D\u00e9couvrez l&#039;\u00e9l\u00e9gance discr\u00e8te du collier Dainty Droplet, un bijou id\u00e9al pour les femmes et les adolescentes. Confectionn\u00e9 en argent sterling 925 v\u00e9ritable 100%, ce collier arbore un pendentif minimaliste en forme de goutte d\u00e9licatement suspendu \u00e0 une fine cha\u00eene.<\/p>\n<p>La simplicit\u00e9 de son design ajoute une touche de sophistication \u00e0 votre look, ce qui en fait l&#039;accessoire id\u00e9al pour les occasions d\u00e9contract\u00e9es comme formelles. Que vous vous habilliez pour un \u00e9v\u00e9nement sp\u00e9cial ou une sortie d\u00e9contract\u00e9e, le collier Dainty Droplet sublimera votre style en toute simplicit\u00e9.<\/p>\n<p>Confectionn\u00e9 avec une attention m\u00e9ticuleuse aux d\u00e9tails, ce collier d\u00e9gage une beaut\u00e9 raffin\u00e9e. Son design minimaliste c\u00e9l\u00e8bre la beaut\u00e9 de la simplicit\u00e9, permettant au pendentif de briller comme point central de la pi\u00e8ce.<\/p>\n<p>Sublimez votre collection de bijoux avec le collier Dainty Droplet de Dolce Jewellery. Confectionn\u00e9 avec des mat\u00e9riaux de haute qualit\u00e9, il est synonyme d&#039;\u00e9l\u00e9gance intemporelle et de polyvalence. Que vous le portiez vous-m\u00eame ou l&#039;offriez \u00e0 un \u00eatre cher, ce collier est un accessoire parfait \u00e0 ch\u00e9rir et \u00e0 appr\u00e9cier pendant des ann\u00e9es.<\/p>\n<p><strong>Type de produit : <\/strong>Colliers<\/p>\n<p><strong>Nom du produit :\u00a0<\/strong>Collier d\u00e9licat avec gouttelettes<\/p>\n<p><strong>Mat\u00e9riel: <\/strong>100% Argent sterling 925<\/p>\n<p><strong>Longueur: <\/strong>40 cm (16 pouces), la longueur de la cha\u00eene peut \u00eatre allong\u00e9e d&#039;environ 3 cm (1,2 pouces)<\/p>\n<p><strong>Article:\u00a0<\/strong>BKXL050<\/p>\n<p><img loading=\"lazy\" decoding=\"async\" class=\"alignnone wp-image-6589 size-full\" src=\"https:\/\/dolcejewellery.com\/wp-content\/uploads\/2025\/02\/\u5c3a\u5bf8\u56fe-1.png\" alt=\"\" width=\"800\" height=\"800\" srcset=\"https:\/\/dolcejewellery.com\/wp-content\/uploads\/2025\/02\/\u5c3a\u5bf8\u56fe-1.png 800w, https:\/\/dolcejewellery.com\/wp-content\/uploads\/2025\/02\/\u5c3a\u5bf8\u56fe-1-300x300.png 300w, https:\/\/dolcejewellery.com\/wp-content\/uploads\/2025\/02\/\u5c3a\u5bf8\u56fe-1-150x150.png 150w, https:\/\/dolcejewellery.com\/wp-content\/uploads\/2025\/02\/\u5c3a\u5bf8\u56fe-1-768x768.png 768w, https:\/\/dolcejewellery.com\/wp-content\/uploads\/2025\/02\/\u5c3a\u5bf8\u56fe-1-600x600.png 600w, https:\/\/dolcejewellery.com\/wp-content\/uploads\/2025\/02\/\u5c3a\u5bf8\u56fe-1-100x100.png 100w\" sizes=\"auto, (max-width: 800px) 100vw, 800px\" \/><\/p>","protected":false},"excerpt":{"rendered":"<p>Description &amp; Details Dolce Jewellery,\u00a0Dainty Droplet Necklace. Experience the understated elegance of the Dainty Droplet Necklace, a perfect piece of jewellery designed for women and teens. Crafted from real 100% 925 sterling silver, this necklace features a minimalist droplet-shaped pendant hanging delicately from a fine chain. The simplicity of the design adds a touch of [&#8230;]\n","protected":false},"featured_media":6583,"comment_status":"open","ping_status":"closed","template":"","meta":[],"product_brand":[],"product_cat":[36,29],"product_tag":[],"class_list":{"0":"post-2701","1":"product","2":"type-product","3":"status-publish","4":"has-post-thumbnail","6":"product_cat-necklaces","7":"product_cat-shop-all","9":"first","10":"instock","11":"shipping-taxable","12":"purchasable","13":"product-type-variable"},"_links":{"self":[{"href":"https:\/\/dolcejewellery.com\/fr\/wp-json\/wp\/v2\/product\/2701","targetHints":{"allow":["GET"]}}],"collection":[{"href":"https:\/\/dolcejewellery.com\/fr\/wp-json\/wp\/v2\/product"}],"about":[{"href":"https:\/\/dolcejewellery.com\/fr\/wp-json\/wp\/v2\/types\/product"}],"replies":[{"embeddable":true,"href":"https:\/\/dolcejewellery.com\/fr\/wp-json\/wp\/v2\/comments?post=2701"}],"wp:featuredmedia":[{"embeddable":true,"href":"https:\/\/dolcejewellery.com\/fr\/wp-json\/wp\/v2\/media\/6583"}],"wp:attachment":[{"href":"https:\/\/dolcejewellery.com\/fr\/wp-json\/wp\/v2\/media?parent=2701"}],"wp:term":[{"taxonomy":"product_brand","embeddable":true,"href":"https:\/\/dolcejewellery.com\/fr\/wp-json\/wp\/v2\/product_brand?post=2701"},{"taxonomy":"product_cat","embeddable":true,"href":"https:\/\/dolcejewellery.com\/fr\/wp-json\/wp\/v2\/product_cat?post=2701"},{"taxonomy":"product_tag","embeddable":true,"href":"https:\/\/dolcejewellery.com\/fr\/wp-json\/wp\/v2\/product_tag?post=2701"}],"curies":[{"name":"wp","href":"https:\/\/api.w.org\/{rel}","templated":true}]}}