{"id":2698,"date":"2025-02-01T11:14:15","date_gmt":"2025-02-01T11:14:15","guid":{"rendered":"https:\/\/dolcejewellery.com\/product\/cute-pearl-earrings\/"},"modified":"2025-11-19T14:38:23","modified_gmt":"2025-11-19T13:38:23","slug":"cute-pearl-earrings","status":"publish","type":"product","link":"https:\/\/dolcejewellery.com\/fr\/produit\/cute-pearl-earrings\/","title":{"rendered":"Boucles d&#039;oreilles en perles mignonnes"},"content":{"rendered":"<h1><strong>Description et d\u00e9tails<\/strong><\/h1>\n<p><strong>Dolce Jewellery, Boucles d&#039;oreilles en perles mignonnes.<\/strong><\/p>\n<p>Vous avez bient\u00f4t un rendez-vous sp\u00e9cial ? Soyez au top avec ces adorables boucles d&#039;oreilles en perles sign\u00e9es Dolce Jewellery. Orn\u00e9es de perles d&#039;eau douce et de cristaux de zircon, ces puces d&#039;oreilles vous feront remarquer \u00e0 tout moment. Tellement chic.<\/p>\n<p>Offert en deux couleurs : Argent et Or.<\/p>\n<p>Ces boucles d&#039;oreilles sont vendues par paire.<\/p>\n<p><strong>Type de produit :<\/strong> Boucles d&#039;oreilles \u00e0 tige<\/p>\n<p><strong>Nom du produit :\u00a0<\/strong>Boucles d&#039;oreilles en perles mignonnes<\/p>\n<p><strong>Pierre: <\/strong>Zircon<\/p>\n<p><strong>Type de perle :<\/strong>\u00a0Perles d&#039;eau douce<\/p>\n<p><strong>Mat\u00e9riel:\u00a0<\/strong>100% Argent sterling 925<\/p>\n<p><strong>Poids:\u00a0<\/strong>0,53 g<\/p>\n<p><strong>Article:\u00a0<\/strong>BKEJ309<\/p>\n<p><img loading=\"lazy\" decoding=\"async\" class=\"alignnone wp-image-8043 size-full\" src=\"https:\/\/dolcejewellery.com\/wp-content\/uploads\/2025\/02\/BKEJ309.png\" alt=\"\" width=\"780\" height=\"551\" srcset=\"https:\/\/dolcejewellery.com\/wp-content\/uploads\/2025\/02\/BKEJ309.png 780w, https:\/\/dolcejewellery.com\/wp-content\/uploads\/2025\/02\/BKEJ309-300x212.png 300w, https:\/\/dolcejewellery.com\/wp-content\/uploads\/2025\/02\/BKEJ309-768x543.png 768w\" sizes=\"auto, (max-width: 780px) 100vw, 780px\" \/><\/p>","protected":false},"excerpt":{"rendered":"<p>Description &amp; Details Dolce Jewellery,\u00a0Cute Pearl Earrings. Going on a special date soon? Make sure you be at your best with these cute pearl earrings from Dolce Jewellery. Embellished with freshwater pearls and zircon crystals, these stud earrings will make you stand out anytime. So chic. Offered in two colors: Silver &amp; Gold. These earrings [&#8230;]\n","protected":false},"featured_media":8037,"comment_status":"open","ping_status":"closed","template":"","meta":[],"product_brand":[],"product_cat":[34,29,38],"product_tag":[25],"class_list":{"0":"post-2698","1":"product","2":"type-product","3":"status-publish","4":"has-post-thumbnail","6":"product_cat-earrings","7":"product_cat-shop-all","8":"product_cat-stud-earrings","9":"product_tag-stud-earrings","11":"first","12":"instock","13":"shipping-taxable","14":"purchasable","15":"product-type-variable"},"_links":{"self":[{"href":"https:\/\/dolcejewellery.com\/fr\/wp-json\/wp\/v2\/product\/2698","targetHints":{"allow":["GET"]}}],"collection":[{"href":"https:\/\/dolcejewellery.com\/fr\/wp-json\/wp\/v2\/product"}],"about":[{"href":"https:\/\/dolcejewellery.com\/fr\/wp-json\/wp\/v2\/types\/product"}],"replies":[{"embeddable":true,"href":"https:\/\/dolcejewellery.com\/fr\/wp-json\/wp\/v2\/comments?post=2698"}],"wp:featuredmedia":[{"embeddable":true,"href":"https:\/\/dolcejewellery.com\/fr\/wp-json\/wp\/v2\/media\/8037"}],"wp:attachment":[{"href":"https:\/\/dolcejewellery.com\/fr\/wp-json\/wp\/v2\/media?parent=2698"}],"wp:term":[{"taxonomy":"product_brand","embeddable":true,"href":"https:\/\/dolcejewellery.com\/fr\/wp-json\/wp\/v2\/product_brand?post=2698"},{"taxonomy":"product_cat","embeddable":true,"href":"https:\/\/dolcejewellery.com\/fr\/wp-json\/wp\/v2\/product_cat?post=2698"},{"taxonomy":"product_tag","embeddable":true,"href":"https:\/\/dolcejewellery.com\/fr\/wp-json\/wp\/v2\/product_tag?post=2698"}],"curies":[{"name":"wp","href":"https:\/\/api.w.org\/{rel}","templated":true}]}}