{"id":2695,"date":"2025-02-01T11:14:15","date_gmt":"2025-02-01T11:14:15","guid":{"rendered":"https:\/\/dolcejewellery.com\/product\/cute-knotted-ring\/"},"modified":"2025-11-19T14:35:40","modified_gmt":"2025-11-19T13:35:40","slug":"cute-knotted-ring","status":"publish","type":"product","link":"https:\/\/dolcejewellery.com\/fr\/produit\/cute-knotted-ring\/","title":{"rendered":"Jolie bague nou\u00e9e"},"content":{"rendered":"<h1><strong>Description et d\u00e9tails<\/strong><\/h1>\n<p><strong>Dolce Jewellery, jolie bague nou\u00e9e.<\/strong><\/p>\n<p>Besoin d&#039;un petit coup de jeune ? Optez pour une bague. Cette magnifique bague ajustable \u00e0 double n\u0153ud sign\u00e9e Dolce Jewellery brille par sa simplicit\u00e9.<\/p>\n<p>Disponible en deux couleurs : Argent et Or.<\/p>\n<p><strong>Type de produit :\u00a0<\/strong>Bagues<\/p>\n<p><strong>Nom du produit :\u00a0<\/strong>Jolie bague nou\u00e9e<\/p>\n<p><strong>Mat\u00e9riel:\u00a0<\/strong>100% Argent sterling 925<\/p>\n<p><strong>Article:\u00a0<\/strong>BKJZ112<\/p>\n<p><img loading=\"lazy\" decoding=\"async\" class=\"alignnone wp-image-7345 size-full\" src=\"https:\/\/dolcejewellery.com\/wp-content\/uploads\/2025\/02\/BKJZ112.png\" alt=\"\" width=\"780\" height=\"551\" srcset=\"https:\/\/dolcejewellery.com\/wp-content\/uploads\/2025\/02\/BKJZ112.png 780w, https:\/\/dolcejewellery.com\/wp-content\/uploads\/2025\/02\/BKJZ112-300x212.png 300w, https:\/\/dolcejewellery.com\/wp-content\/uploads\/2025\/02\/BKJZ112-768x543.png 768w\" sizes=\"auto, (max-width: 780px) 100vw, 780px\" \/><\/p>","protected":false},"excerpt":{"rendered":"<p>Description et d\u00e9tails Dolce Jewellery, Jolie bague nou\u00e9e. Besoin d&#039;un petit coup de jeune\u00a0? Optez pour une bague. Cette magnifique bague ajustable \u00e0 double n\u0153ud sign\u00e9e Dolce Jewellery est d&#039;une simplicit\u00e9 \u00e9clatante. Disponible en deux coloris\u00a0: argent et or. Type de produit\u00a0: Bagues. Nom du produit\u00a0: Jolie bague nou\u00e9e. Mat\u00e9riau\u00a0: argent sterling 925 100%. Article\u00a0: BKJZ112.<\/p>","protected":false},"featured_media":7339,"comment_status":"open","ping_status":"closed","template":"","meta":[],"product_brand":[],"product_cat":[37,29],"product_tag":[],"class_list":{"0":"post-2695","1":"product","2":"type-product","3":"status-publish","4":"has-post-thumbnail","6":"product_cat-rings","7":"product_cat-shop-all","9":"first","10":"instock","11":"shipping-taxable","12":"purchasable","13":"product-type-variable"},"_links":{"self":[{"href":"https:\/\/dolcejewellery.com\/fr\/wp-json\/wp\/v2\/product\/2695","targetHints":{"allow":["GET"]}}],"collection":[{"href":"https:\/\/dolcejewellery.com\/fr\/wp-json\/wp\/v2\/product"}],"about":[{"href":"https:\/\/dolcejewellery.com\/fr\/wp-json\/wp\/v2\/types\/product"}],"replies":[{"embeddable":true,"href":"https:\/\/dolcejewellery.com\/fr\/wp-json\/wp\/v2\/comments?post=2695"}],"wp:featuredmedia":[{"embeddable":true,"href":"https:\/\/dolcejewellery.com\/fr\/wp-json\/wp\/v2\/media\/7339"}],"wp:attachment":[{"href":"https:\/\/dolcejewellery.com\/fr\/wp-json\/wp\/v2\/media?parent=2695"}],"wp:term":[{"taxonomy":"product_brand","embeddable":true,"href":"https:\/\/dolcejewellery.com\/fr\/wp-json\/wp\/v2\/product_brand?post=2695"},{"taxonomy":"product_cat","embeddable":true,"href":"https:\/\/dolcejewellery.com\/fr\/wp-json\/wp\/v2\/product_cat?post=2695"},{"taxonomy":"product_tag","embeddable":true,"href":"https:\/\/dolcejewellery.com\/fr\/wp-json\/wp\/v2\/product_tag?post=2695"}],"curies":[{"name":"wp","href":"https:\/\/api.w.org\/{rel}","templated":true}]}}