{"id":2692,"date":"2025-02-01T11:14:14","date_gmt":"2025-02-01T11:14:14","guid":{"rendered":"https:\/\/dolcejewellery.com\/product\/cute-kitty-earrings\/"},"modified":"2025-11-19T14:53:14","modified_gmt":"2025-11-19T13:53:14","slug":"cute-kitty-earrings","status":"publish","type":"product","link":"https:\/\/dolcejewellery.com\/fr\/produit\/cute-kitty-earrings\/","title":{"rendered":"Boucles d&#039;oreilles mignonnes en forme de chat"},"content":{"rendered":"<h1><strong>Description et d\u00e9tails<\/strong><\/h1>\n<p><strong>Dolce Jewellery, Boucles d&#039;oreilles chat mignon.<\/strong><\/p>\n<p>Un grand enfant dans l&#039;\u00e2me. Orn\u00e9es d&#039;un motif chat, les adorables boucles d&#039;oreilles chaton de Dolce Jewellery vous transporteront vers une \u00e9poque plus heureuse et plus jeune. Et parfois, c&#039;est exactement ce dont la vie d&#039;adulte a besoin.<\/p>\n<p>Disponible en deux couleurs : Argent et Or Rose.<\/p>\n<p>Ces boucles d&#039;oreilles sont vendues par paire.<\/p>\n<p><strong>Type de produit :<\/strong> Boucles d&#039;oreilles \u00e0 tige<\/p>\n<p><strong>Nom du produit :\u00a0<\/strong>Boucles d&#039;oreilles mignonnes en forme de chat<\/p>\n<p><strong>Mat\u00e9riel:\u00a0<\/strong>100% Argent sterling 925<\/p>\n<p><strong>Poids: <\/strong>0,7 g<\/p>\n<p><strong>Article:\u00a0<\/strong>BKEJ136<\/p>\n<p><img loading=\"lazy\" decoding=\"async\" class=\"alignnone\" src=\"https:\/\/cdn.shopify.com\/s\/files\/1\/0559\/8819\/1417\/files\/eb2bc668-8ebe-4569-a6a8-6bb1e592f5af_480x480.png?v=1631536992\" alt=\"\" width=\"480\" height=\"339\" \/><\/p>","protected":false},"excerpt":{"rendered":"<p>Description &amp; Details Dolce Jewellery, Cute Kitty Earrings. Big kid at heart. Decorated with a cat motif, Dolce Jewellery&#8217;s cute kitty stud earrings will take you back to happier, more youthful days. And sometimes that&#8217;s exactly what adult life needs. Available in two colors: Silver &amp; Rose Gold. These earrings come as a pair. Product [&#8230;]\n","protected":false},"featured_media":8045,"comment_status":"open","ping_status":"closed","template":"","meta":[],"product_brand":[],"product_cat":[34,29,38],"product_tag":[25],"class_list":{"0":"post-2692","1":"product","2":"type-product","3":"status-publish","4":"has-post-thumbnail","6":"product_cat-earrings","7":"product_cat-shop-all","8":"product_cat-stud-earrings","9":"product_tag-stud-earrings","11":"first","12":"instock","13":"shipping-taxable","14":"purchasable","15":"product-type-variable"},"_links":{"self":[{"href":"https:\/\/dolcejewellery.com\/fr\/wp-json\/wp\/v2\/product\/2692","targetHints":{"allow":["GET"]}}],"collection":[{"href":"https:\/\/dolcejewellery.com\/fr\/wp-json\/wp\/v2\/product"}],"about":[{"href":"https:\/\/dolcejewellery.com\/fr\/wp-json\/wp\/v2\/types\/product"}],"replies":[{"embeddable":true,"href":"https:\/\/dolcejewellery.com\/fr\/wp-json\/wp\/v2\/comments?post=2692"}],"wp:featuredmedia":[{"embeddable":true,"href":"https:\/\/dolcejewellery.com\/fr\/wp-json\/wp\/v2\/media\/8045"}],"wp:attachment":[{"href":"https:\/\/dolcejewellery.com\/fr\/wp-json\/wp\/v2\/media?parent=2692"}],"wp:term":[{"taxonomy":"product_brand","embeddable":true,"href":"https:\/\/dolcejewellery.com\/fr\/wp-json\/wp\/v2\/product_brand?post=2692"},{"taxonomy":"product_cat","embeddable":true,"href":"https:\/\/dolcejewellery.com\/fr\/wp-json\/wp\/v2\/product_cat?post=2692"},{"taxonomy":"product_tag","embeddable":true,"href":"https:\/\/dolcejewellery.com\/fr\/wp-json\/wp\/v2\/product_tag?post=2692"}],"curies":[{"name":"wp","href":"https:\/\/api.w.org\/{rel}","templated":true}]}}