{"id":2680,"date":"2025-02-01T11:14:13","date_gmt":"2025-02-01T11:14:13","guid":{"rendered":"https:\/\/dolcejewellery.com\/product\/cuban-chain-smile-hoop-earrings\/"},"modified":"2025-11-19T15:04:43","modified_gmt":"2025-11-19T14:04:43","slug":"cuban-chain-smile-hoop-earrings","status":"publish","type":"product","link":"https:\/\/dolcejewellery.com\/fr\/produit\/cuban-chain-smile-hoop-earrings\/","title":{"rendered":"Boucles d&#039;oreilles cr\u00e9oles Smile \u00e0 cha\u00eene cubaine"},"content":{"rendered":"<h1><strong>Description et d\u00e9tails<\/strong><\/h1>\n<p><strong>Dolce Jewellery, Boucles d&#039;oreilles cr\u00e9oles \u00e0 cha\u00eene cubaine Smile.<\/strong><\/p>\n<p>Les petits d\u00e9tails peuvent faire toute la diff\u00e9rence. Essayez ces cr\u00e9oles \u00e0 cha\u00eene cubaine orn\u00e9es d&#039;un smiley de Dolce Jewellery et attendez\u2026 Les compliments vous attendent.<\/p>\n<p>Disponible en deux couleurs : Argent et Or.<\/p>\n<p>Ces boucles d&#039;oreilles sont vendues par paire.<\/p>\n<p><strong>Type de produit :<\/strong> Boucles d&#039;oreilles cr\u00e9oles<\/p>\n<p><strong>Nom du produit :\u00a0<\/strong>Boucles d&#039;oreilles cr\u00e9oles Smile \u00e0 cha\u00eene cubaine<\/p>\n<p><strong>Mat\u00e9riel:\u00a0<\/strong>100% Argent sterling 925<\/p>\n<p><strong>Poids:\u00a0<\/strong>1,81 g<\/p>\n<p><strong>Article:\u00a0<\/strong>MEJ384<\/p>\n<p><img loading=\"lazy\" decoding=\"async\" class=\"alignnone wp-image-7816 size-full\" src=\"https:\/\/dolcejewellery.com\/wp-content\/uploads\/2025\/02\/MEJ384.png\" alt=\"\" width=\"778\" height=\"549\" srcset=\"https:\/\/dolcejewellery.com\/wp-content\/uploads\/2025\/02\/MEJ384.png 778w, https:\/\/dolcejewellery.com\/wp-content\/uploads\/2025\/02\/MEJ384-300x212.png 300w, https:\/\/dolcejewellery.com\/wp-content\/uploads\/2025\/02\/MEJ384-768x542.png 768w\" sizes=\"auto, (max-width: 778px) 100vw, 778px\" \/><\/p>","protected":false},"excerpt":{"rendered":"<p>Description &amp; Details Dolce Jewellery,\u00a0Cuban Chain Smile Hoop Earrings. Little details can make all the difference. Just give it a try to these\u00a0Cuban chain hoop earrings with a smiley face\u00a0from Dolce Jewellery and wait&#8230; Compliments are on your way. Available in two colors: Silver &amp; Gold. These earrings come as a pair. Product Type: Hoop [&#8230;]\n","protected":false},"featured_media":7812,"comment_status":"open","ping_status":"closed","template":"","meta":[],"product_brand":[],"product_cat":[34,35,29],"product_tag":[27],"class_list":{"0":"post-2680","1":"product","2":"type-product","3":"status-publish","4":"has-post-thumbnail","6":"product_cat-earrings","7":"product_cat-hoop-earrings","8":"product_cat-shop-all","9":"product_tag-hoop-earrings","11":"first","12":"instock","13":"shipping-taxable","14":"purchasable","15":"product-type-variable"},"_links":{"self":[{"href":"https:\/\/dolcejewellery.com\/fr\/wp-json\/wp\/v2\/product\/2680","targetHints":{"allow":["GET"]}}],"collection":[{"href":"https:\/\/dolcejewellery.com\/fr\/wp-json\/wp\/v2\/product"}],"about":[{"href":"https:\/\/dolcejewellery.com\/fr\/wp-json\/wp\/v2\/types\/product"}],"replies":[{"embeddable":true,"href":"https:\/\/dolcejewellery.com\/fr\/wp-json\/wp\/v2\/comments?post=2680"}],"wp:featuredmedia":[{"embeddable":true,"href":"https:\/\/dolcejewellery.com\/fr\/wp-json\/wp\/v2\/media\/7812"}],"wp:attachment":[{"href":"https:\/\/dolcejewellery.com\/fr\/wp-json\/wp\/v2\/media?parent=2680"}],"wp:term":[{"taxonomy":"product_brand","embeddable":true,"href":"https:\/\/dolcejewellery.com\/fr\/wp-json\/wp\/v2\/product_brand?post=2680"},{"taxonomy":"product_cat","embeddable":true,"href":"https:\/\/dolcejewellery.com\/fr\/wp-json\/wp\/v2\/product_cat?post=2680"},{"taxonomy":"product_tag","embeddable":true,"href":"https:\/\/dolcejewellery.com\/fr\/wp-json\/wp\/v2\/product_tag?post=2680"}],"curies":[{"name":"wp","href":"https:\/\/api.w.org\/{rel}","templated":true}]}}