{"id":2678,"date":"2025-02-01T11:14:13","date_gmt":"2025-02-01T11:14:13","guid":{"rendered":"https:\/\/dolcejewellery.com\/product\/cuban-chain-ring\/"},"modified":"2025-11-19T15:00:13","modified_gmt":"2025-11-19T14:00:13","slug":"cuban-chain-ring","status":"publish","type":"product","link":"https:\/\/dolcejewellery.com\/fr\/produit\/cuban-chain-ring\/","title":{"rendered":"Bague cha\u00eene cubaine"},"content":{"rendered":"<h1><strong>Description et d\u00e9tails<\/strong><\/h1>\n<p><strong>Dolce Jewellery, Anneau de cha\u00eene cubain.\u00a0<\/strong><\/p>\n<p>Si vous recherchez un bijou \u00e9l\u00e9gant \u00e0 porter au quotidien, ne cherchez plus\u00a0! Cette bague ajustable \u00e0 maillons minimaliste apportera une touche d&#039;\u00e9clat \u00e0 toutes vos tenues.<\/p>\n<p>Vous aurez envie de le porter tout le temps, attendez un peu.<\/p>\n<p>Offert en une seule couleur : Or.<\/p>\n<p><strong>Type de produit :\u00a0<\/strong>Bagues<\/p>\n<p><strong>Nom du produit :\u00a0<\/strong>Bague cha\u00eene cubaine<\/p>\n<p><strong>Mat\u00e9riel:\u00a0<\/strong>100% Argent sterling 925<\/p>\n<p><strong>Article:<\/strong>\u00a0BKJZ093<\/p>\n<p><img loading=\"lazy\" decoding=\"async\" class=\"alignnone wp-image-7360 size-full\" src=\"https:\/\/dolcejewellery.com\/wp-content\/uploads\/2025\/02\/BKJZ093.png\" alt=\"\" width=\"778\" height=\"618\" srcset=\"https:\/\/dolcejewellery.com\/wp-content\/uploads\/2025\/02\/BKJZ093.png 778w, https:\/\/dolcejewellery.com\/wp-content\/uploads\/2025\/02\/BKJZ093-300x238.png 300w, https:\/\/dolcejewellery.com\/wp-content\/uploads\/2025\/02\/BKJZ093-768x610.png 768w\" sizes=\"auto, (max-width: 778px) 100vw, 778px\" \/><\/p>\n<p><strong>Le mur d&#039;enceinte est d&#039;environ :\u00a0<\/strong>0,11 cm de large<\/p>","protected":false},"excerpt":{"rendered":"<p>Description &amp; Details Dolce Jewellery,\u00a0Cuban Chain Ring.\u00a0 If you&#8217;re after stylish jewellery you&#8217;ll wear on most days, look no further. This adjustable, minimalist looking link chain ring will add a gorgeous glow to any outfit. You&#8217;ll want to wear it all the time, just you wait. Offered only in one color: Gold. Product Type:\u00a0Rings Product [&#8230;]\n","protected":false},"featured_media":7358,"comment_status":"open","ping_status":"closed","template":"","meta":[],"product_brand":[],"product_cat":[37,29],"product_tag":[],"class_list":{"0":"post-2678","1":"product","2":"type-product","3":"status-publish","4":"has-post-thumbnail","6":"product_cat-rings","7":"product_cat-shop-all","9":"first","10":"instock","11":"shipping-taxable","12":"purchasable","13":"product-type-variable"},"_links":{"self":[{"href":"https:\/\/dolcejewellery.com\/fr\/wp-json\/wp\/v2\/product\/2678","targetHints":{"allow":["GET"]}}],"collection":[{"href":"https:\/\/dolcejewellery.com\/fr\/wp-json\/wp\/v2\/product"}],"about":[{"href":"https:\/\/dolcejewellery.com\/fr\/wp-json\/wp\/v2\/types\/product"}],"replies":[{"embeddable":true,"href":"https:\/\/dolcejewellery.com\/fr\/wp-json\/wp\/v2\/comments?post=2678"}],"wp:featuredmedia":[{"embeddable":true,"href":"https:\/\/dolcejewellery.com\/fr\/wp-json\/wp\/v2\/media\/7358"}],"wp:attachment":[{"href":"https:\/\/dolcejewellery.com\/fr\/wp-json\/wp\/v2\/media?parent=2678"}],"wp:term":[{"taxonomy":"product_brand","embeddable":true,"href":"https:\/\/dolcejewellery.com\/fr\/wp-json\/wp\/v2\/product_brand?post=2678"},{"taxonomy":"product_cat","embeddable":true,"href":"https:\/\/dolcejewellery.com\/fr\/wp-json\/wp\/v2\/product_cat?post=2678"},{"taxonomy":"product_tag","embeddable":true,"href":"https:\/\/dolcejewellery.com\/fr\/wp-json\/wp\/v2\/product_tag?post=2678"}],"curies":[{"name":"wp","href":"https:\/\/api.w.org\/{rel}","templated":true}]}}