{"id":2674,"date":"2025-02-01T11:14:13","date_gmt":"2025-02-01T11:14:13","guid":{"rendered":"https:\/\/dolcejewellery.com\/product\/crystal-embellished-geometric-hoop-earrings\/"},"modified":"2025-11-19T14:57:14","modified_gmt":"2025-11-19T13:57:14","slug":"crystal-embellished-geometric-hoop-earrings","status":"publish","type":"product","link":"https:\/\/dolcejewellery.com\/fr\/produit\/crystal-embellished-geometric-hoop-earrings\/","title":{"rendered":"Boucles d&#039;oreilles cr\u00e9oles g\u00e9om\u00e9triques orn\u00e9es de cristaux"},"content":{"rendered":"<h1><strong>Description et d\u00e9tails<\/strong><\/h1>\n<p><strong>Dolce Jewellery, Boucles d&#039;oreilles cr\u00e9oles g\u00e9om\u00e9triques orn\u00e9es de cristaux.<\/strong><\/p>\n<p>Ces cr\u00e9oles orn\u00e9es de cristaux Dolce Jewellery sont plus l\u00e9g\u00e8res qu&#039;elles n&#039;y paraissent, vous permettant de les porter confortablement pendant des heures sans avoir mal aux oreilles. Confortables et \u00e9l\u00e9gantes \u00e0 la fois.<\/p>\n<p>Disponible en deux couleurs : Argent et Or.<\/p>\n<p>Ces boucles d&#039;oreilles sont vendues par paire.<\/p>\n<p><strong>Type de produit :<\/strong> Boucles d&#039;oreilles cr\u00e9oles<\/p>\n<p><strong>Nom du produit :\u00a0<\/strong>Boucles d&#039;oreilles cr\u00e9oles g\u00e9om\u00e9triques orn\u00e9es de cristaux<\/p>\n<p><strong>Pierre: <\/strong>Zircon<\/p>\n<p><strong>Mat\u00e9riel:\u00a0<\/strong>100% Argent sterling 925<\/p>\n<p><strong>Poids: <\/strong>2g<\/p>\n<p><strong>Article:\u00a0<\/strong>MEJ370<\/p>\n<p><img loading=\"lazy\" decoding=\"async\" class=\"alignnone wp-image-8065 size-full\" src=\"https:\/\/dolcejewellery.com\/wp-content\/uploads\/2025\/02\/MEJ370.png\" alt=\"\" width=\"700\" height=\"700\" srcset=\"https:\/\/dolcejewellery.com\/wp-content\/uploads\/2025\/02\/MEJ370.png 700w, https:\/\/dolcejewellery.com\/wp-content\/uploads\/2025\/02\/MEJ370-300x300.png 300w, https:\/\/dolcejewellery.com\/wp-content\/uploads\/2025\/02\/MEJ370-150x150.png 150w, https:\/\/dolcejewellery.com\/wp-content\/uploads\/2025\/02\/MEJ370-600x600.png 600w, https:\/\/dolcejewellery.com\/wp-content\/uploads\/2025\/02\/MEJ370-100x100.png 100w\" sizes=\"auto, (max-width: 700px) 100vw, 700px\" \/><\/p>","protected":false},"excerpt":{"rendered":"<p>Description &amp; Details Dolce Jewellery,\u00a0Crystal-Embellished Geometric Hoop Earrings. These Dolce Jewellery crystal-embellished hoop earrings aren&#8217;t as heavy to wear as they seem so you can comfortably wear them for hours without the earache. Comfortable and stylish in equal measure. Available in two colors: Silver &amp; Gold. These earrings come as a pair. Product Type: Hoop [&#8230;]\n","protected":false},"featured_media":8055,"comment_status":"open","ping_status":"closed","template":"","meta":[],"product_brand":[],"product_cat":[34,35,29],"product_tag":[27],"class_list":{"0":"post-2674","1":"product","2":"type-product","3":"status-publish","4":"has-post-thumbnail","6":"product_cat-earrings","7":"product_cat-hoop-earrings","8":"product_cat-shop-all","9":"product_tag-hoop-earrings","11":"first","12":"instock","13":"shipping-taxable","14":"purchasable","15":"product-type-variable"},"_links":{"self":[{"href":"https:\/\/dolcejewellery.com\/fr\/wp-json\/wp\/v2\/product\/2674","targetHints":{"allow":["GET"]}}],"collection":[{"href":"https:\/\/dolcejewellery.com\/fr\/wp-json\/wp\/v2\/product"}],"about":[{"href":"https:\/\/dolcejewellery.com\/fr\/wp-json\/wp\/v2\/types\/product"}],"replies":[{"embeddable":true,"href":"https:\/\/dolcejewellery.com\/fr\/wp-json\/wp\/v2\/comments?post=2674"}],"wp:featuredmedia":[{"embeddable":true,"href":"https:\/\/dolcejewellery.com\/fr\/wp-json\/wp\/v2\/media\/8055"}],"wp:attachment":[{"href":"https:\/\/dolcejewellery.com\/fr\/wp-json\/wp\/v2\/media?parent=2674"}],"wp:term":[{"taxonomy":"product_brand","embeddable":true,"href":"https:\/\/dolcejewellery.com\/fr\/wp-json\/wp\/v2\/product_brand?post=2674"},{"taxonomy":"product_cat","embeddable":true,"href":"https:\/\/dolcejewellery.com\/fr\/wp-json\/wp\/v2\/product_cat?post=2674"},{"taxonomy":"product_tag","embeddable":true,"href":"https:\/\/dolcejewellery.com\/fr\/wp-json\/wp\/v2\/product_tag?post=2674"}],"curies":[{"name":"wp","href":"https:\/\/api.w.org\/{rel}","templated":true}]}}