{"id":2664,"date":"2025-02-01T11:14:12","date_gmt":"2025-02-01T11:14:12","guid":{"rendered":"https:\/\/dolcejewellery.com\/product\/crystal-trio-necklace-set\/"},"modified":"2025-11-19T15:29:42","modified_gmt":"2025-11-19T14:29:42","slug":"crystal-trio-necklace-set","status":"publish","type":"product","link":"https:\/\/dolcejewellery.com\/fr\/produit\/crystal-trio-necklace-set\/","title":{"rendered":"Ensemble de colliers trio en cristal"},"content":{"rendered":"<h1><strong>Description et d\u00e9tails<\/strong><\/h1>\n<p><strong>Dolce Jewellery, Ensemble de colliers trio en cristal.<\/strong><\/p>\n<p>Sublimez votre collection de bijoux avec le fascinant ensemble de colliers Crystal Trio. Ce coffret comprend trois colliers exquis, chacun au design unique et orn\u00e9 de zircones scintillantes. Fabriqu\u00e9s en argent sterling 925 v\u00e9ritable, ces colliers incarnent l&#039;\u00e9l\u00e9gance et le style.<\/p>\n<p>Le premier collier met en valeur de d\u00e9licates breloques en forme de goutte d&#039;eau, scintillantes gr\u00e2ce \u00e0 l&#039;\u00e9clat des zircones. Le deuxi\u00e8me collier arbore de captivants pendentifs carr\u00e9s, orn\u00e9s de zircones scintillantes pour une touche de glamour. Le troisi\u00e8me collier arbore d&#039;\u00e9l\u00e9gants pendentifs triangulaires, orn\u00e9s de zircones pour une touche moderne et sophistiqu\u00e9e.<\/p>\n<p>Chaque collier est con\u00e7u pour affirmer votre style, qu&#039;il soit port\u00e9 seul ou superpos\u00e9 pour un look tendance et personnalis\u00e9. Les breloques de cha\u00eene ajoutent une touche de f\u00e9minit\u00e9 et d&#039;\u00e9l\u00e9gance, tandis que les zircones offrent un \u00e9clat luxueux et \u00e9clatant.<\/p>\n<p>Confectionn\u00e9 avec le plus grand soin et un savoir-faire exceptionnel, le trio de colliers en cristal est parfait pour les mariages, les f\u00eates ou toute occasion sp\u00e9ciale o\u00f9 vous souhaitez afficher une allure audacieuse. Sa polyvalence vous permet de l&#039;assortir \u00e0 diff\u00e9rentes tenues, sublimant ainsi votre style et r\u00e9v\u00e9lant votre personnalit\u00e9 unique.<\/p>\n<p>Laissez-vous s\u00e9duire par la beaut\u00e9 et le glamour du trio de colliers en cristal de Dolce Jewellery. Ce magnifique ensemble t\u00e9moigne de votre go\u00fbt irr\u00e9prochable et deviendra assur\u00e9ment un ajout pr\u00e9cieux \u00e0 votre collection de bijoux.<\/p>\n<p><strong>Type de produit : <\/strong>Colliers<\/p>\n<p><strong>Nom du produit :\u00a0<\/strong>Ensemble de colliers trio en cristal<\/p>\n<p><strong>Pierre:\u00a0<\/strong>Zircone<\/p>\n<p><strong>Mat\u00e9riel: <\/strong>100% Argent sterling 925<\/p>\n<p><strong>Longueur: <\/strong>44,5 cm (17,5 pouces), la longueur de la cha\u00eene peut \u00eatre allong\u00e9e d&#039;environ 5,5 cm (2,2 pouces)<\/p>\n<p><strong>Article:<\/strong>\u00a0BKXL178<\/p>\n<p><img decoding=\"async\" src=\"https:\/\/cdn.shopify.com\/s\/files\/1\/0559\/8819\/1417\/files\/b8768c1c-6c2f-4f1b-861b-d721d36db1ea_480x480.png?v=1687029211\" alt=\"\" \/><\/p>","protected":false},"excerpt":{"rendered":"<p>Description &amp; Details Dolce Jewellery, Crystal Trio Necklace Set. Enhance your jewellery collection with the mesmerizing Crystal Trio Necklace Set. This set includes three exquisite necklaces, each featuring a unique design and adorned with sparkling zirconia stones. Crafted from genuine 925 sterling silver, these necklaces are the epitome of elegance and style. The first necklace [&#8230;]\n","protected":false},"featured_media":6605,"comment_status":"open","ping_status":"closed","template":"","meta":[],"product_brand":[],"product_cat":[36,29],"product_tag":[],"class_list":{"0":"post-2664","1":"product","2":"type-product","3":"status-publish","4":"has-post-thumbnail","6":"product_cat-necklaces","7":"product_cat-shop-all","9":"first","10":"instock","11":"shipping-taxable","12":"purchasable","13":"product-type-variable"},"_links":{"self":[{"href":"https:\/\/dolcejewellery.com\/fr\/wp-json\/wp\/v2\/product\/2664","targetHints":{"allow":["GET"]}}],"collection":[{"href":"https:\/\/dolcejewellery.com\/fr\/wp-json\/wp\/v2\/product"}],"about":[{"href":"https:\/\/dolcejewellery.com\/fr\/wp-json\/wp\/v2\/types\/product"}],"replies":[{"embeddable":true,"href":"https:\/\/dolcejewellery.com\/fr\/wp-json\/wp\/v2\/comments?post=2664"}],"wp:featuredmedia":[{"embeddable":true,"href":"https:\/\/dolcejewellery.com\/fr\/wp-json\/wp\/v2\/media\/6605"}],"wp:attachment":[{"href":"https:\/\/dolcejewellery.com\/fr\/wp-json\/wp\/v2\/media?parent=2664"}],"wp:term":[{"taxonomy":"product_brand","embeddable":true,"href":"https:\/\/dolcejewellery.com\/fr\/wp-json\/wp\/v2\/product_brand?post=2664"},{"taxonomy":"product_cat","embeddable":true,"href":"https:\/\/dolcejewellery.com\/fr\/wp-json\/wp\/v2\/product_cat?post=2664"},{"taxonomy":"product_tag","embeddable":true,"href":"https:\/\/dolcejewellery.com\/fr\/wp-json\/wp\/v2\/product_tag?post=2664"}],"curies":[{"name":"wp","href":"https:\/\/api.w.org\/{rel}","templated":true}]}}