{"id":2659,"date":"2025-02-01T11:14:12","date_gmt":"2025-02-01T11:14:12","guid":{"rendered":"https:\/\/dolcejewellery.com\/product\/crystal-radiance-ring\/"},"modified":"2025-11-19T15:24:51","modified_gmt":"2025-11-19T14:24:51","slug":"crystal-radiance-ring","status":"publish","type":"product","link":"https:\/\/dolcejewellery.com\/fr\/produit\/crystal-radiance-ring\/","title":{"rendered":"Bague Radiance Cristalline"},"content":{"rendered":"<h1><strong>Description et d\u00e9tails<\/strong><\/h1>\n<p><strong>Dolce Jewellery, Bague Radiance Cristal.<\/strong><\/p>\n<p>D\u00e9couvrez l&#039;\u00e9l\u00e9gance du minimalisme avec notre bague Crystal Radiance. Cette bague raffin\u00e9e arbore un design \u00e9pur\u00e9 et discret, orn\u00e9e d&#039;une superbe collection de zircones en cristal pav\u00e9es. Fabriqu\u00e9e avec pr\u00e9cision et souci du d\u00e9tail, elle apporte une touche de glamour et de sophistication \u00e0 toutes vos tenues.<\/p>\n<p>Cette bague affiche une esth\u00e9tique minimaliste, avec un anneau qui met magnifiquement en valeur l&#039;\u00e9clat \u00e9blouissant des zircones en cristal pav\u00e9es. Chaque pierre est soigneusement sertie pour cr\u00e9er un jeu de lumi\u00e8re et d&#039;\u00e9clat harmonieux et \u00e9clatant. Le r\u00e9sultat est un bijou captivant qui sublimera votre style en toute simplicit\u00e9.<\/p>\n<p>Fabriqu\u00e9e en argent sterling 925 de haute qualit\u00e9, cette bague allie durabilit\u00e9 et brillance luxueuse. Port\u00e9e seule comme pi\u00e8ce ma\u00eetresse ou associ\u00e9e \u00e0 d&#039;autres bagues pour un look tendance, la bague Crystal Radiance apporte une touche d&#039;\u00e9l\u00e9gance intemporelle en toute occasion.<\/p>\n<p>Sublimez votre collection de bijoux avec la bague Crystal Radiance de Dolce Jewellery. Son design minimaliste et son savoir-faire raffin\u00e9 en font un accessoire polyvalent et sophistiqu\u00e9 qui compl\u00e8tera toutes vos tenues. Portez-la avec assurance et laissez son \u00e9clat vous captiver et vous inspirer.<\/p>\n<p><strong>Type de produit :\u00a0<\/strong>Bagues<\/p>\n<p><strong>Nom du produit :\u00a0<\/strong>Bague Radiance Cristalline<\/p>\n<p><strong>Pierre:\u00a0<\/strong>Cristal de zircone<\/p>\n<p><strong>Mat\u00e9riel:\u00a0<\/strong>100% Argent sterling 925<\/p>\n<p><strong>Article:\u00a0<\/strong>BKJZ030<\/p>\n<p><img loading=\"lazy\" decoding=\"async\" class=\"alignnone wp-image-7367 size-full\" src=\"https:\/\/dolcejewellery.com\/wp-content\/uploads\/2025\/02\/\u5c3a\u5bf8\u56fe-2.jpg\" alt=\"\" width=\"800\" height=\"800\" srcset=\"https:\/\/dolcejewellery.com\/wp-content\/uploads\/2025\/02\/\u5c3a\u5bf8\u56fe-2.jpg 800w, https:\/\/dolcejewellery.com\/wp-content\/uploads\/2025\/02\/\u5c3a\u5bf8\u56fe-2-300x300.jpg 300w, https:\/\/dolcejewellery.com\/wp-content\/uploads\/2025\/02\/\u5c3a\u5bf8\u56fe-2-150x150.jpg 150w, https:\/\/dolcejewellery.com\/wp-content\/uploads\/2025\/02\/\u5c3a\u5bf8\u56fe-2-768x768.jpg 768w, https:\/\/dolcejewellery.com\/wp-content\/uploads\/2025\/02\/\u5c3a\u5bf8\u56fe-2-600x600.jpg 600w, https:\/\/dolcejewellery.com\/wp-content\/uploads\/2025\/02\/\u5c3a\u5bf8\u56fe-2-100x100.jpg 100w\" sizes=\"auto, (max-width: 800px) 100vw, 800px\" \/><\/p>","protected":false},"excerpt":{"rendered":"<p>Description &amp; Details Dolce Jewellery,\u00a0Crystal Radiance Ring. Experience the elegance of minimalism with our Crystal Radiance Ring. This exquisite ring features a sleek and understated design, adorned with a stunning array of paved crystal zirconia stones. Crafted with precision and attention to detail, it adds a touch of glamour and sophistication to any outfit. The [&#8230;]\n","protected":false},"featured_media":7365,"comment_status":"open","ping_status":"closed","template":"","meta":[],"product_brand":[],"product_cat":[37,29],"product_tag":[],"class_list":{"0":"post-2659","1":"product","2":"type-product","3":"status-publish","4":"has-post-thumbnail","6":"product_cat-rings","7":"product_cat-shop-all","9":"first","10":"instock","11":"shipping-taxable","12":"purchasable","13":"product-type-variable"},"_links":{"self":[{"href":"https:\/\/dolcejewellery.com\/fr\/wp-json\/wp\/v2\/product\/2659","targetHints":{"allow":["GET"]}}],"collection":[{"href":"https:\/\/dolcejewellery.com\/fr\/wp-json\/wp\/v2\/product"}],"about":[{"href":"https:\/\/dolcejewellery.com\/fr\/wp-json\/wp\/v2\/types\/product"}],"replies":[{"embeddable":true,"href":"https:\/\/dolcejewellery.com\/fr\/wp-json\/wp\/v2\/comments?post=2659"}],"wp:featuredmedia":[{"embeddable":true,"href":"https:\/\/dolcejewellery.com\/fr\/wp-json\/wp\/v2\/media\/7365"}],"wp:attachment":[{"href":"https:\/\/dolcejewellery.com\/fr\/wp-json\/wp\/v2\/media?parent=2659"}],"wp:term":[{"taxonomy":"product_brand","embeddable":true,"href":"https:\/\/dolcejewellery.com\/fr\/wp-json\/wp\/v2\/product_brand?post=2659"},{"taxonomy":"product_cat","embeddable":true,"href":"https:\/\/dolcejewellery.com\/fr\/wp-json\/wp\/v2\/product_cat?post=2659"},{"taxonomy":"product_tag","embeddable":true,"href":"https:\/\/dolcejewellery.com\/fr\/wp-json\/wp\/v2\/product_tag?post=2659"}],"curies":[{"name":"wp","href":"https:\/\/api.w.org\/{rel}","templated":true}]}}