{"id":2656,"date":"2025-02-01T11:14:12","date_gmt":"2025-02-01T11:14:12","guid":{"rendered":"https:\/\/dolcejewellery.com\/product\/cross-double-ear-clips\/"},"modified":"2025-11-19T15:21:12","modified_gmt":"2025-11-19T14:21:12","slug":"cross-double-ear-clips","status":"publish","type":"product","link":"https:\/\/dolcejewellery.com\/fr\/produit\/cross-double-ear-clips\/","title":{"rendered":"Clips d&#039;oreille doubles crois\u00e9s"},"content":{"rendered":"<h1><strong>Description et d\u00e9tails<\/strong><\/h1>\n<p><strong>Dolce Jewellery, Clips d&#039;oreille doubles crois\u00e9s.<\/strong><\/p>\n<p>Sobre sans jamais perdre son c\u00f4t\u00e9 branch\u00e9 ? C&#039;est plus simple que vous ne le pensiez. Il vous suffit d&#039;ajouter ces doubles clips d&#039;oreilles crois\u00e9s Dolce Jewellery \u00e0 tous vos looks. Chuuut, c&#039;est notre petit secret.<\/p>\n<p>Offert en deux couleurs : Argent et Or.<\/p>\n<p>Ces boucles d&#039;oreilles sont vendues par paire.<\/p>\n<p><strong>Type de produit :<\/strong> Boucles d&#039;oreilles \u00e0 clip<\/p>\n<p><strong>Nom du produit :\u00a0<\/strong>Clips d&#039;oreille doubles crois\u00e9s<\/p>\n<p><strong>Mat\u00e9riel:\u00a0<\/strong>100% Argent sterling 925<\/p>\n<p><strong>Poids: <\/strong>1,2 g<\/p>\n<p><strong>Article:\u00a0<\/strong>BKEJ220<\/p>\n<p><img decoding=\"async\" src=\"https:\/\/cdn.shopify.com\/s\/files\/1\/0559\/8819\/1417\/files\/98d81773-d54c-4879-b89a-adc19c3ed3de_480x480.png?v=1629744647\" alt=\"\" \/><\/p>","protected":false},"excerpt":{"rendered":"<p>Description &amp; Details Dolce Jewellery, Cross Double Ear Clips. Low-key without never losing your coolness? It&#8217;s easier than you thought. All you have to do is add these cross double ear clips from Dolce Jewellery to any of your looks. Shhhh, it&#8217;s our little secret. Offered in two colors: Silver &amp; Gold. These earrings come [&#8230;]\n","protected":false},"featured_media":7817,"comment_status":"open","ping_status":"closed","template":"","meta":[],"product_brand":[],"product_cat":[32,34,29],"product_tag":[26],"class_list":{"0":"post-2656","1":"product","2":"type-product","3":"status-publish","4":"has-post-thumbnail","6":"product_cat-clip-on-earrings","7":"product_cat-earrings","8":"product_cat-shop-all","9":"product_tag-clip-on-earrings","11":"first","12":"instock","13":"shipping-taxable","14":"purchasable","15":"product-type-variable"},"_links":{"self":[{"href":"https:\/\/dolcejewellery.com\/fr\/wp-json\/wp\/v2\/product\/2656","targetHints":{"allow":["GET"]}}],"collection":[{"href":"https:\/\/dolcejewellery.com\/fr\/wp-json\/wp\/v2\/product"}],"about":[{"href":"https:\/\/dolcejewellery.com\/fr\/wp-json\/wp\/v2\/types\/product"}],"replies":[{"embeddable":true,"href":"https:\/\/dolcejewellery.com\/fr\/wp-json\/wp\/v2\/comments?post=2656"}],"wp:featuredmedia":[{"embeddable":true,"href":"https:\/\/dolcejewellery.com\/fr\/wp-json\/wp\/v2\/media\/7817"}],"wp:attachment":[{"href":"https:\/\/dolcejewellery.com\/fr\/wp-json\/wp\/v2\/media?parent=2656"}],"wp:term":[{"taxonomy":"product_brand","embeddable":true,"href":"https:\/\/dolcejewellery.com\/fr\/wp-json\/wp\/v2\/product_brand?post=2656"},{"taxonomy":"product_cat","embeddable":true,"href":"https:\/\/dolcejewellery.com\/fr\/wp-json\/wp\/v2\/product_cat?post=2656"},{"taxonomy":"product_tag","embeddable":true,"href":"https:\/\/dolcejewellery.com\/fr\/wp-json\/wp\/v2\/product_tag?post=2656"}],"curies":[{"name":"wp","href":"https:\/\/api.w.org\/{rel}","templated":true}]}}