{"id":2650,"date":"2025-02-01T11:14:11","date_gmt":"2025-02-01T11:14:11","guid":{"rendered":"https:\/\/dolcejewellery.com\/product\/colorful-zircon-tassel-earrings\/"},"modified":"2025-11-19T17:21:34","modified_gmt":"2025-11-19T16:21:34","slug":"colorful-zircon-tassel-earrings","status":"publish","type":"product","link":"https:\/\/dolcejewellery.com\/fr\/produit\/colorful-zircon-tassel-earrings\/","title":{"rendered":"Boucles d&#039;oreilles \u00e0 pampilles en zircon color\u00e9"},"content":{"rendered":"<h1><strong>Description et d\u00e9tails<\/strong><\/h1>\n<p><strong>Dolce Jewellery, Boucles d&#039;oreilles \u00e0 pampilles en zircon color\u00e9.<\/strong><\/p>\n<p>Plus c&#039;est plus, moins c&#039;est ennuyeux. Orn\u00e9es de pierres pr\u00e9cieuses multicolores, ces boucles d&#039;oreilles pendantes sign\u00e9es Dolce Jewellery sont le seul accessoire indispensable pour sublimer votre look. Et c&#039;est tout.<\/p>\n<p>Offert en deux couleurs : Argent et Or.<\/p>\n<p>Ces boucles d&#039;oreilles sont vendues par paire.<\/p>\n<p><strong>Type de produit :<\/strong> Boucles d&#039;oreilles pendantes<\/p>\n<p><strong>Nom du produit :\u00a0<\/strong>Boucles d&#039;oreilles \u00e0 pampilles en zircon color\u00e9<\/p>\n<p><strong>Pierre: <\/strong>Zircon<\/p>\n<p><strong>Mat\u00e9riel:\u00a0<\/strong>100% Argent sterling 925<\/p>\n<p><strong>Poids: <\/strong>1,2 g<\/p>\n<p><strong>Article:\u00a0<\/strong>MEJ357<\/p>\n<p><img loading=\"lazy\" decoding=\"async\" class=\"alignnone wp-image-7844 size-full\" src=\"https:\/\/dolcejewellery.com\/wp-content\/uploads\/2025\/02\/\u00a6\u00af\u00a6th-1-2.jpg\" alt=\"\" width=\"800\" height=\"800\" srcset=\"https:\/\/dolcejewellery.com\/wp-content\/uploads\/2025\/02\/\u00a6\u00af\u00a6th-1-2.jpg 800w, https:\/\/dolcejewellery.com\/wp-content\/uploads\/2025\/02\/\u00a6\u00af\u00a6th-1-2-300x300.jpg 300w, https:\/\/dolcejewellery.com\/wp-content\/uploads\/2025\/02\/\u00a6\u00af\u00a6th-1-2-150x150.jpg 150w, https:\/\/dolcejewellery.com\/wp-content\/uploads\/2025\/02\/\u00a6\u00af\u00a6th-1-2-768x768.jpg 768w, https:\/\/dolcejewellery.com\/wp-content\/uploads\/2025\/02\/\u00a6\u00af\u00a6th-1-2-600x600.jpg 600w, https:\/\/dolcejewellery.com\/wp-content\/uploads\/2025\/02\/\u00a6\u00af\u00a6th-1-2-100x100.jpg 100w\" sizes=\"auto, (max-width: 800px) 100vw, 800px\" \/><\/p>","protected":false},"excerpt":{"rendered":"<p>Description &amp; Details Dolce Jewellery, Colorful Zircon Tassel Earrings. More is more and less is a bore. Boasting multicolour gemstones, these drop earrings from Dolce Jewellery are the only accessory your look needs to be elevated. And that&#8217;s that. Offered in two colors: Silver &amp; Gold. These earrings come as a pair. Product Type: Drop [&#8230;]\n","protected":false},"featured_media":7841,"comment_status":"open","ping_status":"closed","template":"","meta":[],"product_brand":[],"product_cat":[33,34,29],"product_tag":[24],"class_list":{"0":"post-2650","1":"product","2":"type-product","3":"status-publish","4":"has-post-thumbnail","6":"product_cat-drop-earrings","7":"product_cat-earrings","8":"product_cat-shop-all","9":"product_tag-drop-earrings","11":"first","12":"instock","13":"shipping-taxable","14":"purchasable","15":"product-type-variable"},"_links":{"self":[{"href":"https:\/\/dolcejewellery.com\/fr\/wp-json\/wp\/v2\/product\/2650","targetHints":{"allow":["GET"]}}],"collection":[{"href":"https:\/\/dolcejewellery.com\/fr\/wp-json\/wp\/v2\/product"}],"about":[{"href":"https:\/\/dolcejewellery.com\/fr\/wp-json\/wp\/v2\/types\/product"}],"replies":[{"embeddable":true,"href":"https:\/\/dolcejewellery.com\/fr\/wp-json\/wp\/v2\/comments?post=2650"}],"wp:featuredmedia":[{"embeddable":true,"href":"https:\/\/dolcejewellery.com\/fr\/wp-json\/wp\/v2\/media\/7841"}],"wp:attachment":[{"href":"https:\/\/dolcejewellery.com\/fr\/wp-json\/wp\/v2\/media?parent=2650"}],"wp:term":[{"taxonomy":"product_brand","embeddable":true,"href":"https:\/\/dolcejewellery.com\/fr\/wp-json\/wp\/v2\/product_brand?post=2650"},{"taxonomy":"product_cat","embeddable":true,"href":"https:\/\/dolcejewellery.com\/fr\/wp-json\/wp\/v2\/product_cat?post=2650"},{"taxonomy":"product_tag","embeddable":true,"href":"https:\/\/dolcejewellery.com\/fr\/wp-json\/wp\/v2\/product_tag?post=2650"}],"curies":[{"name":"wp","href":"https:\/\/api.w.org\/{rel}","templated":true}]}}