{"id":2641,"date":"2025-02-01T11:14:11","date_gmt":"2025-02-01T11:14:11","guid":{"rendered":"https:\/\/dolcejewellery.com\/product\/circle-hoop-earrings\/"},"modified":"2025-11-19T15:38:39","modified_gmt":"2025-11-19T14:38:39","slug":"circle-hoop-earrings","status":"publish","type":"product","link":"https:\/\/dolcejewellery.com\/fr\/produit\/circle-hoop-earrings\/","title":{"rendered":"Boucles d&#039;oreilles cr\u00e9oles circulaires"},"content":{"rendered":"<h1><strong>Description et d\u00e9tails<\/strong><\/h1>\n<p><strong>Dolce Jewellery, Boucles d&#039;oreilles cr\u00e9oles rondes.<\/strong><\/p>\n<p>Les cr\u00e9oles sont l\u00e0 pour sublimer votre tenue. Ces cr\u00e9oles circulaires en argent de Dolce Jewellery ne font pas exception et vous simplifieront la vie. Aucun d\u00e9faut ici.<\/p>\n<p>Ces boucles d&#039;oreilles sont vendues par paire.<\/p>\n<p><strong>Type de produit :<\/strong> Boucles d&#039;oreilles cr\u00e9oles<\/p>\n<p><strong>Nom du produit :\u00a0<\/strong>Boucles d&#039;oreilles cr\u00e9oles circulaires<\/p>\n<p><strong>Mat\u00e9riel:\u00a0<\/strong>100% Argent sterling 925<\/p>\n<p><strong>Poids : <\/strong>0,3 g (10 mm), 0,6 g (15 mm), 0,8 g (20 mm), 1,2 g (30 mm), 1,5 g (40 mm), 2,9 g (50 mm), 3,2 g (60 mm).<\/p>\n<p><strong>Article:\u00a0<\/strong>BKEJ059<\/p>\n<p><img loading=\"lazy\" decoding=\"async\" class=\"alignnone wp-image-7833 size-full\" src=\"https:\/\/dolcejewellery.com\/wp-content\/uploads\/2025\/02\/BKEJ059.png\" alt=\"\" width=\"800\" height=\"581\" srcset=\"https:\/\/dolcejewellery.com\/wp-content\/uploads\/2025\/02\/BKEJ059.png 800w, https:\/\/dolcejewellery.com\/wp-content\/uploads\/2025\/02\/BKEJ059-300x218.png 300w, https:\/\/dolcejewellery.com\/wp-content\/uploads\/2025\/02\/BKEJ059-768x558.png 768w\" sizes=\"auto, (max-width: 800px) 100vw, 800px\" \/><\/p>","protected":false},"excerpt":{"rendered":"<p>Description &amp; Details Dolce Jewellery,\u00a0Circle Hoop Earrings. Hoop earrings exist to make your outfit extra sleek. These silver circle hoop earrings from Dolce Jewellery are no different and will make your life easy. No wrongdoings here. These earrings come as a pair. Product Type: Hoop Earrings Product Name:\u00a0Circle Hoop Earrings Material:\u00a0100% 925 Sterling Silver Weights: [&#8230;]\n","protected":false},"featured_media":7823,"comment_status":"open","ping_status":"closed","template":"","meta":[],"product_brand":[],"product_cat":[34,35,29],"product_tag":[27],"class_list":{"0":"post-2641","1":"product","2":"type-product","3":"status-publish","4":"has-post-thumbnail","6":"product_cat-earrings","7":"product_cat-hoop-earrings","8":"product_cat-shop-all","9":"product_tag-hoop-earrings","11":"first","12":"instock","13":"shipping-taxable","14":"purchasable","15":"product-type-variable"},"_links":{"self":[{"href":"https:\/\/dolcejewellery.com\/fr\/wp-json\/wp\/v2\/product\/2641","targetHints":{"allow":["GET"]}}],"collection":[{"href":"https:\/\/dolcejewellery.com\/fr\/wp-json\/wp\/v2\/product"}],"about":[{"href":"https:\/\/dolcejewellery.com\/fr\/wp-json\/wp\/v2\/types\/product"}],"replies":[{"embeddable":true,"href":"https:\/\/dolcejewellery.com\/fr\/wp-json\/wp\/v2\/comments?post=2641"}],"wp:featuredmedia":[{"embeddable":true,"href":"https:\/\/dolcejewellery.com\/fr\/wp-json\/wp\/v2\/media\/7823"}],"wp:attachment":[{"href":"https:\/\/dolcejewellery.com\/fr\/wp-json\/wp\/v2\/media?parent=2641"}],"wp:term":[{"taxonomy":"product_brand","embeddable":true,"href":"https:\/\/dolcejewellery.com\/fr\/wp-json\/wp\/v2\/product_brand?post=2641"},{"taxonomy":"product_cat","embeddable":true,"href":"https:\/\/dolcejewellery.com\/fr\/wp-json\/wp\/v2\/product_cat?post=2641"},{"taxonomy":"product_tag","embeddable":true,"href":"https:\/\/dolcejewellery.com\/fr\/wp-json\/wp\/v2\/product_tag?post=2641"}],"curies":[{"name":"wp","href":"https:\/\/api.w.org\/{rel}","templated":true}]}}