{"id":2635,"date":"2025-02-01T11:14:10","date_gmt":"2025-02-01T11:14:10","guid":{"rendered":"https:\/\/dolcejewellery.com\/product\/chic-chain-anklet\/"},"modified":"2025-11-19T17:30:52","modified_gmt":"2025-11-19T16:30:52","slug":"chic-chain-anklet","status":"publish","type":"product","link":"https:\/\/dolcejewellery.com\/fr\/produit\/chic-chain-anklet\/","title":{"rendered":"Bracelet de cheville \u00e0 cha\u00eene chic"},"content":{"rendered":"<h1><strong>Description et d\u00e9tails<\/strong><\/h1>\n<p><strong>Dolce Jewellery, Bracelet de cheville cha\u00eene chic.<\/strong><\/p>\n<p>Bling, bling. Brillez \u00e0 chacun de vos pas gr\u00e2ce \u00e0 ce bracelet de cheville orn\u00e9 de cristaux sign\u00e9 Dolce Jewellery. Apr\u00e8s tout, le monde est votre podium.<\/p>\n<p>Offert en deux couleurs : Argent et Or.<\/p>\n<p><strong>Type de produit :<\/strong> Bracelets de cheville<\/p>\n<p><strong>Nom du produit :\u00a0<\/strong>Bracelet de cheville \u00e0 cha\u00eene chic<\/p>\n<p><strong>Pierre: <\/strong>Zircon<\/p>\n<p><strong>Mat\u00e9riel:\u00a0<\/strong>100% Argent sterling 925<\/p>\n<p><strong>Longueurs : <\/strong>la longueur du bracelet de cheville est de 25 cm (9,84 pouces), la longueur de la cha\u00eene d&#039;extension est de 5,5 cm (2,17 pouces)<\/p>\n<p><strong>Article:\u00a0<\/strong>BKSL126<\/p>\n<p><img loading=\"lazy\" decoding=\"async\" class=\"alignnone wp-image-7500 size-full\" src=\"https:\/\/dolcejewellery.com\/wp-content\/uploads\/2025\/02\/BKSL126.png\" alt=\"\" width=\"766\" height=\"766\" srcset=\"https:\/\/dolcejewellery.com\/wp-content\/uploads\/2025\/02\/BKSL126.png 766w, https:\/\/dolcejewellery.com\/wp-content\/uploads\/2025\/02\/BKSL126-300x300.png 300w, https:\/\/dolcejewellery.com\/wp-content\/uploads\/2025\/02\/BKSL126-150x150.png 150w, https:\/\/dolcejewellery.com\/wp-content\/uploads\/2025\/02\/BKSL126-600x600.png 600w, https:\/\/dolcejewellery.com\/wp-content\/uploads\/2025\/02\/BKSL126-100x100.png 100w\" sizes=\"auto, (max-width: 766px) 100vw, 766px\" \/><\/p>","protected":false},"excerpt":{"rendered":"<p>Description &amp; Details Dolce Jewellery, Chic Chain Anklet. Bling, bling. Sparkle away with every step you take thanks to this crystal-embellished anklet from Dolce Jewellery. The world is your runway, after all. Offered in two colors: Silver &amp; Gold. Product Type: Anklets Product Name:\u00a0Chic Chain Anklet Stone: Zircon Material:\u00a0100% 925 Sterling Silver Lengths: anklet length [&#8230;]\n","protected":false},"featured_media":7494,"comment_status":"open","ping_status":"closed","template":"","meta":[],"product_brand":[],"product_cat":[30,29],"product_tag":[],"class_list":{"0":"post-2635","1":"product","2":"type-product","3":"status-publish","4":"has-post-thumbnail","6":"product_cat-anklets","7":"product_cat-shop-all","9":"first","10":"instock","11":"shipping-taxable","12":"purchasable","13":"product-type-variable"},"_links":{"self":[{"href":"https:\/\/dolcejewellery.com\/fr\/wp-json\/wp\/v2\/product\/2635","targetHints":{"allow":["GET"]}}],"collection":[{"href":"https:\/\/dolcejewellery.com\/fr\/wp-json\/wp\/v2\/product"}],"about":[{"href":"https:\/\/dolcejewellery.com\/fr\/wp-json\/wp\/v2\/types\/product"}],"replies":[{"embeddable":true,"href":"https:\/\/dolcejewellery.com\/fr\/wp-json\/wp\/v2\/comments?post=2635"}],"wp:featuredmedia":[{"embeddable":true,"href":"https:\/\/dolcejewellery.com\/fr\/wp-json\/wp\/v2\/media\/7494"}],"wp:attachment":[{"href":"https:\/\/dolcejewellery.com\/fr\/wp-json\/wp\/v2\/media?parent=2635"}],"wp:term":[{"taxonomy":"product_brand","embeddable":true,"href":"https:\/\/dolcejewellery.com\/fr\/wp-json\/wp\/v2\/product_brand?post=2635"},{"taxonomy":"product_cat","embeddable":true,"href":"https:\/\/dolcejewellery.com\/fr\/wp-json\/wp\/v2\/product_cat?post=2635"},{"taxonomy":"product_tag","embeddable":true,"href":"https:\/\/dolcejewellery.com\/fr\/wp-json\/wp\/v2\/product_tag?post=2635"}],"curies":[{"name":"wp","href":"https:\/\/api.w.org\/{rel}","templated":true}]}}