{"id":2629,"date":"2025-02-01T11:14:10","date_gmt":"2025-02-01T11:14:10","guid":{"rendered":"https:\/\/dolcejewellery.com\/product\/charming-light-star-ear-clips\/"},"modified":"2025-11-19T17:28:09","modified_gmt":"2025-11-19T16:28:09","slug":"charming-light-star-ear-clips","status":"publish","type":"product","link":"https:\/\/dolcejewellery.com\/fr\/produit\/charming-light-star-ear-clips\/","title":{"rendered":"Charmantes boucles d&#039;oreilles \u00e0 clips en forme d&#039;\u00e9toile lumineuse"},"content":{"rendered":"<h1><strong>Description et d\u00e9tails<\/strong><\/h1>\n<p><strong>Dolce Jewellery, Charmantes boucles d&#039;oreilles en forme d&#039;\u00e9toile lumineuse.<\/strong><\/p>\n<p>Dolce Jewellery vous assure une allure impeccable avec ses bijoux, m\u00eame sans oreilles perc\u00e9es. Ces charmantes boucles d&#039;oreilles \u00e9toiles lumineuses orn\u00e9es de cristaux en sont la parfaite illustration avec leur design \u00e9l\u00e9gant et leur finition polie.<\/p>\n<p>Disponible en deux couleurs : Argent et Or.<\/p>\n<p>Ces boucles d&#039;oreilles sont vendues par paire.<\/p>\n<p><strong>Type de produit :<\/strong> Boucles d&#039;oreilles \u00e0 clip<\/p>\n<p><strong>Nom du produit :\u00a0<\/strong>Charmantes boucles d&#039;oreilles \u00e0 clips en forme d&#039;\u00e9toile lumineuse<\/p>\n<p><strong>Pierre: <\/strong>Zircon<\/p>\n<p><strong>Mat\u00e9riel:\u00a0<\/strong>100% Argent sterling 925<\/p>\n<p><strong>Poids: <\/strong>0,9 g<\/p>\n<p><strong>Article:\u00a0<\/strong>BKEJ367<\/p>\n<p><img loading=\"lazy\" decoding=\"async\" class=\"alignnone\" src=\"https:\/\/cdn.shopify.com\/s\/files\/1\/0559\/8819\/1417\/files\/2b0fa828-3436-40eb-8e6e-d45997ac646a_480x480.png?v=1629911311\" alt=\"\" width=\"480\" height=\"339\" \/><\/p>","protected":false},"excerpt":{"rendered":"<p>Description &amp; Details Dolce Jewellery, Charming Light Star Ear Clips. Dolce Jewellery makes sure you look your best with their jewellery, even if your ears aren&#8217;t pierced. These crystal-embellished charming light star ear clips are the perfect example with their beautiful design and polished finish. Available in two colors: Silver &amp; Gold. These earrings come [&#8230;]\n","protected":false},"featured_media":7850,"comment_status":"open","ping_status":"closed","template":"","meta":[],"product_brand":[],"product_cat":[32,34,29],"product_tag":[26],"class_list":{"0":"post-2629","1":"product","2":"type-product","3":"status-publish","4":"has-post-thumbnail","6":"product_cat-clip-on-earrings","7":"product_cat-earrings","8":"product_cat-shop-all","9":"product_tag-clip-on-earrings","11":"first","12":"instock","13":"shipping-taxable","14":"purchasable","15":"product-type-variable"},"_links":{"self":[{"href":"https:\/\/dolcejewellery.com\/fr\/wp-json\/wp\/v2\/product\/2629","targetHints":{"allow":["GET"]}}],"collection":[{"href":"https:\/\/dolcejewellery.com\/fr\/wp-json\/wp\/v2\/product"}],"about":[{"href":"https:\/\/dolcejewellery.com\/fr\/wp-json\/wp\/v2\/types\/product"}],"replies":[{"embeddable":true,"href":"https:\/\/dolcejewellery.com\/fr\/wp-json\/wp\/v2\/comments?post=2629"}],"wp:featuredmedia":[{"embeddable":true,"href":"https:\/\/dolcejewellery.com\/fr\/wp-json\/wp\/v2\/media\/7850"}],"wp:attachment":[{"href":"https:\/\/dolcejewellery.com\/fr\/wp-json\/wp\/v2\/media?parent=2629"}],"wp:term":[{"taxonomy":"product_brand","embeddable":true,"href":"https:\/\/dolcejewellery.com\/fr\/wp-json\/wp\/v2\/product_brand?post=2629"},{"taxonomy":"product_cat","embeddable":true,"href":"https:\/\/dolcejewellery.com\/fr\/wp-json\/wp\/v2\/product_cat?post=2629"},{"taxonomy":"product_tag","embeddable":true,"href":"https:\/\/dolcejewellery.com\/fr\/wp-json\/wp\/v2\/product_tag?post=2629"}],"curies":[{"name":"wp","href":"https:\/\/api.w.org\/{rel}","templated":true}]}}