{"id":2626,"date":"2025-02-01T11:14:10","date_gmt":"2025-02-01T11:14:10","guid":{"rendered":"https:\/\/dolcejewellery.com\/product\/charming-duo-rings\/"},"modified":"2025-11-19T17:25:21","modified_gmt":"2025-11-19T16:25:21","slug":"charming-duo-rings","status":"publish","type":"product","link":"https:\/\/dolcejewellery.com\/fr\/produit\/charming-duo-rings\/","title":{"rendered":"Bagues Duo Charmantes"},"content":{"rendered":"<h1><strong>Description et d\u00e9tails<\/strong><\/h1>\n<p><strong>Dolce Jewellery, Charmantes bagues Duo.<\/strong><\/p>\n<p>Sublimez votre style avec notre charmant duo de bagues. Ce coffret comprend deux magnifiques bagues, chacune dot\u00e9e d&#039;un charme unique et orn\u00e9e de zircons scintillants.<\/p>\n<p>La premi\u00e8re bague arbore un d\u00e9licat tr\u00e8fle \u00e0 quatre feuilles, symbole de chance et de bonne fortune. Le design complexe du tr\u00e8fle, associ\u00e9 aux zircons scintillants, cr\u00e9e une pi\u00e8ce captivante et accrocheuse.<\/p>\n<p>La deuxi\u00e8me bague arbore un \u00e9l\u00e9gant charm repr\u00e9sentant le signe de l&#039;infini, symbole de l&#039;amour \u00e9ternel et des possibilit\u00e9s infinies. Les zircons accentuent les courbes gracieuses du signe de l&#039;infini, ajoutant une touche d&#039;\u00e9clat et de sophistication.<\/p>\n<p>Les deux bagues sont dot\u00e9es d&#039;une cha\u00eene r\u00e9glable, permettant un ajustement confortable et personnalis\u00e9 \u00e0 chaque doigt. La cha\u00eene ajoute une touche contemporaine au design et renforce la polyvalence des bagues, les rendant ainsi adapt\u00e9es \u00e0 toutes les occasions.<\/p>\n<p>Fabriqu\u00e9es \u00e0 partir de mat\u00e9riaux de haute qualit\u00e9, dont de l&#039;argent sterling 925 v\u00e9ritable, ces bagues sont non seulement \u00e9l\u00e9gantes, mais aussi durables. Elles sont con\u00e7ues pour r\u00e9sister \u00e0 l&#039;usure quotidienne et conserver leur beaut\u00e9 au fil du temps.<\/p>\n<p>Les charmantes bagues Duo sont parfaites pour ajouter une touche d&#039;\u00e9l\u00e9gance et de symbolisme \u00e0 votre collection de bijoux. Port\u00e9es seules ou superpos\u00e9es, elles ne manqueront pas de faire sensation et de susciter les conversations.<\/p>\n<p>Admirez la beaut\u00e9 du tr\u00e8fle \u00e0 quatre feuilles et du signe de l&#039;infini avec les charmantes bagues Duo de Dolce Jewellery. Ces bijoux exquis sublimeront votre style et apporteront une touche de chance et des possibilit\u00e9s infinies \u00e0 votre vie.<\/p>\n<p><strong>Type de produit :\u00a0<\/strong>Bagues<\/p>\n<p><strong>Nom du produit :\u00a0<\/strong>Bagues Duo Charmantes<\/p>\n<p><strong>Pierre: <\/strong>Zircon<\/p>\n<p><strong>Mat\u00e9riel:\u00a0<\/strong>100% Argent sterling 925<\/p>\n<p><strong>Article:\u00a0<\/strong>BKJZ203<\/p>\n<p><img loading=\"lazy\" decoding=\"async\" class=\"alignnone wp-image-7379 size-full\" src=\"https:\/\/dolcejewellery.com\/wp-content\/uploads\/2025\/02\/BKJZ203.png\" alt=\"\" width=\"800\" height=\"800\" srcset=\"https:\/\/dolcejewellery.com\/wp-content\/uploads\/2025\/02\/BKJZ203.png 800w, https:\/\/dolcejewellery.com\/wp-content\/uploads\/2025\/02\/BKJZ203-300x300.png 300w, https:\/\/dolcejewellery.com\/wp-content\/uploads\/2025\/02\/BKJZ203-150x150.png 150w, https:\/\/dolcejewellery.com\/wp-content\/uploads\/2025\/02\/BKJZ203-768x768.png 768w, https:\/\/dolcejewellery.com\/wp-content\/uploads\/2025\/02\/BKJZ203-600x600.png 600w, https:\/\/dolcejewellery.com\/wp-content\/uploads\/2025\/02\/BKJZ203-100x100.png 100w\" sizes=\"auto, (max-width: 800px) 100vw, 800px\" \/><img loading=\"lazy\" decoding=\"async\" class=\"alignnone wp-image-7378 size-full\" src=\"https:\/\/dolcejewellery.com\/wp-content\/uploads\/2025\/02\/BKJZ203-2.png\" alt=\"\" width=\"800\" height=\"800\" srcset=\"https:\/\/dolcejewellery.com\/wp-content\/uploads\/2025\/02\/BKJZ203-2.png 800w, https:\/\/dolcejewellery.com\/wp-content\/uploads\/2025\/02\/BKJZ203-2-300x300.png 300w, https:\/\/dolcejewellery.com\/wp-content\/uploads\/2025\/02\/BKJZ203-2-150x150.png 150w, https:\/\/dolcejewellery.com\/wp-content\/uploads\/2025\/02\/BKJZ203-2-768x768.png 768w, https:\/\/dolcejewellery.com\/wp-content\/uploads\/2025\/02\/BKJZ203-2-600x600.png 600w, https:\/\/dolcejewellery.com\/wp-content\/uploads\/2025\/02\/BKJZ203-2-100x100.png 100w\" sizes=\"auto, (max-width: 800px) 100vw, 800px\" \/><\/p>","protected":false},"excerpt":{"rendered":"<p>Description &amp; Details Dolce Jewellery,\u00a0Charming Duo Rings. Elevate your style with our Charming Duo Rings. This set features two stunning rings, each with its own unique charm, adorned with sparkling zircon stones. The first ring showcases a delicate four-leaf clover charm, symbolizing luck and good fortune. The intricate design of the clover, combined with the [&#8230;]\n","protected":false},"featured_media":7371,"comment_status":"open","ping_status":"closed","template":"","meta":[],"product_brand":[],"product_cat":[37,29],"product_tag":[],"class_list":{"0":"post-2626","1":"product","2":"type-product","3":"status-publish","4":"has-post-thumbnail","6":"product_cat-rings","7":"product_cat-shop-all","9":"first","10":"instock","11":"shipping-taxable","12":"purchasable","13":"product-type-variable"},"_links":{"self":[{"href":"https:\/\/dolcejewellery.com\/fr\/wp-json\/wp\/v2\/product\/2626","targetHints":{"allow":["GET"]}}],"collection":[{"href":"https:\/\/dolcejewellery.com\/fr\/wp-json\/wp\/v2\/product"}],"about":[{"href":"https:\/\/dolcejewellery.com\/fr\/wp-json\/wp\/v2\/types\/product"}],"replies":[{"embeddable":true,"href":"https:\/\/dolcejewellery.com\/fr\/wp-json\/wp\/v2\/comments?post=2626"}],"wp:featuredmedia":[{"embeddable":true,"href":"https:\/\/dolcejewellery.com\/fr\/wp-json\/wp\/v2\/media\/7371"}],"wp:attachment":[{"href":"https:\/\/dolcejewellery.com\/fr\/wp-json\/wp\/v2\/media?parent=2626"}],"wp:term":[{"taxonomy":"product_brand","embeddable":true,"href":"https:\/\/dolcejewellery.com\/fr\/wp-json\/wp\/v2\/product_brand?post=2626"},{"taxonomy":"product_cat","embeddable":true,"href":"https:\/\/dolcejewellery.com\/fr\/wp-json\/wp\/v2\/product_cat?post=2626"},{"taxonomy":"product_tag","embeddable":true,"href":"https:\/\/dolcejewellery.com\/fr\/wp-json\/wp\/v2\/product_tag?post=2626"}],"curies":[{"name":"wp","href":"https:\/\/api.w.org\/{rel}","templated":true}]}}