{"id":2623,"date":"2025-02-01T11:14:09","date_gmt":"2025-02-01T11:14:09","guid":{"rendered":"https:\/\/dolcejewellery.com\/product\/charm-cat-earrings\/"},"modified":"2025-11-19T17:38:04","modified_gmt":"2025-11-19T16:38:04","slug":"charm-cat-earrings","status":"publish","type":"product","link":"https:\/\/dolcejewellery.com\/fr\/produit\/charm-cat-earrings\/","title":{"rendered":"Boucles d&#039;oreilles Charm Cat"},"content":{"rendered":"<h1><strong>Description et d\u00e9tails<\/strong><\/h1>\n<p><strong>Dolce Jewellery, Boucles d&#039;oreilles chat \u00e0 breloques.<\/strong><\/p>\n<p>Ce n&#039;est pas tous les jours qu&#039;on tombe sur une paire de boucles d&#039;oreilles aussi exceptionnelle. D\u00e8s que nous les avons vues, nous avons pens\u00e9 \u00e0 vous. Nous sommes s\u00fbrs que vous comprenez ce qui doit arriver.<\/p>\n<p>Offert en deux couleurs : Argent et Or.<\/p>\n<p>Ces boucles d&#039;oreilles sont vendues par paire.<\/p>\n<p><strong>Type de produit :<\/strong> Boucles d&#039;oreilles cr\u00e9oles<\/p>\n<p><strong>Nom du produit :\u00a0<\/strong>Boucles d&#039;oreilles Charm Cat<\/p>\n<p><strong>Mat\u00e9riel:\u00a0<\/strong>100% Argent sterling 925<\/p>\n<p><strong>Poids:\u00a0<\/strong>1,5 g<\/p>\n<p><strong>Article:\u00a0<\/strong>BKEJ511<\/p>\n<p><img loading=\"lazy\" decoding=\"async\" class=\"alignnone wp-image-7874 size-full\" src=\"https:\/\/dolcejewellery.com\/wp-content\/uploads\/2025\/02\/BKEJ511.png\" alt=\"\" width=\"780\" height=\"551\" srcset=\"https:\/\/dolcejewellery.com\/wp-content\/uploads\/2025\/02\/BKEJ511.png 780w, https:\/\/dolcejewellery.com\/wp-content\/uploads\/2025\/02\/BKEJ511-300x212.png 300w, https:\/\/dolcejewellery.com\/wp-content\/uploads\/2025\/02\/BKEJ511-768x543.png 768w\" sizes=\"auto, (max-width: 780px) 100vw, 780px\" \/><\/p>","protected":false},"excerpt":{"rendered":"<p>Description &amp; Details Dolce Jewellery, Charm Cat Earrings. It&#8217;s not everyday you come across a pair of earrings as epic as these. As soon as we saw them we thought of you. We trust you understand what needs to happen. Offered in two colors: Silver &amp; Gold. These earrings come as a pair. Product Type: [&#8230;]\n","protected":false},"featured_media":7868,"comment_status":"open","ping_status":"closed","template":"","meta":[],"product_brand":[],"product_cat":[34,35,29],"product_tag":[27],"class_list":{"0":"post-2623","1":"product","2":"type-product","3":"status-publish","4":"has-post-thumbnail","6":"product_cat-earrings","7":"product_cat-hoop-earrings","8":"product_cat-shop-all","9":"product_tag-hoop-earrings","11":"first","12":"instock","13":"shipping-taxable","14":"purchasable","15":"product-type-variable"},"_links":{"self":[{"href":"https:\/\/dolcejewellery.com\/fr\/wp-json\/wp\/v2\/product\/2623","targetHints":{"allow":["GET"]}}],"collection":[{"href":"https:\/\/dolcejewellery.com\/fr\/wp-json\/wp\/v2\/product"}],"about":[{"href":"https:\/\/dolcejewellery.com\/fr\/wp-json\/wp\/v2\/types\/product"}],"replies":[{"embeddable":true,"href":"https:\/\/dolcejewellery.com\/fr\/wp-json\/wp\/v2\/comments?post=2623"}],"wp:featuredmedia":[{"embeddable":true,"href":"https:\/\/dolcejewellery.com\/fr\/wp-json\/wp\/v2\/media\/7868"}],"wp:attachment":[{"href":"https:\/\/dolcejewellery.com\/fr\/wp-json\/wp\/v2\/media?parent=2623"}],"wp:term":[{"taxonomy":"product_brand","embeddable":true,"href":"https:\/\/dolcejewellery.com\/fr\/wp-json\/wp\/v2\/product_brand?post=2623"},{"taxonomy":"product_cat","embeddable":true,"href":"https:\/\/dolcejewellery.com\/fr\/wp-json\/wp\/v2\/product_cat?post=2623"},{"taxonomy":"product_tag","embeddable":true,"href":"https:\/\/dolcejewellery.com\/fr\/wp-json\/wp\/v2\/product_tag?post=2623"}],"curies":[{"name":"wp","href":"https:\/\/api.w.org\/{rel}","templated":true}]}}