{"id":2615,"date":"2025-02-01T11:14:09","date_gmt":"2025-02-01T11:14:09","guid":{"rendered":"https:\/\/dolcejewellery.com\/product\/chain-pearl-bracelet\/"},"modified":"2025-11-19T17:33:30","modified_gmt":"2025-11-19T16:33:30","slug":"chain-pearl-bracelet","status":"publish","type":"product","link":"https:\/\/dolcejewellery.com\/fr\/produit\/chain-pearl-bracelet\/","title":{"rendered":"Bracelet cha\u00eene et perles"},"content":{"rendered":"<h1><strong>Description et d\u00e9tails<\/strong><\/h1>\n<p><strong>Dolce Jewellery, Bracelet cha\u00eene en perles.<\/strong><\/p>\n<p>Vous cherchez l&#039;accessoire ultime au quotidien\u00a0? Il apportera une touche de couleur \u00e0 votre look sans effort\u00a0? Vous \u00eates au bon endroit.<\/p>\n<p>Le bracelet cha\u00eene et perles Dolce Jewellery est parfait. Dot\u00e9 d&#039;une cha\u00eene minimaliste, \u00e9l\u00e9gante et \u00e9l\u00e9gante, il est orn\u00e9 de perles d&#039;eau douce baroques brillantes. Enfilez-le et c&#039;est parti\u00a0!<br \/>\nCe bracelet de Dolce Jewellery deviendra rapidement votre pi\u00e8ce de pr\u00e9dilection.<\/p>\n<p>Propos\u00e9 en trois couleurs diff\u00e9rentes : Argent, Or, Or Rose.<\/p>\n<p><strong>Type de produit :\u00a0<\/strong>Bracelets<\/p>\n<p><strong>Nom du produit :\u00a0<\/strong>Bracelet cha\u00eene et perles<\/p>\n<p><strong>Type de perle :\u00a0<\/strong>Perles d&#039;eau douce baroques<\/p>\n<p><strong>Mat\u00e9riel:\u00a0<\/strong>100% Argent sterling 925<\/p>\n<p><strong>Longueurs : <\/strong>la longueur du bracelet est de 17 cm (6,7 pouces), la longueur de la cha\u00eene d&#039;extension est de 4 cm (1,6 pouces)<\/p>\n<p><strong>Article:\u00a0<\/strong>BKSL096<\/p>\n<p><img loading=\"lazy\" decoding=\"async\" class=\"alignnone wp-image-6980 size-full\" src=\"https:\/\/dolcejewellery.com\/wp-content\/uploads\/2025\/02\/\u5c3a\u5bf8\u56fe-4.png\" alt=\"\" width=\"800\" height=\"800\" srcset=\"https:\/\/dolcejewellery.com\/wp-content\/uploads\/2025\/02\/\u5c3a\u5bf8\u56fe-4.png 800w, https:\/\/dolcejewellery.com\/wp-content\/uploads\/2025\/02\/\u5c3a\u5bf8\u56fe-4-300x300.png 300w, https:\/\/dolcejewellery.com\/wp-content\/uploads\/2025\/02\/\u5c3a\u5bf8\u56fe-4-150x150.png 150w, https:\/\/dolcejewellery.com\/wp-content\/uploads\/2025\/02\/\u5c3a\u5bf8\u56fe-4-768x768.png 768w, https:\/\/dolcejewellery.com\/wp-content\/uploads\/2025\/02\/\u5c3a\u5bf8\u56fe-4-600x600.png 600w, https:\/\/dolcejewellery.com\/wp-content\/uploads\/2025\/02\/\u5c3a\u5bf8\u56fe-4-100x100.png 100w\" sizes=\"auto, (max-width: 800px) 100vw, 800px\" \/><\/p>","protected":false},"excerpt":{"rendered":"<p>Description &amp; Details Dolce Jewellery,\u00a0Chain Pearl Bracelet. Looking for the ultimate everyday accessory? Which will effortlessly add a splash of colour to your look, you&#8217;ve come to the right place. Dolce Jewellery, Chain Pearl Bracelet is just the ticket. Featuring a minimalist, beautiful, slick chain and it is decorated with some shiny baroque freshwater pearls. [&#8230;]\n","protected":false},"featured_media":6978,"comment_status":"open","ping_status":"closed","template":"","meta":[],"product_brand":[],"product_cat":[31,29],"product_tag":[],"class_list":{"0":"post-2615","1":"product","2":"type-product","3":"status-publish","4":"has-post-thumbnail","6":"product_cat-bracelets","7":"product_cat-shop-all","9":"first","10":"instock","11":"shipping-taxable","12":"purchasable","13":"product-type-variable"},"_links":{"self":[{"href":"https:\/\/dolcejewellery.com\/fr\/wp-json\/wp\/v2\/product\/2615","targetHints":{"allow":["GET"]}}],"collection":[{"href":"https:\/\/dolcejewellery.com\/fr\/wp-json\/wp\/v2\/product"}],"about":[{"href":"https:\/\/dolcejewellery.com\/fr\/wp-json\/wp\/v2\/types\/product"}],"replies":[{"embeddable":true,"href":"https:\/\/dolcejewellery.com\/fr\/wp-json\/wp\/v2\/comments?post=2615"}],"wp:featuredmedia":[{"embeddable":true,"href":"https:\/\/dolcejewellery.com\/fr\/wp-json\/wp\/v2\/media\/6978"}],"wp:attachment":[{"href":"https:\/\/dolcejewellery.com\/fr\/wp-json\/wp\/v2\/media?parent=2615"}],"wp:term":[{"taxonomy":"product_brand","embeddable":true,"href":"https:\/\/dolcejewellery.com\/fr\/wp-json\/wp\/v2\/product_brand?post=2615"},{"taxonomy":"product_cat","embeddable":true,"href":"https:\/\/dolcejewellery.com\/fr\/wp-json\/wp\/v2\/product_cat?post=2615"},{"taxonomy":"product_tag","embeddable":true,"href":"https:\/\/dolcejewellery.com\/fr\/wp-json\/wp\/v2\/product_tag?post=2615"}],"curies":[{"name":"wp","href":"https:\/\/api.w.org\/{rel}","templated":true}]}}