{"id":2609,"date":"2025-02-01T11:14:08","date_gmt":"2025-02-01T11:14:08","guid":{"rendered":"https:\/\/dolcejewellery.com\/product\/chain-buckle-ring\/"},"modified":"2025-12-14T15:12:05","modified_gmt":"2025-12-14T14:12:05","slug":"chain-buckle-ring","status":"publish","type":"product","link":"https:\/\/dolcejewellery.com\/fr\/produit\/chain-buckle-ring\/","title":{"rendered":"Anneau \u00e0 boucle de cha\u00eene"},"content":{"rendered":"<h1 data-mce-fragment=\"1\"><strong data-mce-fragment=\"1\">Description et d\u00e9tails<\/strong><\/h1>\n<p data-mce-fragment=\"1\"><strong data-mce-fragment=\"1\">Dolce Jewellery, Anneau de boucle de cha\u00eene.<\/strong><\/p>\n<p>Cette jolie bague ajustable dor\u00e9e sign\u00e9e Dolce Jewellery est id\u00e9ale pour un mariage. Autrement dit, une fois que vous l&#039;aurez enfil\u00e9e, vous ne voudrez plus la quitter. Et c&#039;est ce qu&#039;on appelle l&#039;amour \u00e9ternel.<\/p>\n<p><strong data-mce-fragment=\"1\">Type de produit :\u00a0<\/strong>Bagues<\/p>\n<p data-mce-fragment=\"1\"><strong data-mce-fragment=\"1\">Nom du produit :\u00a0<\/strong>Anneau \u00e0 boucle de cha\u00eene\u00a0<strong data-mce-fragment=\"1\">\u00a0<\/strong><\/p>\n<p data-mce-fragment=\"1\"><strong data-mce-fragment=\"1\">Mat\u00e9riel:\u00a0<\/strong>100% Argent sterling 925<\/p>\n<p data-mce-fragment=\"1\"><strong data-mce-fragment=\"1\">Article:\u00a0<\/strong>MJZ030<\/p>","protected":false},"excerpt":{"rendered":"<p>Description et d\u00e9tails Dolce Jewellery, Bague \u00e0 boucle cha\u00eene. Cette jolie bague ajustable dor\u00e9e sign\u00e9e Dolce Jewellery est id\u00e9ale pour un mariage. Signification\u00a0: une fois que vous l&#039;aurez enfil\u00e9e, vous ne voudrez plus la quitter. Et c&#039;est ce qu&#039;on appelle l&#039;amour \u00e9ternel. Type de produit\u00a0: Bagues. Nom du produit\u00a0: Bague \u00e0 boucle cha\u00eene. Mat\u00e9riau\u00a0: Argent sterling 925 100%. Article\u00a0: MJZ030.<\/p>","protected":false},"featured_media":7395,"comment_status":"open","ping_status":"closed","template":"","meta":[],"product_brand":[],"product_cat":[37,29],"product_tag":[],"class_list":{"0":"post-2609","1":"product","2":"type-product","3":"status-publish","4":"has-post-thumbnail","6":"product_cat-rings","7":"product_cat-shop-all","9":"first","10":"instock","11":"shipping-taxable","12":"purchasable","13":"product-type-variable"},"_links":{"self":[{"href":"https:\/\/dolcejewellery.com\/fr\/wp-json\/wp\/v2\/product\/2609","targetHints":{"allow":["GET"]}}],"collection":[{"href":"https:\/\/dolcejewellery.com\/fr\/wp-json\/wp\/v2\/product"}],"about":[{"href":"https:\/\/dolcejewellery.com\/fr\/wp-json\/wp\/v2\/types\/product"}],"replies":[{"embeddable":true,"href":"https:\/\/dolcejewellery.com\/fr\/wp-json\/wp\/v2\/comments?post=2609"}],"wp:featuredmedia":[{"embeddable":true,"href":"https:\/\/dolcejewellery.com\/fr\/wp-json\/wp\/v2\/media\/7395"}],"wp:attachment":[{"href":"https:\/\/dolcejewellery.com\/fr\/wp-json\/wp\/v2\/media?parent=2609"}],"wp:term":[{"taxonomy":"product_brand","embeddable":true,"href":"https:\/\/dolcejewellery.com\/fr\/wp-json\/wp\/v2\/product_brand?post=2609"},{"taxonomy":"product_cat","embeddable":true,"href":"https:\/\/dolcejewellery.com\/fr\/wp-json\/wp\/v2\/product_cat?post=2609"},{"taxonomy":"product_tag","embeddable":true,"href":"https:\/\/dolcejewellery.com\/fr\/wp-json\/wp\/v2\/product_tag?post=2609"}],"curies":[{"name":"wp","href":"https:\/\/api.w.org\/{rel}","templated":true}]}}