{"id":2588,"date":"2025-02-01T11:14:07","date_gmt":"2025-02-01T11:14:07","guid":{"rendered":"https:\/\/dolcejewellery.com\/product\/butterfly-whispers-necklace\/"},"modified":"2025-11-19T17:53:27","modified_gmt":"2025-11-19T16:53:27","slug":"butterfly-whispers-necklace","status":"publish","type":"product","link":"https:\/\/dolcejewellery.com\/fr\/produit\/butterfly-whispers-necklace\/","title":{"rendered":"Collier Chuchotements de Papillons"},"content":{"rendered":"<h1><strong>Description et d\u00e9tails<\/strong><\/h1>\n<p><strong>Dolce Jewellery, Collier Chuchotements de Papillons.<\/strong><\/p>\n<p>Sublimez votre style avec le charme exquis du collier Butterfly Whispers. Confectionn\u00e9 en argent sterling 925, ce pendentif arbore un motif papillon romantique, empreint d&#039;\u00e9l\u00e9gance et de gr\u00e2ce. Orn\u00e9 de zircones scintillantes, ce pendentif papillon capture la beaut\u00e9 de la nature avec une touche d&#039;\u00e9clat.<\/p>\n<p>Le collier Butterfly Whispers est l&#039;accessoire id\u00e9al pour les femmes qui appr\u00e9cient les bijoux tendance. Que vous assistiez \u00e0 un mariage, \u00e0 une soir\u00e9e glamour ou que vous souhaitiez simplement ajouter une touche de fantaisie \u00e0 votre look quotidien, ce collier sublimera votre style sans effort.<\/p>\n<p>La cha\u00eene d\u00e9licate du collier compl\u00e8te \u00e0 merveille le pendentif papillon, cr\u00e9ant un design harmonieux et accrocheur. La longueur r\u00e9glable de la clavicule assure un ajustement confortable selon vos pr\u00e9f\u00e9rences. Portez-le pr\u00e8s de votre c\u0153ur et laissez le pendentif papillon flotter \u00e0 chaque mouvement, symbolisant gr\u00e2ce, transformation et libert\u00e9.<\/p>\n<p>Le collier Butterfly Whispers de Dolce Jewellery symbolise la beaut\u00e9 et l&#039;\u00e9l\u00e9gance f\u00e9minines. Son design intemporel et son savoir-faire m\u00e9ticuleux en font une pi\u00e8ce pr\u00e9cieuse qui sublimera votre collection de bijoux pour les ann\u00e9es \u00e0 venir. Laissez-vous s\u00e9duire par le charme envo\u00fbtant des papillons et laissez libre cours \u00e0 votre style avec ce magnifique collier.<\/p>\n<p><strong>Type de produit : <\/strong>Colliers<\/p>\n<p><strong>Nom du produit :\u00a0<\/strong>Collier Chuchotements de Papillons<\/p>\n<p><strong>Pierre: <\/strong>Cristal de zircone<\/p>\n<p><strong>Mat\u00e9riel: <\/strong>100% Argent sterling 925<\/p>\n<p><strong>Longueur: <\/strong>44,5 cm (17,5 pouces), la longueur de la cha\u00eene peut \u00eatre allong\u00e9e d&#039;environ 5,6 cm (2,2 pouces)<\/p>\n<p><strong>Article:\u00a0<\/strong>BKXL175<\/p>\n<p><img decoding=\"async\" src=\"https:\/\/cdn.shopify.com\/s\/files\/1\/0559\/8819\/1417\/files\/1d56a875-881a-4a45-aec5-8ba47d85ae0d_480x480.jpg?v=1687108659\" alt=\"\" \/><\/p>","protected":false},"excerpt":{"rendered":"<p>Description &amp; Details Dolce Jewellery,\u00a0Butterfly Whispers Necklace. Elevate your style with the exquisite charm of the Butterfly Whispers Necklace. Crafted from 925 sterling silver, this pendant necklace showcases a romantic butterfly design that exudes elegance and grace. Adorned with shimmering crystal zirconia stones, the butterfly pendant captures the beauty of nature with a touch of [&#8230;]\n","protected":false},"featured_media":6639,"comment_status":"open","ping_status":"closed","template":"","meta":[],"product_brand":[],"product_cat":[36,29],"product_tag":[],"class_list":{"0":"post-2588","1":"product","2":"type-product","3":"status-publish","4":"has-post-thumbnail","6":"product_cat-necklaces","7":"product_cat-shop-all","9":"first","10":"instock","11":"shipping-taxable","12":"purchasable","13":"product-type-variable"},"_links":{"self":[{"href":"https:\/\/dolcejewellery.com\/fr\/wp-json\/wp\/v2\/product\/2588","targetHints":{"allow":["GET"]}}],"collection":[{"href":"https:\/\/dolcejewellery.com\/fr\/wp-json\/wp\/v2\/product"}],"about":[{"href":"https:\/\/dolcejewellery.com\/fr\/wp-json\/wp\/v2\/types\/product"}],"replies":[{"embeddable":true,"href":"https:\/\/dolcejewellery.com\/fr\/wp-json\/wp\/v2\/comments?post=2588"}],"wp:featuredmedia":[{"embeddable":true,"href":"https:\/\/dolcejewellery.com\/fr\/wp-json\/wp\/v2\/media\/6639"}],"wp:attachment":[{"href":"https:\/\/dolcejewellery.com\/fr\/wp-json\/wp\/v2\/media?parent=2588"}],"wp:term":[{"taxonomy":"product_brand","embeddable":true,"href":"https:\/\/dolcejewellery.com\/fr\/wp-json\/wp\/v2\/product_brand?post=2588"},{"taxonomy":"product_cat","embeddable":true,"href":"https:\/\/dolcejewellery.com\/fr\/wp-json\/wp\/v2\/product_cat?post=2588"},{"taxonomy":"product_tag","embeddable":true,"href":"https:\/\/dolcejewellery.com\/fr\/wp-json\/wp\/v2\/product_tag?post=2588"}],"curies":[{"name":"wp","href":"https:\/\/api.w.org\/{rel}","templated":true}]}}