{"id":2584,"date":"2025-02-01T11:14:07","date_gmt":"2025-02-01T11:14:07","guid":{"rendered":"https:\/\/dolcejewellery.com\/product\/butterfly-clip-on-earrings\/"},"modified":"2025-11-19T17:47:38","modified_gmt":"2025-11-19T16:47:38","slug":"butterfly-clip-on-earrings","status":"publish","type":"product","link":"https:\/\/dolcejewellery.com\/fr\/produit\/butterfly-clip-on-earrings\/","title":{"rendered":"Boucles d&#039;oreilles \u00e0 clip papillon"},"content":{"rendered":"<h1><strong>Description et d\u00e9tails<\/strong><\/h1>\n<p><strong>Dolce Jewellery, Boucles d&#039;oreilles \u00e0 clip papillon.<\/strong><\/p>\n<p>\u00c0 quand remonte la derni\u00e8re fois o\u00f9 vous vous \u00eates offert un pr\u00e9cieux tr\u00e9sor\u00a0? Pourquoi ne pas orner vos oreilles de ces boucles d&#039;oreilles clip papillon en argent sterling orn\u00e9es de cristaux de Dolce Jewellery\u00a0? Leur finition polie apportera une touche scintillante \u00e0 votre look. Ces bijoux seront ch\u00e9ris pendant des ann\u00e9es.<\/p>\n<p>Offert en deux couleurs : Argent et Or.<\/p>\n<p>Ces boucles d&#039;oreilles sont vendues par paire.<\/p>\n<p><strong>Type de produit :<\/strong> Boucles d&#039;oreilles \u00e0 clip<\/p>\n<p><strong>Nom du produit :\u00a0<\/strong>Boucles d&#039;oreilles \u00e0 clip papillon<\/p>\n<p><strong>Pierre: <\/strong>Zircon<\/p>\n<p><strong>Mat\u00e9riel:\u00a0<\/strong>100% Argent sterling 925<\/p>\n<p><strong>Poids: <\/strong>1,2 g<\/p>\n<p><strong>Article:\u00a0<\/strong>BKEJ082<\/p>\n<p><img loading=\"lazy\" decoding=\"async\" class=\"alignnone wp-image-7865 size-full\" src=\"https:\/\/dolcejewellery.com\/wp-content\/uploads\/2025\/02\/BKEJ082.png\" alt=\"\" width=\"778\" height=\"618\" srcset=\"https:\/\/dolcejewellery.com\/wp-content\/uploads\/2025\/02\/BKEJ082.png 778w, https:\/\/dolcejewellery.com\/wp-content\/uploads\/2025\/02\/BKEJ082-300x238.png 300w, https:\/\/dolcejewellery.com\/wp-content\/uploads\/2025\/02\/BKEJ082-768x610.png 768w\" sizes=\"auto, (max-width: 778px) 100vw, 778px\" \/><\/p>","protected":false},"excerpt":{"rendered":"<p>Description &amp; Details Dolce Jewellery, Butterfly Clip On Earrings. When was the last time that you treated yourself to a precious treasure? Why not adorn your ears with these dazzling crystal-embellished sterling silver butterfly clip on earrings from Dolce Jewellery that add a glistening touch to your look with its polished finish. These beauties will [&#8230;]\n","protected":false},"featured_media":7856,"comment_status":"open","ping_status":"closed","template":"","meta":[],"product_brand":[],"product_cat":[32,34,29],"product_tag":[26],"class_list":{"0":"post-2584","1":"product","2":"type-product","3":"status-publish","4":"has-post-thumbnail","6":"product_cat-clip-on-earrings","7":"product_cat-earrings","8":"product_cat-shop-all","9":"product_tag-clip-on-earrings","11":"first","12":"instock","13":"shipping-taxable","14":"purchasable","15":"product-type-variable"},"_links":{"self":[{"href":"https:\/\/dolcejewellery.com\/fr\/wp-json\/wp\/v2\/product\/2584","targetHints":{"allow":["GET"]}}],"collection":[{"href":"https:\/\/dolcejewellery.com\/fr\/wp-json\/wp\/v2\/product"}],"about":[{"href":"https:\/\/dolcejewellery.com\/fr\/wp-json\/wp\/v2\/types\/product"}],"replies":[{"embeddable":true,"href":"https:\/\/dolcejewellery.com\/fr\/wp-json\/wp\/v2\/comments?post=2584"}],"wp:featuredmedia":[{"embeddable":true,"href":"https:\/\/dolcejewellery.com\/fr\/wp-json\/wp\/v2\/media\/7856"}],"wp:attachment":[{"href":"https:\/\/dolcejewellery.com\/fr\/wp-json\/wp\/v2\/media?parent=2584"}],"wp:term":[{"taxonomy":"product_brand","embeddable":true,"href":"https:\/\/dolcejewellery.com\/fr\/wp-json\/wp\/v2\/product_brand?post=2584"},{"taxonomy":"product_cat","embeddable":true,"href":"https:\/\/dolcejewellery.com\/fr\/wp-json\/wp\/v2\/product_cat?post=2584"},{"taxonomy":"product_tag","embeddable":true,"href":"https:\/\/dolcejewellery.com\/fr\/wp-json\/wp\/v2\/product_tag?post=2584"}],"curies":[{"name":"wp","href":"https:\/\/api.w.org\/{rel}","templated":true}]}}