{"id":2579,"date":"2025-02-01T11:14:06","date_gmt":"2025-02-01T11:14:06","guid":{"rendered":"https:\/\/dolcejewellery.com\/product\/branch-bud-sparkle-ring\/"},"modified":"2025-11-19T18:01:13","modified_gmt":"2025-11-19T17:01:13","slug":"branch-bud-sparkle-ring","status":"publish","type":"product","link":"https:\/\/dolcejewellery.com\/fr\/produit\/branch-bud-sparkle-ring\/","title":{"rendered":"Bague Branch Bud Sparkle"},"content":{"rendered":"<h1><strong>Description et d\u00e9tails<\/strong><\/h1>\n<p><strong>Dolce Jewellery, Bague scintillante en forme de bourgeon de branche.<\/strong><\/p>\n<p>Sublimez votre style avec la beaut\u00e9 exquise de la bague Branch Bud Sparkle. R\u00e9alis\u00e9e avec un soin m\u00e9ticuleux, cette bague arbore un superbe motif repr\u00e9sentant un d\u00e9licat bourgeon de branche orn\u00e9 de zircones scintillantes. Les d\u00e9tails complexes du bourgeon, associ\u00e9s \u00e0 l&#039;\u00e9clat des zircones, cr\u00e9ent un bijou captivant et glamour.<\/p>\n<p>La bague Branch Bud Sparkle est confectionn\u00e9e \u00e0 partir de mat\u00e9riaux de haute qualit\u00e9, avec un anneau en argent sterling 925 v\u00e9ritable. L&#039;anneau en argent apporte une touche d&#039;\u00e9l\u00e9gance et de durabilit\u00e9 \u00e0 la bague, tandis que les pierres de zircone en cristal offrent un \u00e9clat \u00e9clatant de lumi\u00e8re. Le motif du bourgeon symbolise la croissance, le renouveau et la beaut\u00e9 naturelle, faisant de cette bague un choix \u00e9l\u00e9gant et plein de sens.<\/p>\n<p>Gr\u00e2ce \u00e0 son anneau r\u00e9glable, la bague Branch Bud Sparkle s&#039;adapte confortablement \u00e0 toutes les tailles de doigts. Que vous participiez \u00e0 une occasion sp\u00e9ciale, ajoutiez une touche de glamour \u00e0 votre look quotidien ou cherchiez le cadeau id\u00e9al, cette bague est un accessoire polyvalent et accrocheur.<\/p>\n<p>Affirmez votre style avec la bague Branch Bud Sparkle de Dolce Jewellery. Son design complexe et ses zircones scintillantes sublimeront votre style et refl\u00e9teront votre personnalit\u00e9 unique. Port\u00e9e seule ou associ\u00e9e \u00e0 d&#039;autres bagues, cette pi\u00e8ce deviendra assur\u00e9ment un atout pr\u00e9cieux pour votre collection de bijoux.<\/p>\n<p><strong>Type de produit :\u00a0<\/strong>Bagues<\/p>\n<p><strong>Nom du produit :\u00a0<\/strong>Bague Branch Bud Sparkle<\/p>\n<p><strong>Pierre:\u00a0<\/strong>Cristal de zircone<\/p>\n<p><strong>Mat\u00e9riel:\u00a0<\/strong>100% Argent sterling 925<\/p>\n<p><strong>Article:\u00a0<\/strong>BKJZ144<\/p>\n<p><img loading=\"lazy\" decoding=\"async\" class=\"alignnone\" src=\"https:\/\/cdn.shopify.com\/s\/files\/1\/0559\/8819\/1417\/files\/dd890867-7998-4114-8b87-801c8d93b60f_480x480.png?v=1690571689\" alt=\"\" width=\"480\" height=\"339\" \/><\/p>","protected":false},"excerpt":{"rendered":"<p>Description &amp; Details Dolce Jewellery,\u00a0Branch Bud Sparkle Ring. Elevate your style with the exquisite beauty of the Branch Bud Sparkle Ring. Crafted with meticulous attention to detail, this ring features a stunning design of a delicate branch bud adorned with sparkling crystal zirconia stones. The intricate details of the bud, combined with the brilliance of [&#8230;]\n","protected":false},"featured_media":7399,"comment_status":"open","ping_status":"closed","template":"","meta":[],"product_brand":[],"product_cat":[37,29],"product_tag":[],"class_list":{"0":"post-2579","1":"product","2":"type-product","3":"status-publish","4":"has-post-thumbnail","6":"product_cat-rings","7":"product_cat-shop-all","9":"first","10":"instock","11":"shipping-taxable","12":"purchasable","13":"product-type-variable"},"_links":{"self":[{"href":"https:\/\/dolcejewellery.com\/fr\/wp-json\/wp\/v2\/product\/2579","targetHints":{"allow":["GET"]}}],"collection":[{"href":"https:\/\/dolcejewellery.com\/fr\/wp-json\/wp\/v2\/product"}],"about":[{"href":"https:\/\/dolcejewellery.com\/fr\/wp-json\/wp\/v2\/types\/product"}],"replies":[{"embeddable":true,"href":"https:\/\/dolcejewellery.com\/fr\/wp-json\/wp\/v2\/comments?post=2579"}],"wp:featuredmedia":[{"embeddable":true,"href":"https:\/\/dolcejewellery.com\/fr\/wp-json\/wp\/v2\/media\/7399"}],"wp:attachment":[{"href":"https:\/\/dolcejewellery.com\/fr\/wp-json\/wp\/v2\/media?parent=2579"}],"wp:term":[{"taxonomy":"product_brand","embeddable":true,"href":"https:\/\/dolcejewellery.com\/fr\/wp-json\/wp\/v2\/product_brand?post=2579"},{"taxonomy":"product_cat","embeddable":true,"href":"https:\/\/dolcejewellery.com\/fr\/wp-json\/wp\/v2\/product_cat?post=2579"},{"taxonomy":"product_tag","embeddable":true,"href":"https:\/\/dolcejewellery.com\/fr\/wp-json\/wp\/v2\/product_tag?post=2579"}],"curies":[{"name":"wp","href":"https:\/\/api.w.org\/{rel}","templated":true}]}}