{"id":2575,"date":"2025-02-01T11:14:06","date_gmt":"2025-02-01T11:14:06","guid":{"rendered":"https:\/\/dolcejewellery.com\/product\/bow-charm-bracelet\/"},"modified":"2025-11-19T17:56:24","modified_gmt":"2025-11-19T16:56:24","slug":"bow-charm-bracelet","status":"publish","type":"product","link":"https:\/\/dolcejewellery.com\/fr\/produit\/bow-charm-bracelet\/","title":{"rendered":"Bracelet \u00e0 breloques avec n\u0153ud"},"content":{"rendered":"<h1><strong>Description et d\u00e9tails<\/strong><\/h1>\n<p><strong>Dolce Jewellery, Bracelet \u00e0 breloques en forme de n\u0153ud.<\/strong><\/p>\n<p>Sublimez votre style avec l&#039;\u00e9l\u00e9gance intemporelle du bracelet \u00e0 breloques Bow. Fabriqu\u00e9 en argent sterling 925 v\u00e9ritable, ce bracelet respire le charme et la sophistication.<\/p>\n<p>Au centre du bracelet, un charm n\u0153ud captivant, orn\u00e9 de zircons scintillants, vole la vedette. Ses d\u00e9tails complexes et ses courbes gracieuses cr\u00e9ent un point de mire saisissant, ajoutant une touche de fantaisie \u00e0 votre poignet.<\/p>\n<p>La cha\u00eene \u00e0 maillons d\u00e9licats ajoute une touche de raffinement au design. Son design \u00e9l\u00e9gant et d\u00e9licat le rend parfait au quotidien et vous permet de rehausser votre tenue sans effort.<\/p>\n<p>Ce bracelet est con\u00e7u pour la femme moderne qui appr\u00e9cie les bijoux chics et polyvalents. Il s&#039;adapte parfaitement au jour comme \u00e0 la nuit, pour des occasions vari\u00e9es, des sorties d\u00e9contract\u00e9es aux \u00e9v\u00e9nements sp\u00e9ciaux. Associez-le \u00e0 vos tenues pr\u00e9f\u00e9r\u00e9es et laissez-le souligner votre style personnel gr\u00e2ce \u00e0 son charme discret.<\/p>\n<p>Laissez-vous s\u00e9duire par l&#039;\u00e9l\u00e9gance du bracelet \u00e0 breloques Bow de Dolce Jewellery. Que vous le portiez pour une journ\u00e9e d\u00e9contract\u00e9e ou une soir\u00e9e sp\u00e9ciale, ce bracelet deviendra assur\u00e9ment un bijou pr\u00e9cieux, refl\u00e9tant gr\u00e2ce et sophistication \u00e0 chaque fois.<\/p>\n<p><strong>Type de produit : <\/strong>Bracelets<\/p>\n<p><strong>Nom du produit :\u00a0<\/strong>Bracelet \u00e0 breloques avec n\u0153ud<\/p>\n<p><strong>Pierre: <\/strong>Zircon<\/p>\n<p><strong>Mat\u00e9riel: <\/strong>100% Argent sterling 925<\/p>\n<p><strong>Longueur: <\/strong>La longueur du bracelet est de 19,5 cm (7,7 pouces), la longueur de la cha\u00eene d&#039;extension est de 4 cm (1,6 pouces)<\/p>\n<p><strong>Article:\u00a0<\/strong>BKSL028<\/p>","protected":false},"excerpt":{"rendered":"<p>Description &amp; Details Dolce Jewellery,\u00a0Bow Charm Bracelet. Elevate your style with the timeless elegance of the Bow Charm Bracelet. Crafted from genuine 925 sterling silver, this bracelet exudes charm and sophistication. At the center of the bracelet, a captivating bow charm adorned with shimmering zircon stones steals the spotlight. The intricate detailing and graceful curves [&#8230;]\n","protected":false},"featured_media":6984,"comment_status":"open","ping_status":"closed","template":"","meta":[],"product_brand":[],"product_cat":[31,29],"product_tag":[],"class_list":{"0":"post-2575","1":"product","2":"type-product","3":"status-publish","4":"has-post-thumbnail","6":"product_cat-bracelets","7":"product_cat-shop-all","9":"first","10":"instock","11":"shipping-taxable","12":"purchasable","13":"product-type-variable"},"_links":{"self":[{"href":"https:\/\/dolcejewellery.com\/fr\/wp-json\/wp\/v2\/product\/2575","targetHints":{"allow":["GET"]}}],"collection":[{"href":"https:\/\/dolcejewellery.com\/fr\/wp-json\/wp\/v2\/product"}],"about":[{"href":"https:\/\/dolcejewellery.com\/fr\/wp-json\/wp\/v2\/types\/product"}],"replies":[{"embeddable":true,"href":"https:\/\/dolcejewellery.com\/fr\/wp-json\/wp\/v2\/comments?post=2575"}],"wp:featuredmedia":[{"embeddable":true,"href":"https:\/\/dolcejewellery.com\/fr\/wp-json\/wp\/v2\/media\/6984"}],"wp:attachment":[{"href":"https:\/\/dolcejewellery.com\/fr\/wp-json\/wp\/v2\/media?parent=2575"}],"wp:term":[{"taxonomy":"product_brand","embeddable":true,"href":"https:\/\/dolcejewellery.com\/fr\/wp-json\/wp\/v2\/product_brand?post=2575"},{"taxonomy":"product_cat","embeddable":true,"href":"https:\/\/dolcejewellery.com\/fr\/wp-json\/wp\/v2\/product_cat?post=2575"},{"taxonomy":"product_tag","embeddable":true,"href":"https:\/\/dolcejewellery.com\/fr\/wp-json\/wp\/v2\/product_tag?post=2575"}],"curies":[{"name":"wp","href":"https:\/\/api.w.org\/{rel}","templated":true}]}}