{"id":2565,"date":"2025-02-01T11:14:05","date_gmt":"2025-02-01T11:14:05","guid":{"rendered":"https:\/\/dolcejewellery.com\/product\/bees-elegance-bracelet\/"},"modified":"2025-11-20T08:28:46","modified_gmt":"2025-11-20T07:28:46","slug":"bees-elegance-bracelet","status":"publish","type":"product","link":"https:\/\/dolcejewellery.com\/fr\/produit\/bees-elegance-bracelet\/","title":{"rendered":"Bracelet \u00c9l\u00e9gance de l&#039;Abeille"},"content":{"rendered":"<h1><strong>Description et d\u00e9tails<\/strong><\/h1>\n<p><strong>Dolce Jewellery, Bracelet \u00c9l\u00e9gance de l&#039;Abeille.\u00a0<\/strong><\/p>\n<p>Entrez dans un univers d&#039;\u00e9l\u00e9gance intemporelle avec notre bracelet Bee&#039;s Elegance de Dolce Jewellery. Fabriqu\u00e9 en argent sterling 925 v\u00e9ritable, ce bracelet allie \u00e0 la perfection beaut\u00e9 naturelle et charme luxueux.<\/p>\n<p>Ce bracelet est orn\u00e9 de magnifiques perles baroques naturelles, r\u00e9put\u00e9es pour leurs formes uniques et irr\u00e9guli\u00e8res, qui apportent une touche d&#039;\u00e9l\u00e9gance naturelle au design. Chaque perle est soigneusement s\u00e9lectionn\u00e9e par Dolce Jewellery pour sublimer sa beaut\u00e9 naturelle, cr\u00e9ant ainsi une pi\u00e8ce unique. Entre les perles, de petites perles apportent une subtile touche de texture et de sophistication.<\/p>\n<p>Le bracelet est orn\u00e9 d&#039;une d\u00e9licate breloque abeille, orn\u00e9e de zircons scintillants, symbolisant la gr\u00e2ce, la diligence et les merveilles de la nature. Pour parfaire son allure, le bracelet est \u00e9galement dot\u00e9 d&#039;une boucle OT orn\u00e9e de zircons, apportant une touche d&#039;\u00e9clat et de fonctionnalit\u00e9 au design.<\/p>\n<p>Que vous assistiez \u00e0 un mariage, \u00e0 un \u00e9v\u00e9nement sp\u00e9cial ou que vous souhaitiez simplement sublimer votre style au quotidien, le bracelet Bee&#039;s Elegance de Dolce Jewellery est un choix exceptionnel. Il capture l&#039;essence m\u00eame de l&#039;\u00e9l\u00e9gance et ajoute une touche de sophistication \u00e0 n&#039;importe quelle tenue.<\/p>\n<p>Admirez la beaut\u00e9 de la nature et le charme des perles baroques naturelles avec le bracelet Bee&#039;s Elegance de Dolce Jewellery. Il symbolise votre go\u00fbt raffin\u00e9, votre amour pour l&#039;artisanat d&#039;art et votre attachement \u00e0 la nature.<\/p>\n<p>Laissez-vous s\u00e9duire par l&#039;\u00e9l\u00e9gance et la gr\u00e2ce du bracelet Bee&#039;s Elegance de Dolce Jewellery et ornez votre poignet de la beaut\u00e9 envo\u00fbtante des perles baroques naturelles, du charme envo\u00fbtant de l&#039;abeille et de l&#039;\u00e9clat du zircon. Faites-en une pi\u00e8ce unique qui sublimera votre style et suscitera l&#039;admiration de tous.<\/p>\n<p><strong>Type de produit : <\/strong>Bracelets<\/p>\n<p><strong>Nom du produit :\u00a0<\/strong>Bracelet \u00c9l\u00e9gance de l&#039;Abeille<\/p>\n<p><strong>Type de perle :\u00a0<\/strong>Perles baroques naturelles<\/p>\n<p><strong>Pierre: <\/strong>Zircon<\/p>\n<p><strong>Mat\u00e9riel: <\/strong>100% Argent sterling 925<\/p>\n<p><strong>Longueur:\u00a0<\/strong>19 cm (7,5 pouces)<\/p>\n<p><strong>Article:\u00a0<\/strong>BKSL147<\/p>\n<p><img loading=\"lazy\" decoding=\"async\" class=\"alignnone\" src=\"https:\/\/cdn.shopify.com\/s\/files\/1\/0559\/8819\/1417\/files\/8998cb57-cae5-4185-b15c-8379fd36bdb7_480x480.png?v=1690046982\" alt=\"\" width=\"480\" height=\"339\" \/><\/p>","protected":false},"excerpt":{"rendered":"<p>Description &amp; Details Dolce Jewellery, Bee&#8217;s Elegance Bracelet.\u00a0 Step into a world of timeless elegance with our Bee&#8217;s Elegance Bracelet by Dolce Jewellery. Crafted from genuine 925 sterling silver, this bracelet showcases the perfect blend of natural beauty and luxurious charm. The bracelet features exquisite natural baroque pearls, known for their unique and irregular shapes, [&#8230;]\n","protected":false},"featured_media":6997,"comment_status":"open","ping_status":"closed","template":"","meta":[],"product_brand":[],"product_cat":[31,29],"product_tag":[],"class_list":{"0":"post-2565","1":"product","2":"type-product","3":"status-publish","4":"has-post-thumbnail","6":"product_cat-bracelets","7":"product_cat-shop-all","9":"first","10":"instock","11":"shipping-taxable","12":"purchasable","13":"product-type-simple"},"_links":{"self":[{"href":"https:\/\/dolcejewellery.com\/fr\/wp-json\/wp\/v2\/product\/2565","targetHints":{"allow":["GET"]}}],"collection":[{"href":"https:\/\/dolcejewellery.com\/fr\/wp-json\/wp\/v2\/product"}],"about":[{"href":"https:\/\/dolcejewellery.com\/fr\/wp-json\/wp\/v2\/types\/product"}],"replies":[{"embeddable":true,"href":"https:\/\/dolcejewellery.com\/fr\/wp-json\/wp\/v2\/comments?post=2565"}],"wp:featuredmedia":[{"embeddable":true,"href":"https:\/\/dolcejewellery.com\/fr\/wp-json\/wp\/v2\/media\/6997"}],"wp:attachment":[{"href":"https:\/\/dolcejewellery.com\/fr\/wp-json\/wp\/v2\/media?parent=2565"}],"wp:term":[{"taxonomy":"product_brand","embeddable":true,"href":"https:\/\/dolcejewellery.com\/fr\/wp-json\/wp\/v2\/product_brand?post=2565"},{"taxonomy":"product_cat","embeddable":true,"href":"https:\/\/dolcejewellery.com\/fr\/wp-json\/wp\/v2\/product_cat?post=2565"},{"taxonomy":"product_tag","embeddable":true,"href":"https:\/\/dolcejewellery.com\/fr\/wp-json\/wp\/v2\/product_tag?post=2565"}],"curies":[{"name":"wp","href":"https:\/\/api.w.org\/{rel}","templated":true}]}}