{"id":2560,"date":"2025-02-01T11:14:05","date_gmt":"2025-02-01T11:14:05","guid":{"rendered":"https:\/\/dolcejewellery.com\/product\/beach-shell-and-baroque-pearls-bracelet\/"},"modified":"2025-11-20T08:23:35","modified_gmt":"2025-11-20T07:23:35","slug":"beach-shell-and-baroque-pearls-bracelet","status":"publish","type":"product","link":"https:\/\/dolcejewellery.com\/fr\/produit\/beach-shell-and-baroque-pearls-bracelet\/","title":{"rendered":"Bracelet coquillages de plage et perles baroques"},"content":{"rendered":"<h1><strong>Description et d\u00e9tails<\/strong><\/h1>\n<p><strong>Dolce Jewellery, Bracelet Coquillage de Plage et Perles Baroques.<\/strong><\/p>\n<p>Plongez dans un univers de charme marin avec notre bracelet coquillage et perles baroques. Confectionn\u00e9 en argent sterling 925 v\u00e9ritable, ce bracelet allie \u00e0 la perfection luxe et beaut\u00e9 naturelle. Son design raffin\u00e9 se compose d&#039;une cha\u00eene d\u00e9licate orn\u00e9e de perles baroques brillantes et d&#039;un charm coquillage scintillant orn\u00e9 de zircons.<\/p>\n<p>Les perles baroques, r\u00e9put\u00e9es pour leurs formes uniques et irr\u00e9guli\u00e8res, apportent une touche d&#039;\u00e9l\u00e9gance et une allure naturelle \u00e0 ce bracelet. Chaque perle est soigneusement s\u00e9lectionn\u00e9e pour sublimer sa beaut\u00e9 naturelle et cr\u00e9er une pi\u00e8ce unique. Le charm coquillage, orn\u00e9 de zircons scintillants, capture l&#039;essence de l&#039;oc\u00e9an et apporte une touche de fantaisie et de fantaisie au design.<\/p>\n<p>La cha\u00eene r\u00e9glable assure un ajustement confortable \u00e0 votre poignet. Que vous vous promeniez sur la plage, assistiez \u00e0 une f\u00eate estivale ou souhaitiez simplement ajouter une touche de charme c\u00f4tier \u00e0 votre look quotidien, ce bracelet est un accessoire indispensable.<\/p>\n<p>Admirez la beaut\u00e9 de la mer et l&#039;\u00e9l\u00e9gance des perles baroques avec le bracelet Beach Shell et Perles Baroques. Ce bijou original sublimera votre tenue en toute simplicit\u00e9, mettant en valeur votre style unique et votre amour pour l&#039;oc\u00e9an. Portez-le avec assurance et laissez-le symboliser votre lien avec la nature et votre amour pour l&#039;artisanat d&#039;art.<\/p>\n<p>Capturez l&#039;essence m\u00eame du charme c\u00f4tier avec le bracelet Beach Shell et Perles Baroques de Dolce Jewellery. Appr\u00e9ciez la beaut\u00e9 de la plage, l&#039;\u00e9clat des zircons et l&#039;\u00e9l\u00e9gance intemporelle des perles baroques. Laissez-vous transporter par ce bracelet dans un univers de soleil, de sable et de sophistication \u00e9l\u00e9gante.<\/p>\n<p><strong>Type de produit : <\/strong>Bracelets<\/p>\n<p><strong>Nom du produit :\u00a0<\/strong>Bracelet coquillages de plage et perles baroques<\/p>\n<p><strong>Type de perle :\u00a0<\/strong>Perles baroques<\/p>\n<p><strong>Pierre: <\/strong>Zircon<\/p>\n<p><strong>Mat\u00e9riel: <\/strong>100% Argent sterling 925<\/p>\n<p><strong>Longueur: <\/strong>La longueur du bracelet est de 32 cm (12,6 pouces), la longueur de la cha\u00eene d&#039;extension est de 16 cm (6,3 pouces)<\/p>\n<p><strong>Article:\u00a0<\/strong>BKSL119<\/p>\n<p><img loading=\"lazy\" decoding=\"async\" class=\"alignnone\" src=\"https:\/\/cdn.shopify.com\/s\/files\/1\/0559\/8819\/1417\/files\/a3dcf4ad-454f-4f2b-b049-b30a7de0c849_480x480.png?v=1689844589\" alt=\"\" width=\"480\" height=\"396\" \/><\/p>","protected":false},"excerpt":{"rendered":"<p>Description &amp; Details Dolce Jewellery,\u00a0Beach Shell and Baroque Pearls Bracelet. Step into a world of seaside charm with our Beach Shell and Baroque Pearls Bracelet. Crafted from genuine 925 sterling silver, this bracelet is a perfect fusion of luxury and natural beauty. The exquisite design features a delicate chain adorned with lustrous baroque pearls and [&#8230;]\n","protected":false},"featured_media":6989,"comment_status":"open","ping_status":"closed","template":"","meta":[],"product_brand":[],"product_cat":[31,29],"product_tag":[],"class_list":{"0":"post-2560","1":"product","2":"type-product","3":"status-publish","4":"has-post-thumbnail","6":"product_cat-bracelets","7":"product_cat-shop-all","9":"first","10":"instock","11":"shipping-taxable","12":"purchasable","13":"product-type-simple"},"_links":{"self":[{"href":"https:\/\/dolcejewellery.com\/fr\/wp-json\/wp\/v2\/product\/2560","targetHints":{"allow":["GET"]}}],"collection":[{"href":"https:\/\/dolcejewellery.com\/fr\/wp-json\/wp\/v2\/product"}],"about":[{"href":"https:\/\/dolcejewellery.com\/fr\/wp-json\/wp\/v2\/types\/product"}],"replies":[{"embeddable":true,"href":"https:\/\/dolcejewellery.com\/fr\/wp-json\/wp\/v2\/comments?post=2560"}],"wp:featuredmedia":[{"embeddable":true,"href":"https:\/\/dolcejewellery.com\/fr\/wp-json\/wp\/v2\/media\/6989"}],"wp:attachment":[{"href":"https:\/\/dolcejewellery.com\/fr\/wp-json\/wp\/v2\/media?parent=2560"}],"wp:term":[{"taxonomy":"product_brand","embeddable":true,"href":"https:\/\/dolcejewellery.com\/fr\/wp-json\/wp\/v2\/product_brand?post=2560"},{"taxonomy":"product_cat","embeddable":true,"href":"https:\/\/dolcejewellery.com\/fr\/wp-json\/wp\/v2\/product_cat?post=2560"},{"taxonomy":"product_tag","embeddable":true,"href":"https:\/\/dolcejewellery.com\/fr\/wp-json\/wp\/v2\/product_tag?post=2560"}],"curies":[{"name":"wp","href":"https:\/\/api.w.org\/{rel}","templated":true}]}}